{"id":32893,"date":"2024-07-30T09:52:58","date_gmt":"2024-07-30T09:52:58","guid":{"rendered":"https:\/\/chilimag.hu\/webshop\/?post_type=product&#038;p=32893"},"modified":"2026-01-21T09:26:22","modified_gmt":"2026-01-21T09:26:22","slug":"disztok-turkse-muts-bz-h","status":"publish","type":"product","link":"https:\/\/chilimag.hu\/webshop\/termek\/disztok-turkse-muts-bz-h\/","title":{"rendered":"D\u00edszt\u00f6k Turkse muts Bz H"},"content":{"rendered":"","protected":false},"excerpt":{"rendered":"<p><img fetchpriority=\"high\" decoding=\"async\" class=\"attachment-medium size-medium\" src=\"https:\/\/purchasingpowerplus.com\/wp-content\/uploads\/2021\/05\/Buzzy-Logo-300x239.jpg\" sizes=\"(max-width: 300px) 100vw, 300px\" srcset=\"https:\/\/purchasingpowerplus.com\/wp-content\/uploads\/2021\/05\/Buzzy-Logo-300x239.jpg 300w, https:\/\/purchasingpowerplus.com\/wp-content\/uploads\/2021\/05\/Buzzy-Logo-768x612.jpg 768w, https:\/\/purchasingpowerplus.com\/wp-content\/uploads\/2021\/05\/Buzzy-Logo-1024x816.jpg 1024w, https:\/\/purchasingpowerplus.com\/wp-content\/uploads\/2021\/05\/Buzzy-Logo.jpg 1500w\" alt=\"\" width=\"300\" height=\"239\" \/><\/p>\n<p>Botanikai n\u00e9v:\u00a0<span id=\"column_2_uc_product_details_ctl04_lbl_ff_desc2\" class=\"value\">Cucurbita maxima<\/span><\/p>\n<p>D\u00edszt\u00f6k &#8211; t\u00f6r\u00f6k \u200b\u200bsapka<br \/>\nVesse \u00fcveg al\u00e1 m\u00e1rcius k\u00f6zep\u00e9n-\u00e1prilisban vagy k\u00f6zvetlen\u00fcl a szabadf\u00f6ldbe, a mag\u00e1gyba \u00e1prilis k\u00f6zep\u00e9n-m\u00e1jusban. 5\/6 h\u00e9t ut\u00e1n \u00fcltesse ki. Hagyja lassan megsz\u00e1radni a d\u00edszgy\u00fcm\u00f6lcs\u00f6ket. Nagyon alkalmas dekor\u00e1ci\u00f3nak \u00e9s gyakran haszn\u00e1lj\u00e1k vir\u00e1gk\u00f6t\u00e9szetben.<\/p>\n<p>A csomag kb 2 gr magot tartalmaz<\/p>\n","protected":false},"featured_media":32894,"comment_status":"closed","ping_status":"closed","template":"","meta":[],"product_brand":[],"product_cat":[439],"product_tag":[],"class_list":{"0":"post-32893","1":"product","2":"type-product","3":"status-publish","4":"has-post-thumbnail","6":"product_cat-buzzy","8":"first","9":"instock","10":"taxable","11":"shipping-taxable","12":"purchasable","13":"product-type-simple"},"_links":{"self":[{"href":"https:\/\/chilimag.hu\/webshop\/wp-json\/wp\/v2\/product\/32893","targetHints":{"allow":["GET"]}}],"collection":[{"href":"https:\/\/chilimag.hu\/webshop\/wp-json\/wp\/v2\/product"}],"about":[{"href":"https:\/\/chilimag.hu\/webshop\/wp-json\/wp\/v2\/types\/product"}],"replies":[{"embeddable":true,"href":"https:\/\/chilimag.hu\/webshop\/wp-json\/wp\/v2\/comments?post=32893"}],"wp:featuredmedia":[{"embeddable":true,"href":"https:\/\/chilimag.hu\/webshop\/wp-json\/wp\/v2\/media\/32894"}],"wp:attachment":[{"href":"https:\/\/chilimag.hu\/webshop\/wp-json\/wp\/v2\/media?parent=32893"}],"wp:term":[{"taxonomy":"product_brand","embeddable":true,"href":"https:\/\/chilimag.hu\/webshop\/wp-json\/wp\/v2\/product_brand?post=32893"},{"taxonomy":"product_cat","embeddable":true,"href":"https:\/\/chilimag.hu\/webshop\/wp-json\/wp\/v2\/product_cat?post=32893"},{"taxonomy":"product_tag","embeddable":true,"href":"https:\/\/chilimag.hu\/webshop\/wp-json\/wp\/v2\/product_tag?post=32893"}],"curies":[{"name":"wp","href":"https:\/\/api.w.org\/{rel}","templated":true}]}}