{"id":32884,"date":"2024-07-30T08:53:38","date_gmt":"2024-07-30T08:53:38","guid":{"rendered":"https:\/\/chilimag.hu\/webshop\/?post_type=product&#038;p=32884"},"modified":"2025-06-17T15:29:23","modified_gmt":"2025-06-17T15:29:23","slug":"sutotok-asterix-bz-h","status":"publish","type":"product","link":"https:\/\/chilimag.hu\/webshop\/termek\/sutotok-asterix-bz-h\/","title":{"rendered":"S\u00fct\u0151t\u00f6k Asterix Bz H"},"content":{"rendered":"","protected":false},"excerpt":{"rendered":"<p><img fetchpriority=\"high\" decoding=\"async\" class=\"attachment-medium size-medium\" src=\"https:\/\/purchasingpowerplus.com\/wp-content\/uploads\/2021\/05\/Buzzy-Logo-300x239.jpg\" sizes=\"(max-width: 300px) 100vw, 300px\" srcset=\"https:\/\/purchasingpowerplus.com\/wp-content\/uploads\/2021\/05\/Buzzy-Logo-300x239.jpg 300w, https:\/\/purchasingpowerplus.com\/wp-content\/uploads\/2021\/05\/Buzzy-Logo-768x612.jpg 768w, https:\/\/purchasingpowerplus.com\/wp-content\/uploads\/2021\/05\/Buzzy-Logo-1024x816.jpg 1024w, https:\/\/purchasingpowerplus.com\/wp-content\/uploads\/2021\/05\/Buzzy-Logo.jpg 1500w\" alt=\"\" width=\"300\" height=\"239\" \/><\/p>\n<p>Botanikai n\u00e9v:\u00a0<span id=\"column_2_uc_product_details_ctl04_lbl_ff_desc2\" class=\"value\">Cucurbita moschata<\/span><\/p>\n<p>S\u00fct\u0151t\u00f6k &#8211; Asterix<br \/>\n\u00c1prilis k\u00f6zep\u00e9n-m\u00e1jusban vess\u00fck \u00fcveg al\u00e1, sz\u00farjuk ki \u00e9s \u00fcltess\u00fck ki a szabadba m\u00e1jus k\u00f6zep\u00e9n. Vagy vesd el k\u00f6zvetlen\u00fcl a ny\u00edlt talajba m\u00e1jus k\u00f6zep\u00e9n, \u00e9s \u00fcltesd ki j\u00faniusban. Term\u00e9keny s\u00fct\u0151t\u00f6k felt\u0171n\u0151 &#8222;leop\u00e1rdmint\u00e1val&#8221;. A narancsh\u00fas l\u00e9d\u00fas \u00e9s j\u00f3 \u00edz\u0171. A s\u00fct\u0151t\u00f6k a betakar\u00edt\u00e1s ut\u00e1n is sok\u00e1ig eltarthat\u00f3.<\/p>\n<p>A csomag 1 gr magot tartalmaz<\/p>\n","protected":false},"featured_media":32885,"comment_status":"closed","ping_status":"closed","template":"","meta":[],"product_brand":[],"product_cat":[439],"product_tag":[],"class_list":{"0":"post-32884","1":"product","2":"type-product","3":"status-publish","4":"has-post-thumbnail","6":"product_cat-buzzy","8":"first","9":"outofstock","10":"taxable","11":"shipping-taxable","12":"purchasable","13":"product-type-simple"},"_links":{"self":[{"href":"https:\/\/chilimag.hu\/webshop\/wp-json\/wp\/v2\/product\/32884","targetHints":{"allow":["GET"]}}],"collection":[{"href":"https:\/\/chilimag.hu\/webshop\/wp-json\/wp\/v2\/product"}],"about":[{"href":"https:\/\/chilimag.hu\/webshop\/wp-json\/wp\/v2\/types\/product"}],"replies":[{"embeddable":true,"href":"https:\/\/chilimag.hu\/webshop\/wp-json\/wp\/v2\/comments?post=32884"}],"wp:featuredmedia":[{"embeddable":true,"href":"https:\/\/chilimag.hu\/webshop\/wp-json\/wp\/v2\/media\/32885"}],"wp:attachment":[{"href":"https:\/\/chilimag.hu\/webshop\/wp-json\/wp\/v2\/media?parent=32884"}],"wp:term":[{"taxonomy":"product_brand","embeddable":true,"href":"https:\/\/chilimag.hu\/webshop\/wp-json\/wp\/v2\/product_brand?post=32884"},{"taxonomy":"product_cat","embeddable":true,"href":"https:\/\/chilimag.hu\/webshop\/wp-json\/wp\/v2\/product_cat?post=32884"},{"taxonomy":"product_tag","embeddable":true,"href":"https:\/\/chilimag.hu\/webshop\/wp-json\/wp\/v2\/product_tag?post=32884"}],"curies":[{"name":"wp","href":"https:\/\/api.w.org\/{rel}","templated":true}]}}