{"id":32876,"date":"2024-07-29T19:29:16","date_gmt":"2024-07-29T19:29:16","guid":{"rendered":"https:\/\/chilimag.hu\/webshop\/?post_type=product&#038;p=32876"},"modified":"2025-06-17T15:27:43","modified_gmt":"2025-06-17T15:27:43","slug":"sargadinnye-oranje-ananas-bz-h","status":"publish","type":"product","link":"https:\/\/chilimag.hu\/webshop\/termek\/sargadinnye-oranje-ananas-bz-h\/","title":{"rendered":"S\u00e1rgadinnye Oranje Ananas Bz H"},"content":{"rendered":"","protected":false},"excerpt":{"rendered":"<p><img fetchpriority=\"high\" decoding=\"async\" class=\"attachment-medium size-medium\" src=\"https:\/\/purchasingpowerplus.com\/wp-content\/uploads\/2021\/05\/Buzzy-Logo-300x239.jpg\" sizes=\"(max-width: 300px) 100vw, 300px\" srcset=\"https:\/\/purchasingpowerplus.com\/wp-content\/uploads\/2021\/05\/Buzzy-Logo-300x239.jpg 300w, https:\/\/purchasingpowerplus.com\/wp-content\/uploads\/2021\/05\/Buzzy-Logo-768x612.jpg 768w, https:\/\/purchasingpowerplus.com\/wp-content\/uploads\/2021\/05\/Buzzy-Logo-1024x816.jpg 1024w, https:\/\/purchasingpowerplus.com\/wp-content\/uploads\/2021\/05\/Buzzy-Logo.jpg 1500w\" alt=\"\" width=\"300\" height=\"239\" \/><\/p>\n<p>S\u00e1rgadinnye &#8211; \u00c9des anan\u00e1sz<br \/>\nTavasz k\u00f6zep\u00e9n v\u00e9dett mag\u00e1gyban 20\u00b0C-on vagy k\u00e9s\u0151bb szabadban, biztos\u00edtson rendszeres \u00f6nt\u00f6rz\u00e9st.<br \/>\nRendszeresen cs\u00edpje ki a kacsokat, hogy serkentse a gy\u00fcm\u00f6lcsk\u00e9pz\u0151d\u00e9st.<\/p>\n<p>A csomag 1 gr magot tartalmaz<\/p>\n","protected":false},"featured_media":32877,"comment_status":"closed","ping_status":"closed","template":"","meta":[],"product_brand":[],"product_cat":[439],"product_tag":[],"class_list":{"0":"post-32876","1":"product","2":"type-product","3":"status-publish","4":"has-post-thumbnail","6":"product_cat-buzzy","8":"first","9":"instock","10":"taxable","11":"shipping-taxable","12":"purchasable","13":"product-type-simple"},"_links":{"self":[{"href":"https:\/\/chilimag.hu\/webshop\/wp-json\/wp\/v2\/product\/32876","targetHints":{"allow":["GET"]}}],"collection":[{"href":"https:\/\/chilimag.hu\/webshop\/wp-json\/wp\/v2\/product"}],"about":[{"href":"https:\/\/chilimag.hu\/webshop\/wp-json\/wp\/v2\/types\/product"}],"replies":[{"embeddable":true,"href":"https:\/\/chilimag.hu\/webshop\/wp-json\/wp\/v2\/comments?post=32876"}],"wp:featuredmedia":[{"embeddable":true,"href":"https:\/\/chilimag.hu\/webshop\/wp-json\/wp\/v2\/media\/32877"}],"wp:attachment":[{"href":"https:\/\/chilimag.hu\/webshop\/wp-json\/wp\/v2\/media?parent=32876"}],"wp:term":[{"taxonomy":"product_brand","embeddable":true,"href":"https:\/\/chilimag.hu\/webshop\/wp-json\/wp\/v2\/product_brand?post=32876"},{"taxonomy":"product_cat","embeddable":true,"href":"https:\/\/chilimag.hu\/webshop\/wp-json\/wp\/v2\/product_cat?post=32876"},{"taxonomy":"product_tag","embeddable":true,"href":"https:\/\/chilimag.hu\/webshop\/wp-json\/wp\/v2\/product_tag?post=32876"}],"curies":[{"name":"wp","href":"https:\/\/api.w.org\/{rel}","templated":true}]}}