{"id":32870,"date":"2024-07-29T18:41:34","date_gmt":"2024-07-29T18:41:34","guid":{"rendered":"https:\/\/chilimag.hu\/webshop\/?post_type=product&#038;p=32870"},"modified":"2026-02-17T06:44:29","modified_gmt":"2026-02-17T06:44:29","slug":"perui-foldi-cseresznye-bz-h","status":"publish","type":"product","link":"https:\/\/chilimag.hu\/webshop\/termek\/perui-foldi-cseresznye-bz-h\/","title":{"rendered":"Perui f\u00f6ldi-cseresznye  Bz H"},"content":{"rendered":"","protected":false},"excerpt":{"rendered":"<p><img fetchpriority=\"high\" decoding=\"async\" class=\"attachment-medium size-medium\" src=\"https:\/\/purchasingpowerplus.com\/wp-content\/uploads\/2021\/05\/Buzzy-Logo-300x239.jpg\" sizes=\"(max-width: 300px) 100vw, 300px\" srcset=\"https:\/\/purchasingpowerplus.com\/wp-content\/uploads\/2021\/05\/Buzzy-Logo-300x239.jpg 300w, https:\/\/purchasingpowerplus.com\/wp-content\/uploads\/2021\/05\/Buzzy-Logo-768x612.jpg 768w, https:\/\/purchasingpowerplus.com\/wp-content\/uploads\/2021\/05\/Buzzy-Logo-1024x816.jpg 1024w, https:\/\/purchasingpowerplus.com\/wp-content\/uploads\/2021\/05\/Buzzy-Logo.jpg 1500w\" alt=\"\" width=\"300\" height=\"239\" \/><\/p>\n<p>Perui f\u00f6ldi- cseresznye<br \/>\nFebru\u00e1rt\u00f3l m\u00e1jusig szapor\u00edt\u00f3ban. Pal\u00e1nt\u00e1zzuk majd \u00a0k\u00e9s\u0151bb \u00fcltess\u00fck ki. Korai<br \/>\nterm\u0151. A gy\u00fcm\u00f6lcs\u00f6ket v\u00e9kony h\u00e1rtya lev\u00e9l bor\u00edtja.<br \/>\nHa a h\u00e9ja h\u00e9ja \u00e9s teljesen sz\u00e1raz, akkor \u00e9ret a gy\u00fcm\u00f6lcs amint \u00e9rint\u00e9sre leesik a f\u00f6ldre.<\/p>\n<p>A csomag 0,1 gr magot tartalmaz<\/p>\n","protected":false},"featured_media":32871,"comment_status":"closed","ping_status":"closed","template":"","meta":[],"product_brand":[],"product_cat":[439],"product_tag":[],"class_list":{"0":"post-32870","1":"product","2":"type-product","3":"status-publish","4":"has-post-thumbnail","6":"product_cat-buzzy","8":"first","9":"instock","10":"taxable","11":"shipping-taxable","12":"purchasable","13":"product-type-simple"},"_links":{"self":[{"href":"https:\/\/chilimag.hu\/webshop\/wp-json\/wp\/v2\/product\/32870","targetHints":{"allow":["GET"]}}],"collection":[{"href":"https:\/\/chilimag.hu\/webshop\/wp-json\/wp\/v2\/product"}],"about":[{"href":"https:\/\/chilimag.hu\/webshop\/wp-json\/wp\/v2\/types\/product"}],"replies":[{"embeddable":true,"href":"https:\/\/chilimag.hu\/webshop\/wp-json\/wp\/v2\/comments?post=32870"}],"wp:featuredmedia":[{"embeddable":true,"href":"https:\/\/chilimag.hu\/webshop\/wp-json\/wp\/v2\/media\/32871"}],"wp:attachment":[{"href":"https:\/\/chilimag.hu\/webshop\/wp-json\/wp\/v2\/media?parent=32870"}],"wp:term":[{"taxonomy":"product_brand","embeddable":true,"href":"https:\/\/chilimag.hu\/webshop\/wp-json\/wp\/v2\/product_brand?post=32870"},{"taxonomy":"product_cat","embeddable":true,"href":"https:\/\/chilimag.hu\/webshop\/wp-json\/wp\/v2\/product_cat?post=32870"},{"taxonomy":"product_tag","embeddable":true,"href":"https:\/\/chilimag.hu\/webshop\/wp-json\/wp\/v2\/product_tag?post=32870"}],"curies":[{"name":"wp","href":"https:\/\/api.w.org\/{rel}","templated":true}]}}