{"id":32855,"date":"2024-07-27T09:09:34","date_gmt":"2024-07-27T09:09:34","guid":{"rendered":"https:\/\/chilimag.hu\/webshop\/?post_type=product&#038;p=32855"},"modified":"2025-08-11T08:19:22","modified_gmt":"2025-08-11T08:19:22","slug":"ecuadorian-brown","status":"publish","type":"product","link":"https:\/\/chilimag.hu\/webshop\/termek\/ecuadorian-brown\/","title":{"rendered":"Ecuadorian Brown"},"content":{"rendered":"","protected":false},"excerpt":{"rendered":"<p><img decoding=\"async\" src=\"https:\/\/chilimag.hu\/webshop\/wp-content\/uploads\/2014\/11\/chilimag-logo-2-150x150.jpg\" \/><\/p>\n<p>Le\u00edr\u00e1s<\/p>\n<p>Az ecuadori barna chili egy gy\u00f6ny\u00f6r\u0171 fajta, rendk\u00edv\u00fcl f\u0171szeres gy\u00fcm\u00f6lcs\u00f6kkel, amelyb\u0151l fantasztikus, f\u0171szeres por k\u00e9sz\u00edthet\u0151. A hossz\u00fa paprika z\u00f6ldt\u0151l s\u00f6t\u00e9tv\u00f6r\u00f6sbarn\u00e1ig \u00e9rik. A n\u00f6v\u00e9nyek (kb. 1 m\u00e9ter magasak) viszonylag j\u00f3l \u00e9rzik magukat a h\u0171v\u00f6sebb eur\u00f3pai \u00e9ghajlaton. A chili alkalmas cs\u00edp\u0151s sz\u00f3szok k\u00e9sz\u00edt\u00e9s\u00e9re, valamint sz\u00e1r\u00edt\u00e1sra \u00e9s \u00edzes, f\u0171szeres chilipor k\u00e9sz\u00edt\u00e9s\u00e9re.<\/p>\n<p>\u00c1pol\u00e1s: A cs\u00edr\u00e1z\u00e1si h\u0151m\u00e9rs\u00e9klet 22 \u00e9s 28\u00b0C k\u00f6z\u00f6tt van (8-21 napos cs\u00edr\u00e1z\u00e1si id\u0151szak), ez\u00e9rt \u00fcvegh\u00e1z \u00e9s f\u0171t\u0151sz\u0151nyeg haszn\u00e1lata javasolt. A n\u00f6v\u00e9nyeknek friss, j\u00f3l tr\u00e1gy\u00e1zott, v\u00edz\u00e1tereszt\u0151 talajra van sz\u00fcks\u00e9g\u00fck, nem t\u0171rik a bevizesed\u00e9st. Napos, v\u00e9dett helyre \u00fcltess\u00fck, ahol legal\u00e1bb 6 \u00f3ra \u2013 lehet\u0151leg t\u00f6bb \u2013 napf\u00e9ny \u00e9ri. Tedd ki a n\u00f6v\u00e9nyeket kb. 2-3 h\u00e9ttel az utols\u00f3 fagy ut\u00e1n.<\/p>\n<p>T\u00edpus: Capsicum chinense<br \/>\nF\u0171szeress\u00e9gi szint 9<br \/>\nScoville 50 000 &#8211; 100 000 SHU<br \/>\noptim\u00e1lis cs\u00edr\u00e1z\u00e1si h\u0151m\u00e9rs\u00e9klet 22 &#8211; 28 \u00b0C<br \/>\nVet\u00e9s jan. &#8211; \u00e1pr.<br \/>\nVir\u00e1gok feh\u00e9rek (m\u00e1jus-j\u00falius)<br \/>\nN\u00f6v\u00e9nyn\u00f6veked\u00e9si szok\u00e1s bokros, kb. 100 cm magas<br \/>\n\u00c9r\u00e9s z\u00f6ldt\u0151l barn\u00e1ig<br \/>\nGy\u00fcm\u00f6lcs megjelen\u00e9se hossz\u00fa, kb. 3 x 14 cm<br \/>\n\u00c9r\u00e9si id\u0151 90 nap<br \/>\nSz\u00e1rmaz\u00e1si hely: Ecuador<\/p>\n<p>A csomag 10 szem magot tartalmaz<\/p>\n<p>&nbsp;<\/p>\n<p>&nbsp;<\/p>\n","protected":false},"featured_media":32856,"comment_status":"closed","ping_status":"closed","template":"","meta":[],"product_brand":[],"product_cat":[8],"product_tag":[],"class_list":{"0":"post-32855","1":"product","2":"type-product","3":"status-publish","4":"has-post-thumbnail","6":"product_cat-paprika","8":"first","9":"instock","10":"taxable","11":"shipping-taxable","12":"purchasable","13":"product-type-simple"},"_links":{"self":[{"href":"https:\/\/chilimag.hu\/webshop\/wp-json\/wp\/v2\/product\/32855","targetHints":{"allow":["GET"]}}],"collection":[{"href":"https:\/\/chilimag.hu\/webshop\/wp-json\/wp\/v2\/product"}],"about":[{"href":"https:\/\/chilimag.hu\/webshop\/wp-json\/wp\/v2\/types\/product"}],"replies":[{"embeddable":true,"href":"https:\/\/chilimag.hu\/webshop\/wp-json\/wp\/v2\/comments?post=32855"}],"wp:featuredmedia":[{"embeddable":true,"href":"https:\/\/chilimag.hu\/webshop\/wp-json\/wp\/v2\/media\/32856"}],"wp:attachment":[{"href":"https:\/\/chilimag.hu\/webshop\/wp-json\/wp\/v2\/media?parent=32855"}],"wp:term":[{"taxonomy":"product_brand","embeddable":true,"href":"https:\/\/chilimag.hu\/webshop\/wp-json\/wp\/v2\/product_brand?post=32855"},{"taxonomy":"product_cat","embeddable":true,"href":"https:\/\/chilimag.hu\/webshop\/wp-json\/wp\/v2\/product_cat?post=32855"},{"taxonomy":"product_tag","embeddable":true,"href":"https:\/\/chilimag.hu\/webshop\/wp-json\/wp\/v2\/product_tag?post=32855"}],"curies":[{"name":"wp","href":"https:\/\/api.w.org\/{rel}","templated":true}]}}