{"id":32839,"date":"2024-07-26T18:26:29","date_gmt":"2024-07-26T18:26:29","guid":{"rendered":"https:\/\/chilimag.hu\/webshop\/?post_type=product&#038;p=32839"},"modified":"2025-08-11T07:41:25","modified_gmt":"2025-08-11T07:41:25","slug":"aribibi-gusano","status":"publish","type":"product","link":"https:\/\/chilimag.hu\/webshop\/termek\/aribibi-gusano\/","title":{"rendered":"Aribibi Gusano"},"content":{"rendered":"","protected":false},"excerpt":{"rendered":"<p><img decoding=\"async\" src=\"https:\/\/chilimag.hu\/webshop\/wp-content\/uploads\/2014\/11\/chilimag-logo-2-150x150.jpg\" \/><\/p>\n<p>Le\u00edr\u00e1s<\/p>\n<p>Botanikai n\u00e9v: Capsicum Chinense<\/p>\n<p>Scoville: 50.000-100.000-<\/p>\n<p>Az Aribibi Gusano Chili egy k\u00fcl\u00f6nleges fajta Bol\u00edvi\u00e1b\u00f3l. A &#8222;Gusano&#8221; f\u00e9rget jelent, \u00e9s a n\u00f6v\u00e9nyek val\u00f3j\u00e1ban \u00fagy n\u00e9znek ki, mint a rajtuk l\u00f3g\u00f3 kis feh\u00e9r f\u00e9rgek sz\u00e1zai. A kr\u00e9mfeh\u00e9r, kukacszer\u0171 gy\u00fcm\u00f6lcs\u00f6kben pedig minden megtal\u00e1lhat\u00f3 &#8211; legal\u00e1bb 9-es cs\u00edp\u0151s\u00e9ggel \u00e9s intenz\u00edv, gy\u00fcm\u00f6lcs\u00f6s Capsicum chinense \u00edzzel. Mivel az &#8222;Aribibi&#8221; kifejez\u00e9s a sikoltoz\u00f3, tombol\u00f3 emberekre is utal, ez a kis h\u00fcvelyek hat\u00e1s\u00e1ra utal. A chili alkalmas \u00e9telek \u00edzes\u00edt\u00e9s\u00e9re, sz\u00e1r\u00edt\u00e1s\u00e1ra \u00e9s p\u00e1col\u00e1sra.<\/p>\n<p>Gondoz\u00e1s: A cs\u00edr\u00e1z\u00e1si h\u0151m\u00e9rs\u00e9klet 22\u00b0C \u00e9s 28\u00b0C k\u00f6z\u00f6tt van (cs\u00edr\u00e1z\u00e1si id\u0151: 8-21 nap); ez\u00e9rt \u00fcvegh\u00e1z \u00e9s f\u0171t\u0151sz\u0151nyeg haszn\u00e1lata javasolt. A n\u00f6v\u00e9nyeknek friss, j\u00f3l tr\u00e1gy\u00e1zott, v\u00edz\u00e1tereszt\u0151 talajra van sz\u00fcks\u00e9g\u00fck, nem t\u0171rik a bevizesed\u00e9st. Napos, v\u00e9dett helyre \u00fcltess\u00fck, ahol legal\u00e1bb 6 \u00f3ra \u2013 lehet\u0151leg t\u00f6bb \u2013 napf\u00e9ny \u00e9ri. Tedd ki a n\u00f6v\u00e9nyeket kb. 2-3 h\u00e9ttel az utols\u00f3 fagy ut\u00e1n. Mivel a n\u00f6v\u00e9nyeknek k\u00fcl\u00f6n\u00f6sen hossz\u00fa az \u00e9r\u00e9si ideje, \u00e9rdemes cser\u00e9pben termeszteni \u0151ket, \u00edgy a napk\u00f6zbeni h\u0151m\u00e9rs\u00e9klet 12\u00b0C al\u00e1 s\u00fcllyed\u00e9sekor k\u00f6nnyen be lehet vinni a n\u00f6v\u00e9nyt, \u00edgy minden gy\u00fcm\u00f6lcs be\u00e9rik. Ahhoz, hogy a n\u00f6v\u00e9nyt t\u00e9len is meg\u0151rizze, betakar\u00edt\u00e1s ut\u00e1n v\u00e1gja vissza 20 cm-rel, \u00e9s tegye vil\u00e1gos helyre, ahol legal\u00e1bb 15\u00b0C h\u0151m\u00e9rs\u00e9klet\u0171.T\u00edpus: Capsicum chinense<br \/>\nF\u0171szerszint 9<br \/>\nScoville 50 000 &#8211; 100 000 SHU<br \/>\nOptim\u00e1lis cs\u00edr\u00e1z\u00e1si h\u0151m\u00e9rs\u00e9klet 22 &#8211; 28 \u00b0C<br \/>\nVet\u00e9s jan-\u00e1pr<br \/>\nVir\u00e1gok feh\u00e9r (m\u00e1jus-j\u00fanius)<br \/>\nN\u00f6veked\u00e9si szok\u00e1sa bokros, 60-80 cm magas<br \/>\n\u00c9rlel\u00e9s z\u00f6ldt\u0151l kr\u00e9mfeh\u00e9rig<br \/>\nGy\u00fcm\u00f6lcs megjelen\u00e9se hossz\u00fak\u00e1s, kukac alak\u00fa, 5 cm<br \/>\n\u00c9r\u00e9si id\u0151 kb. 90 nap<br \/>\nSz\u00e1rmaz\u00e1si hely Bol\u00edvia<\/p>\n<p>A csomag 10 szem magot tartalmaz<\/p>\n","protected":false},"featured_media":32841,"comment_status":"closed","ping_status":"closed","template":"","meta":[],"product_brand":[],"product_cat":[8],"product_tag":[],"class_list":{"0":"post-32839","1":"product","2":"type-product","3":"status-publish","4":"has-post-thumbnail","6":"product_cat-paprika","8":"first","9":"instock","10":"taxable","11":"shipping-taxable","12":"purchasable","13":"product-type-simple"},"_links":{"self":[{"href":"https:\/\/chilimag.hu\/webshop\/wp-json\/wp\/v2\/product\/32839","targetHints":{"allow":["GET"]}}],"collection":[{"href":"https:\/\/chilimag.hu\/webshop\/wp-json\/wp\/v2\/product"}],"about":[{"href":"https:\/\/chilimag.hu\/webshop\/wp-json\/wp\/v2\/types\/product"}],"replies":[{"embeddable":true,"href":"https:\/\/chilimag.hu\/webshop\/wp-json\/wp\/v2\/comments?post=32839"}],"wp:featuredmedia":[{"embeddable":true,"href":"https:\/\/chilimag.hu\/webshop\/wp-json\/wp\/v2\/media\/32841"}],"wp:attachment":[{"href":"https:\/\/chilimag.hu\/webshop\/wp-json\/wp\/v2\/media?parent=32839"}],"wp:term":[{"taxonomy":"product_brand","embeddable":true,"href":"https:\/\/chilimag.hu\/webshop\/wp-json\/wp\/v2\/product_brand?post=32839"},{"taxonomy":"product_cat","embeddable":true,"href":"https:\/\/chilimag.hu\/webshop\/wp-json\/wp\/v2\/product_cat?post=32839"},{"taxonomy":"product_tag","embeddable":true,"href":"https:\/\/chilimag.hu\/webshop\/wp-json\/wp\/v2\/product_tag?post=32839"}],"curies":[{"name":"wp","href":"https:\/\/api.w.org\/{rel}","templated":true}]}}