{"id":32835,"date":"2024-07-26T18:09:18","date_gmt":"2024-07-26T18:09:18","guid":{"rendered":"https:\/\/chilimag.hu\/webshop\/?post_type=product&#038;p=32835"},"modified":"2025-08-11T07:33:33","modified_gmt":"2025-08-11T07:33:33","slug":"aji-huanuco","status":"publish","type":"product","link":"https:\/\/chilimag.hu\/webshop\/termek\/aji-huanuco\/","title":{"rendered":"Aji Huanuco"},"content":{"rendered":"","protected":false},"excerpt":{"rendered":"<p><img decoding=\"async\" src=\"https:\/\/chilimag.hu\/webshop\/wp-content\/uploads\/2014\/11\/chilimag-logo-2-150x150.jpg\" \/><\/p>\n<p>Le\u00edr\u00e1s<\/p>\n<p>Botanikai n\u00e9v: Capsicum Baccatum<\/p>\n<p>Scoville:2.500-5.000-<\/p>\n<p>Az Aji Huanuco Chili egy k\u00f6zepesen cs\u00edp\u0151s Baccatum fajta Perub\u00f3l. A v\u00f6r\u00f6s, hossz\u00fak\u00e1s, k\u00f6zepesen cs\u00edp\u0151s chili k\u00f6z\u00fcl sok a nagy, tereb\u00e9lyes \u00e9s er\u0151sen el\u00e1gaz\u00f3 n\u00f6v\u00e9nyeken n\u0151. A fajta j\u00f3l b\u00edrja a kiss\u00e9 h\u0171v\u00f6sebb h\u0151m\u00e9rs\u00e9kletet is, \u00e9s ak\u00e1r szabadban is termeszthet\u0151. A h\u00fcvely v\u00e9kony fal\u00fa, \u00e9s j\u00f3l sz\u00e1r\u00edthat\u00f3, \u00edgy arom\u00e1s chilipor keletkezik, amely m\u00e9g hosszabb t\u00e1rol\u00e1s ut\u00e1n sem vesz\u00edti el gy\u00fcm\u00f6lcs\u00f6s \u00edz\u00e9t.<\/p>\n<p>Az Aji Huanuco Chili egy k\u00f6zepesen cs\u00edp\u0151s Baccatum fajta Perub\u00f3l. A v\u00f6r\u00f6s, hossz\u00fak\u00e1s, k\u00f6zepesen cs\u00edp\u0151s chili k\u00f6z\u00fcl sok a nagy, tereb\u00e9lyes \u00e9s er\u0151sen el\u00e1gaz\u00f3 n\u00f6v\u00e9nyeken n\u0151. A fajta j\u00f3l b\u00edrja a kiss\u00e9 h\u0171v\u00f6sebb h\u0151m\u00e9rs\u00e9kletet is, \u00e9s ak\u00e1r szabadban is termeszthet\u0151. A h\u00fcvely v\u00e9kony fal\u00fa, \u00e9s j\u00f3l sz\u00e1r\u00edthat\u00f3, \u00edgy arom\u00e1s chilipor keletkezik, amely m\u00e9g hosszabb t\u00e1rol\u00e1s ut\u00e1n sem vesz\u00edti el gy\u00fcm\u00f6lcs\u00f6s \u00edz\u00e9t. J\u00f3 v\u00e1laszt\u00e9k kezd\u0151knek!<\/p>\n<p>Gondoz\u00e1s: A cs\u00edr\u00e1z\u00e1si h\u0151m\u00e9rs\u00e9klet 22 \u00e9s 28\u00b0C k\u00f6z\u00f6tt van (8-21 napos cs\u00edr\u00e1z\u00e1si id\u0151szak), ez\u00e9rt \u00fcvegh\u00e1z \u00e9s f\u0171t\u0151sz\u0151nyeg haszn\u00e1lata javasolt. A n\u00f6v\u00e9nyeknek friss, j\u00f3l tr\u00e1gy\u00e1zott, v\u00edz\u00e1tereszt\u0151 talajra van sz\u00fcks\u00e9g\u00fck, nem t\u0171rik a bevizesed\u00e9st. Napos, v\u00e9dett helyre \u00fcltess\u00fck, ahol legal\u00e1bb 6 \u00f3ra \u2013 lehet\u0151leg t\u00f6bb \u2013 napf\u00e9ny \u00e9ri. Tedd ki a n\u00f6v\u00e9nyeket kb. 2-3 h\u00e9ttel az utols\u00f3 fagy ut\u00e1n.Scoville 2.500 &#8211; 5.000 SHU<br \/>\noptim\u00e1lis cs\u00edr\u00e1z\u00e1si h\u0151m\u00e9rs\u00e9klet 22 &#8211; 28 \u00b0C<br \/>\nVet\u00e9s jan. &#8211; \u00e1pr.<br \/>\nVir\u00e1gok feh\u00e9rek (m\u00e1jus-j\u00falius)<br \/>\nN\u00f6v\u00e9nyn\u00f6veked\u00e9si szok\u00e1sa bokros, terpeszked\u0151, er\u0151sen el\u00e1gaz\u00f3, 90 cm magas<br \/>\nZ\u00f6ldr\u0151l pirosra \u00e9rik<br \/>\nGy\u00fcm\u00f6lcs megjelen\u00e9se hossz\u00fak\u00e1s, kb. 2 x 6 cm<br \/>\n\u00c9r\u00e9si id\u0151 70-80 nap<br \/>\nSz\u00e1rmaz\u00e1si hely Peru<\/p>\n<p>A csomag 10 szem magot tartalmaz<\/p>\n<p>&nbsp;<\/p>\n","protected":false},"featured_media":32836,"comment_status":"closed","ping_status":"closed","template":"","meta":[],"product_brand":[],"product_cat":[8],"product_tag":[],"class_list":{"0":"post-32835","1":"product","2":"type-product","3":"status-publish","4":"has-post-thumbnail","6":"product_cat-paprika","8":"first","9":"instock","10":"taxable","11":"shipping-taxable","12":"purchasable","13":"product-type-simple"},"_links":{"self":[{"href":"https:\/\/chilimag.hu\/webshop\/wp-json\/wp\/v2\/product\/32835","targetHints":{"allow":["GET"]}}],"collection":[{"href":"https:\/\/chilimag.hu\/webshop\/wp-json\/wp\/v2\/product"}],"about":[{"href":"https:\/\/chilimag.hu\/webshop\/wp-json\/wp\/v2\/types\/product"}],"replies":[{"embeddable":true,"href":"https:\/\/chilimag.hu\/webshop\/wp-json\/wp\/v2\/comments?post=32835"}],"wp:featuredmedia":[{"embeddable":true,"href":"https:\/\/chilimag.hu\/webshop\/wp-json\/wp\/v2\/media\/32836"}],"wp:attachment":[{"href":"https:\/\/chilimag.hu\/webshop\/wp-json\/wp\/v2\/media?parent=32835"}],"wp:term":[{"taxonomy":"product_brand","embeddable":true,"href":"https:\/\/chilimag.hu\/webshop\/wp-json\/wp\/v2\/product_brand?post=32835"},{"taxonomy":"product_cat","embeddable":true,"href":"https:\/\/chilimag.hu\/webshop\/wp-json\/wp\/v2\/product_cat?post=32835"},{"taxonomy":"product_tag","embeddable":true,"href":"https:\/\/chilimag.hu\/webshop\/wp-json\/wp\/v2\/product_tag?post=32835"}],"curies":[{"name":"wp","href":"https:\/\/api.w.org\/{rel}","templated":true}]}}