{"id":32833,"date":"2024-07-26T18:04:28","date_gmt":"2024-07-26T18:04:28","guid":{"rendered":"https:\/\/chilimag.hu\/webshop\/?post_type=product&#038;p=32833"},"modified":"2025-08-11T09:55:41","modified_gmt":"2025-08-11T09:55:41","slug":"zimbabwe-black","status":"publish","type":"product","link":"https:\/\/chilimag.hu\/webshop\/termek\/zimbabwe-black\/","title":{"rendered":"Zimbabwe Black"},"content":{"rendered":"","protected":false},"excerpt":{"rendered":"<p><img decoding=\"async\" src=\"https:\/\/chilimag.hu\/webshop\/wp-content\/uploads\/2014\/11\/chilimag-logo-2-150x150.jpg\" \/><\/p>\n<p>&nbsp;<\/p>\n<p>Le\u00edr\u00e1s<\/p>\n<p>A zimbabwei fekete chili egy afrikai mad\u00e1rszem, a lil\u00e1t\u00f3l a feket\u00e9t\u0151l a v\u00f6r\u00f6sig \u00e9r\u0151, egyenesen n\u00f6v\u0151 kis chilivel gy\u00f6ny\u00f6r\u0171. A levelek gyakran z\u00f6ld \u00e9s lila sz\u00edn\u0171ek, \u00e9s a lila vir\u00e1gok is nagyon sz\u00e9pek. Mindez egy\u00fctt gy\u00f6ny\u00f6r\u0171 sz\u00ednj\u00e1t\u00e9kot hoz l\u00e9tre, \u00e9s gy\u00f6ny\u00f6r\u0171 szemet gy\u00f6ny\u00f6rk\u00f6dtet\u0151 az erk\u00e9lyen vagy teraszon. A n\u00f6v\u00e9nyek viszonylag kicsik maradnak, \u00e9s k\u00f6nnyen nevelhet\u0151k cser\u00e9pben. A chili f\u0171szerez\u00e9sre, p\u00e1col\u00e1sra \u00e9s sz\u00e1r\u00edt\u00e1sra, valamint chilipor k\u00e9sz\u00edt\u00e9s\u00e9re alkalmas.<\/p>\n<p>Gondoz\u00e1sa: A cs\u00edr\u00e1z\u00e1si h\u0151m\u00e9rs\u00e9klet 21 \u00e9s 28\u00b0C k\u00f6z\u00f6tt van (8-21 napos cs\u00edr\u00e1z\u00e1si id\u0151szak), ez\u00e9rt \u00fcvegh\u00e1z \u00e9s f\u0171t\u0151sz\u0151nyeg haszn\u00e1lata javasolt. A n\u00f6v\u00e9nyeknek friss, j\u00f3l tr\u00e1gy\u00e1zott, v\u00edz\u00e1tereszt\u0151 talajra van sz\u00fcks\u00e9g\u00fck, nem t\u0171rik a bevizesed\u00e9st. Napos, v\u00e9dett helyre kell \u00fcltetni, ahol legal\u00e1bb 6 \u00f3ra napf\u00e9ny \u2013 lehet\u0151leg t\u00f6bb. Tedd ki a n\u00f6v\u00e9nyeket kb. 2-3 h\u00e9ttel az utols\u00f3 fagy ut\u00e1n.<\/p>\n<p>Capsicum annuum t\u00edpus<br \/>\nF\u0171szeress\u00e9gi szint 7<br \/>\nScoville 15 000 &#8211; 30 000 SHU<br \/>\noptim\u00e1lis cs\u00edr\u00e1z\u00e1si h\u0151m\u00e9rs\u00e9klet 21 &#8211; 28 \u00b0C<br \/>\nVet\u00e9s jan. &#8211; \u00e1pr.<br \/>\nVir\u00e1gok feh\u00e9rek (m\u00e1jus-j\u00falius)<br \/>\nN\u00f6v\u00e9nyn\u00f6veked\u00e9si szok\u00e1s bokros, kb. 80 cm magas<br \/>\nLila-feket\u00e9t\u0151l v\u00f6r\u00f6sig \u00e9rik<br \/>\nGy\u00fcm\u00f6lcs megjelen\u00e9se f\u00fcgg\u0151leges, hossz\u00fak\u00e1s, kb. 1 x 2 cm<br \/>\n\u00c9r\u00e9si id\u0151 90 nap<br \/>\nSz\u00e1rmaz\u00e1si hely Zimbabwe<\/p>\n<p>A csomag 10 szem magot tartalmaz<\/p>\n<p>&nbsp;<\/p>\n<p>&nbsp;<\/p>\n","protected":false},"featured_media":32834,"comment_status":"closed","ping_status":"closed","template":"","meta":[],"product_brand":[],"product_cat":[8],"product_tag":[],"class_list":{"0":"post-32833","1":"product","2":"type-product","3":"status-publish","4":"has-post-thumbnail","6":"product_cat-paprika","8":"first","9":"instock","10":"taxable","11":"shipping-taxable","12":"purchasable","13":"product-type-simple"},"_links":{"self":[{"href":"https:\/\/chilimag.hu\/webshop\/wp-json\/wp\/v2\/product\/32833","targetHints":{"allow":["GET"]}}],"collection":[{"href":"https:\/\/chilimag.hu\/webshop\/wp-json\/wp\/v2\/product"}],"about":[{"href":"https:\/\/chilimag.hu\/webshop\/wp-json\/wp\/v2\/types\/product"}],"replies":[{"embeddable":true,"href":"https:\/\/chilimag.hu\/webshop\/wp-json\/wp\/v2\/comments?post=32833"}],"wp:featuredmedia":[{"embeddable":true,"href":"https:\/\/chilimag.hu\/webshop\/wp-json\/wp\/v2\/media\/32834"}],"wp:attachment":[{"href":"https:\/\/chilimag.hu\/webshop\/wp-json\/wp\/v2\/media?parent=32833"}],"wp:term":[{"taxonomy":"product_brand","embeddable":true,"href":"https:\/\/chilimag.hu\/webshop\/wp-json\/wp\/v2\/product_brand?post=32833"},{"taxonomy":"product_cat","embeddable":true,"href":"https:\/\/chilimag.hu\/webshop\/wp-json\/wp\/v2\/product_cat?post=32833"},{"taxonomy":"product_tag","embeddable":true,"href":"https:\/\/chilimag.hu\/webshop\/wp-json\/wp\/v2\/product_tag?post=32833"}],"curies":[{"name":"wp","href":"https:\/\/api.w.org\/{rel}","templated":true}]}}