{"id":3283,"date":"2016-11-28T05:08:44","date_gmt":"2016-11-28T05:08:44","guid":{"rendered":"https:\/\/chilimag.hu\/webshop\/?post_type=product&#038;p=3283"},"modified":"2026-01-26T19:33:39","modified_gmt":"2026-01-26T19:33:39","slug":"trinidad-x-train-red","status":"publish","type":"product","link":"https:\/\/chilimag.hu\/webshop\/termek\/trinidad-x-train-red\/","title":{"rendered":"Trinidad x-train red"},"content":{"rendered":"","protected":false},"excerpt":{"rendered":"<div><img decoding=\"async\" src=\"https:\/\/chilimag.hu\/webshop\/wp-content\/uploads\/2014\/11\/chilimag-logo-2-150x150.jpg\" \/><\/div>\n<div><\/div>\n<div>\n<p>Le\u00edr\u00e1s<\/p>\n<p>A Trinidad x-train red egy ausztr\u00e1l farmr\u00f3l (Chili Company) sz\u00e1rmazik, \u00e9s 2011-ben \u201ea vil\u00e1g legforr\u00f3bb chilijek\u00e9nt\u201d ker\u00fclt be a Guinness Rekordok K\u00f6nyv\u00e9be. 2012-ben azonban gyorsan megel\u0151zte a Trinidad Moruga Scorpion.<\/p>\n<p>A n\u00f6v\u00e9ny bokros n\u00f6veked\u00e9si form\u00e1val rendelkezik, \u00e9s k\u00f6r\u00fclbel\u00fcl 80 cm magasra n\u0151. M\u00e9lyv\u00f6r\u00f6sre \u00e9rnek \u00e9s nagyon hegyes hegy\u0171ek. Nagyon arom\u00e1s, gy\u00fcm\u00f6lcs\u00edz\u00fck van, \u00e9s term\u00e9szetesen rendk\u00edv\u00fcl forr\u00f3ak.<\/p>\n<p>Gondoz\u00e1sa: A cs\u00edr\u00e1z\u00e1si h\u0151m\u00e9rs\u00e9klet 24\u00b0C \u00e9s 30\u00b0C k\u00f6z\u00f6tt van (cs\u00edr\u00e1z\u00e1si id\u0151: 10-20 nap); ez\u00e9rt \u00fcvegh\u00e1z \u00e9s f\u0171t\u0151sz\u0151nyeg haszn\u00e1lata javasolt. A n\u00f6v\u00e9nyeknek friss, j\u00f3l tr\u00e1gy\u00e1zott, v\u00edz\u00e1tereszt\u0151 talajra van sz\u00fcks\u00e9g\u00fck, nem t\u0171rik a bevizesed\u00e9st. Napos, v\u00e9dett helyre kell helyezni, ahol legal\u00e1bb 6 \u00f3ra napf\u00e9ny \u2013 lehet\u0151leg t\u00f6bb. Mivel a n\u00f6v\u00e9nyeknek k\u00fcl\u00f6n\u00f6sen hossz\u00fa az \u00e9r\u00e9si ideje, \u00e9rdemes cser\u00e9pben termeszteni \u0151ket, \u00edgy a napk\u00f6zbeni h\u0151m\u00e9rs\u00e9klet 12\u00b0C al\u00e1 s\u00fcllyed\u00e9sekor k\u00f6nnyen be lehet vinni a n\u00f6v\u00e9nyt, \u00edgy minden gy\u00fcm\u00f6lcs be\u00e9rik. Ahhoz, hogy a n\u00f6v\u00e9nyt t\u00e9len is meg\u0151rizze, betakar\u00edt\u00e1s ut\u00e1n v\u00e1gja vissza 20 cm-rel, \u00e9s tegye vil\u00e1gos helyre, ahol legal\u00e1bb 15\u00b0C h\u0151m\u00e9rs\u00e9klet\u0171.<\/p>\n<p>T\u00edpus: Capsicum chinense<br \/>\nF\u0171szerszint 10+++<br \/>\nScoville Ak\u00e1r 1 463 700 SHU<br \/>\nOptim\u00e1lis cs\u00edr\u00e1z\u00e1si h\u0151m\u00e9rs\u00e9klet 24 &#8211; 30 \u00b0C<br \/>\nVet\u00e9s dec \u2013 \u00e1pr<br \/>\nFeh\u00e9r vir\u00e1gok (m\u00e1jus-augusztus)<br \/>\nN\u00f6veked\u00e9si szok\u00e1s Bokros, legfeljebb 80 cm magas<br \/>\n\u00c9rlel\u00e9s Z\u00f6ldt\u0151l v\u00f6r\u00f6sig<br \/>\nGy\u00fcm\u00f6lcs megjelen\u00e9se L\u00e1mp\u00e1s alak\u00fa, hegyes hegy\u0171, kb. 4-6 cm hossz\u00fa, 2-4 cm sz\u00e9les<br \/>\n\u00c9rlel\u00e9si id\u0151 100-120 nap<br \/>\nSz\u00e1rmaz\u00e1si hely Ausztr\u00e1lia<\/p>\n<\/div>\n<p>A csomag 10 szem magot tartalmaz<\/p>\n","protected":false},"featured_media":3273,"comment_status":"closed","ping_status":"closed","template":"","meta":[],"product_brand":[],"product_cat":[8],"product_tag":[],"class_list":{"0":"post-3283","1":"product","2":"type-product","3":"status-publish","4":"has-post-thumbnail","6":"product_cat-paprika","8":"first","9":"outofstock","10":"taxable","11":"shipping-taxable","12":"purchasable","13":"product-type-simple"},"_links":{"self":[{"href":"https:\/\/chilimag.hu\/webshop\/wp-json\/wp\/v2\/product\/3283","targetHints":{"allow":["GET"]}}],"collection":[{"href":"https:\/\/chilimag.hu\/webshop\/wp-json\/wp\/v2\/product"}],"about":[{"href":"https:\/\/chilimag.hu\/webshop\/wp-json\/wp\/v2\/types\/product"}],"replies":[{"embeddable":true,"href":"https:\/\/chilimag.hu\/webshop\/wp-json\/wp\/v2\/comments?post=3283"}],"wp:featuredmedia":[{"embeddable":true,"href":"https:\/\/chilimag.hu\/webshop\/wp-json\/wp\/v2\/media\/3273"}],"wp:attachment":[{"href":"https:\/\/chilimag.hu\/webshop\/wp-json\/wp\/v2\/media?parent=3283"}],"wp:term":[{"taxonomy":"product_brand","embeddable":true,"href":"https:\/\/chilimag.hu\/webshop\/wp-json\/wp\/v2\/product_brand?post=3283"},{"taxonomy":"product_cat","embeddable":true,"href":"https:\/\/chilimag.hu\/webshop\/wp-json\/wp\/v2\/product_cat?post=3283"},{"taxonomy":"product_tag","embeddable":true,"href":"https:\/\/chilimag.hu\/webshop\/wp-json\/wp\/v2\/product_tag?post=3283"}],"curies":[{"name":"wp","href":"https:\/\/api.w.org\/{rel}","templated":true}]}}