{"id":32828,"date":"2024-07-26T17:45:49","date_gmt":"2024-07-26T17:45:49","guid":{"rendered":"https:\/\/chilimag.hu\/webshop\/?post_type=product&#038;p=32828"},"modified":"2025-08-11T08:40:59","modified_gmt":"2025-08-11T08:40:59","slug":"habanero-tobago-seasoning","status":"publish","type":"product","link":"https:\/\/chilimag.hu\/webshop\/termek\/habanero-tobago-seasoning\/","title":{"rendered":"Habanero Tobago Seasoning"},"content":{"rendered":"","protected":false},"excerpt":{"rendered":"<p><img decoding=\"async\" src=\"https:\/\/chilimag.hu\/webshop\/wp-content\/uploads\/2014\/11\/chilimag-logo-2-150x150.jpg\" \/><\/p>\n<p>Le\u00edr\u00e1s<\/p>\n<p>A Habanero Tobago \u00a0 a Capsicum Chinense fajb\u00f3l sz\u00e1rmazik, \u00e9s egy enyhe chili paprika fajta. K\u00f6r\u00fclbel\u00fcl 1-500 Scoville. Nagyon n\u00e9pszer\u0171 Habanero t\u00edpus, ami nem olyan er\u0151s. Z\u00f6ldt\u0151l narancss\u00e1rg\u00e1n \u00e1t pirosig \u00e9rik.A Habanero Grenada Tobago Seasoning Chili egy k\u00f6zepes f\u0171szeress\u00e9g\u0171, de a Habanerosra jellemz\u0151 gy\u00fcm\u00f6lcs\u00f6s \u00edz\u0171 Habanero. Mindazoknak, akik nem szeretik a t\u00fal t\u00fczeset. A n\u00f6v\u00e9nyek bokrosak, de nem n\u0151nek t\u00fal nagyra, ez\u00e9rt alkalmasak cserepes termeszt\u00e9sre. K\u00fcl\u00f6nf\u00e9le gy\u00fcm\u00f6lcs\u00f6ket hoznak, amelyek kezdetben z\u00f6ldek, majd narancss\u00e1rg\u00e1n \u00e1t s\u00f6t\u00e9tv\u00f6r\u00f6s sz\u00edn\u0171re \u00e9rnek. A h\u0151fok n\u00e9mileg hasonl\u00f3 a Jalapenoshoz, de ez v\u00e1ltozhat. A chili friss fogyaszt\u00e1sra, sal\u00e1t\u00e1khoz, savany\u00edt\u00e1shoz \u00e9s f\u0151z\u00e9shez egyar\u00e1nt alkalmas.<\/p>\n<p>A Habanero Grenada Tobago Seasoning Chili egy k\u00f6zepes f\u0171szeress\u00e9g\u0171, de a Habanerosra jellemz\u0151 gy\u00fcm\u00f6lcs\u00f6s \u00edz\u0171 Habanero. Mindazoknak, akik nem szeretik a t\u00fal t\u00fczeset. A n\u00f6v\u00e9nyek bokrosak, de nem n\u0151nek t\u00fal nagyra, ez\u00e9rt alkalmasak cserepes termeszt\u00e9sre. K\u00fcl\u00f6nf\u00e9le gy\u00fcm\u00f6lcs\u00f6ket hoznak, amelyek kezdetben z\u00f6ldek, majd narancss\u00e1rg\u00e1n \u00e1t s\u00f6t\u00e9tv\u00f6r\u00f6s sz\u00edn\u0171re \u00e9rnek. A h\u0151fok n\u00e9mileg hasonl\u00f3 a Jalapenoshoz, de ez v\u00e1ltozhat. A chili friss fogyaszt\u00e1sra, sal\u00e1t\u00e1khoz, savany\u00edt\u00e1shoz \u00e9s f\u0151z\u00e9shez egyar\u00e1nt alkalmas.<\/p>\n<p>Gondoz\u00e1sa: A cs\u00edr\u00e1z\u00e1si h\u0151m\u00e9rs\u00e9klet 22 \u00e9s 28\u00b0C k\u00f6z\u00f6tt van (8-21 napos cs\u00edr\u00e1z\u00e1si id\u0151szak), ez\u00e9rt \u00fcvegh\u00e1z \u00e9s f\u0171t\u0151sz\u0151nyeg haszn\u00e1lata javasolt. A n\u00f6v\u00e9nyeknek friss, j\u00f3l tr\u00e1gy\u00e1zott, v\u00edz\u00e1tereszt\u0151 talajra van sz\u00fcks\u00e9g\u00fck, nem t\u0171rik a bevizesed\u00e9st. Napos, v\u00e9dett helyre kell helyezni, ahol legal\u00e1bb 6 \u00f3ra napf\u00e9ny \u2013 lehet\u0151leg t\u00f6bb. Mivel a n\u00f6v\u00e9nyeknek k\u00fcl\u00f6n\u00f6sen hossz\u00fa az \u00e9r\u00e9si ideje, \u00e9rdemes cser\u00e9pben termeszteni \u0151ket, \u00edgy a napk\u00f6zbeni h\u0151m\u00e9rs\u00e9klet 12\u00b0C al\u00e1 s\u00fcllyed\u00e9sekor k\u00f6nnyen be lehet vinni a n\u00f6v\u00e9nyeket, \u00edgy minden gy\u00fcm\u00f6lcs be\u00e9rik. Ahhoz, hogy a n\u00f6v\u00e9nyt t\u00e9len is meg\u0151rizze, betakar\u00edt\u00e1s ut\u00e1n v\u00e1gja vissza 20 cm-rel, \u00e9s tegye vil\u00e1gos helyre, ahol legal\u00e1bb 15\u00b0C h\u0151m\u00e9rs\u00e9klet\u0171.<\/p>\n<p>F\u0171szeress\u00e9gi fokozat 4-6<br \/>\nScoville 1.500 &#8211; 10.000 SHU<br \/>\noptim\u00e1lis cs\u00edr\u00e1z\u00e1si h\u0151m\u00e9rs\u00e9klet 22 &#8211; 28 \u00b0C<br \/>\nVet\u00e9s jan. &#8211; \u00e1pr.<br \/>\nVir\u00e1gok feh\u00e9rek (m\u00e1jus-j\u00falius)<br \/>\nN\u00f6v\u00e9nyn\u00f6veked\u00e9si szok\u00e1s bokros, kb. 75 cm magas<br \/>\nZ\u00f6ldt\u0151l narancss\u00e1rg\u00e1ig\/pirosig \u00e9rik<br \/>\nGy\u00fcm\u00f6lcs megjelen\u00e9se kicsi, bar\u00e1zd\u00e1lt, minipaprik\u00e1hoz hasonl\u00f3, kb. 3 x 3 cm<br \/>\n\u00c9r\u00e9si id\u0151 90-100 nap<br \/>\nSz\u00e1rmaz\u00e1si hely: Trinidad \u00e9s Tobago<\/p>\n<p>A csomag 10 szem magot tartalmaz<\/p>\n<p>&nbsp;<\/p>\n","protected":false},"featured_media":32829,"comment_status":"closed","ping_status":"closed","template":"","meta":[],"product_brand":[],"product_cat":[8],"product_tag":[],"class_list":{"0":"post-32828","1":"product","2":"type-product","3":"status-publish","4":"has-post-thumbnail","6":"product_cat-paprika","8":"first","9":"instock","10":"taxable","11":"shipping-taxable","12":"purchasable","13":"product-type-simple"},"_links":{"self":[{"href":"https:\/\/chilimag.hu\/webshop\/wp-json\/wp\/v2\/product\/32828","targetHints":{"allow":["GET"]}}],"collection":[{"href":"https:\/\/chilimag.hu\/webshop\/wp-json\/wp\/v2\/product"}],"about":[{"href":"https:\/\/chilimag.hu\/webshop\/wp-json\/wp\/v2\/types\/product"}],"replies":[{"embeddable":true,"href":"https:\/\/chilimag.hu\/webshop\/wp-json\/wp\/v2\/comments?post=32828"}],"wp:featuredmedia":[{"embeddable":true,"href":"https:\/\/chilimag.hu\/webshop\/wp-json\/wp\/v2\/media\/32829"}],"wp:attachment":[{"href":"https:\/\/chilimag.hu\/webshop\/wp-json\/wp\/v2\/media?parent=32828"}],"wp:term":[{"taxonomy":"product_brand","embeddable":true,"href":"https:\/\/chilimag.hu\/webshop\/wp-json\/wp\/v2\/product_brand?post=32828"},{"taxonomy":"product_cat","embeddable":true,"href":"https:\/\/chilimag.hu\/webshop\/wp-json\/wp\/v2\/product_cat?post=32828"},{"taxonomy":"product_tag","embeddable":true,"href":"https:\/\/chilimag.hu\/webshop\/wp-json\/wp\/v2\/product_tag?post=32828"}],"curies":[{"name":"wp","href":"https:\/\/api.w.org\/{rel}","templated":true}]}}