{"id":32826,"date":"2024-07-26T17:41:08","date_gmt":"2024-07-26T17:41:08","guid":{"rendered":"https:\/\/chilimag.hu\/webshop\/?post_type=product&#038;p=32826"},"modified":"2025-08-11T07:33:11","modified_gmt":"2025-08-11T07:33:11","slug":"aji-guyana","status":"publish","type":"product","link":"https:\/\/chilimag.hu\/webshop\/termek\/aji-guyana\/","title":{"rendered":"Aji Guyana"},"content":{"rendered":"","protected":false},"excerpt":{"rendered":"<p><img decoding=\"async\" src=\"https:\/\/chilimag.hu\/webshop\/wp-content\/uploads\/2014\/11\/chilimag-logo-2-150x150.jpg\" \/><\/p>\n<p>Le\u00edr\u00e1s<\/p>\n<p>Az Aji Guyana egy ritka Baccatum fajta a d\u00e9l-amerikai Guyana orsz\u00e1gb\u00f3l. Gy\u00f6ny\u00f6r\u0171 megjelen\u00e9s\u0171 n\u00f6v\u00e9ny tele s\u00e1rga nagy chilipaprik\u00e1val, fantasztikus \u00edzzel.<\/p>\n<p>Ez a chili nagyon magas, ez\u00e9rt n\u00f6v\u00e9nyi kar\u00f3kat kell haszn\u00e1lnia, hogy megt\u00e1massza, ha tele van h\u00fcvelyekkel.<\/p>\n<p>J\u00f3l megn\u0151 cser\u00e9pben egy m\u00e9ter feletti magass\u00e1gig, \u00e9s kiv\u00e1l\u00f3 termel\u0151 is. Sok term\u00e9st fog szedni a hossz\u00fa szezon sor\u00e1n. A term\u00e9s z\u00f6lden kezd\u0151dnek, \u00e9s \u00e9retten meleg s\u00e1rg\u00e1v\u00e1 v\u00e1lnak.<\/p>\n<p>Kiv\u00e1l\u00f3 chili f\u0151z\u00e9shez, vagy p\u00e1col\u00e1shoz is remek v\u00e1laszt\u00e1s.<\/p>\n<p>\u00d6sszess\u00e9g\u00e9ben egy csod\u00e1latos megjelen\u00e9s\u0171 n\u00f6v\u00e9ny, kiv\u00e1l\u00f3 chilipaprika-termel\u0151, m\u00e9ly, fels\u0151 k\u00f6z\u00e9ps\u0151 cs\u00edp\u0151 \u00edzzel \u00e9s jellegzetes \u00edzzel. Egy olyan \u00edz, amit m\u00e9g soha nem tapasztaltunk. A paprika 5-6 h\u00fcvelyk hossz\u00fa \u00e9s majdnem egy h\u00fcvelyk sz\u00e9les. Gyorsan n\u0151nek, \u00e9s rendk\u00edv\u00fcl term\u00e9keny n\u00f6v\u00e9ny, ez\u00e9rt felt\u00e9tlen\u00fcl fel kell rakni vagy al\u00e1 kell t\u00e1masztani. Az egyik legjobb \u00edz\u0171 Aji fajta.<\/p>\n<p>Gondoz\u00e1s: A cs\u00edr\u00e1z\u00e1si h\u0151m\u00e9rs\u00e9klet 22\u00b0C \u00e9s 28\u00b0C k\u00f6z\u00f6tt van (cs\u00edr\u00e1z\u00e1si id\u0151: 8-21 nap); ez\u00e9rt \u00fcvegh\u00e1z \u00e9s f\u0171t\u0151sz\u0151nyeg haszn\u00e1lata javasolt. A n\u00f6v\u00e9nyeknek friss, j\u00f3l tr\u00e1gy\u00e1zott, v\u00edz\u00e1tereszt\u0151 talajra van sz\u00fcks\u00e9g\u00fck, nem t\u0171rik a bevizesed\u00e9st. Napos, v\u00e9dett helyre \u00fcltess\u00fck, ahol legal\u00e1bb 6 \u00f3ra \u2013 lehet\u0151leg t\u00f6bb \u2013 napf\u00e9ny \u00e9ri. Tedd ki a n\u00f6v\u00e9nyeket kb. 2-3 h\u00e9ttel az utols\u00f3 fagy ut\u00e1n. Ahhoz, hogy a n\u00f6v\u00e9nyt t\u00e9len is meg\u0151rizze, betakar\u00edt\u00e1s ut\u00e1n v\u00e1gja vissza 20 cm-rel, \u00e9s tegye vil\u00e1gos helyre, ahol legal\u00e1bb 15\u00b0C h\u0151m\u00e9rs\u00e9klet\u0171.<\/p>\n<p>F\u0171szerszint 6<br \/>\nScoville 5000 &#8211; 15000 SHU<br \/>\nOptim\u00e1lis cs\u00edr\u00e1z\u00e1si h\u0151m\u00e9rs\u00e9klet 22 &#8211; 28 \u00b0C<br \/>\nVet\u00e9s jan-\u00e1pr<br \/>\nVir\u00e1gok feh\u00e9r<br \/>\nN\u00f6veked\u00e9si szok\u00e1s bokros, kb. 120 cm magas, t\u00e1maszt\u00e1st ig\u00e9nyel<br \/>\n\u00c9rlel\u00e9s z\u00f6ldr\u0151l s\u00e1rg\u00e1ra<br \/>\nA gy\u00fcm\u00f6lcs megjelen\u00e9se megny\u00falt, kb. 12 cm hossz\u00fa<br \/>\n\u00c9rlel\u00e9si id\u0151 80-90 nap<br \/>\nSz\u00e1rmaz\u00e1si hely Guyana<\/p>\n<p>A csomag 10 szem magot tartalmaz<\/p>\n<p>&nbsp;<\/p>\n","protected":false},"featured_media":32827,"comment_status":"closed","ping_status":"closed","template":"","meta":[],"product_brand":[],"product_cat":[8],"product_tag":[],"class_list":{"0":"post-32826","1":"product","2":"type-product","3":"status-publish","4":"has-post-thumbnail","6":"product_cat-paprika","8":"first","9":"instock","10":"taxable","11":"shipping-taxable","12":"purchasable","13":"product-type-simple"},"_links":{"self":[{"href":"https:\/\/chilimag.hu\/webshop\/wp-json\/wp\/v2\/product\/32826","targetHints":{"allow":["GET"]}}],"collection":[{"href":"https:\/\/chilimag.hu\/webshop\/wp-json\/wp\/v2\/product"}],"about":[{"href":"https:\/\/chilimag.hu\/webshop\/wp-json\/wp\/v2\/types\/product"}],"replies":[{"embeddable":true,"href":"https:\/\/chilimag.hu\/webshop\/wp-json\/wp\/v2\/comments?post=32826"}],"wp:featuredmedia":[{"embeddable":true,"href":"https:\/\/chilimag.hu\/webshop\/wp-json\/wp\/v2\/media\/32827"}],"wp:attachment":[{"href":"https:\/\/chilimag.hu\/webshop\/wp-json\/wp\/v2\/media?parent=32826"}],"wp:term":[{"taxonomy":"product_brand","embeddable":true,"href":"https:\/\/chilimag.hu\/webshop\/wp-json\/wp\/v2\/product_brand?post=32826"},{"taxonomy":"product_cat","embeddable":true,"href":"https:\/\/chilimag.hu\/webshop\/wp-json\/wp\/v2\/product_cat?post=32826"},{"taxonomy":"product_tag","embeddable":true,"href":"https:\/\/chilimag.hu\/webshop\/wp-json\/wp\/v2\/product_tag?post=32826"}],"curies":[{"name":"wp","href":"https:\/\/api.w.org\/{rel}","templated":true}]}}