{"id":3282,"date":"2016-11-28T05:07:37","date_gmt":"2016-11-28T05:07:37","guid":{"rendered":"https:\/\/chilimag.hu\/webshop\/?post_type=product&#038;p=3282"},"modified":"2025-08-11T09:48:05","modified_gmt":"2025-08-11T09:48:05","slug":"thunder-mountain-longhorn","status":"publish","type":"product","link":"https:\/\/chilimag.hu\/webshop\/termek\/thunder-mountain-longhorn\/","title":{"rendered":"Thunder Mountain Longhorn"},"content":{"rendered":"","protected":false},"excerpt":{"rendered":"<div><img decoding=\"async\" src=\"https:\/\/chilimag.hu\/webshop\/wp-content\/uploads\/2014\/11\/chilimag-logo-2-150x150.jpg\" \/><\/div>\n<div><\/div>\n<div>Le\u00edr\u00e1s<\/div>\n<div>\n<p>A Thunder Mountain Longhorn Chili K\u00edn\u00e1b\u00f3l sz\u00e1rmazik, az \u00fagynevezett &#8222;Thunder Mountains&#8221; r\u00e9gi\u00f3b\u00f3l, innen ered a n\u00e9v. Az \u00e9l\u00e9nkpiros, karcs\u00fa, v\u00e9kony fal\u00fa chili ak\u00e1r 30 cm-t is el\u00e9rheti a rekordhosszt. K\u00f6zepes l\u00e1ngjuk van, \u00edz\u00fck gy\u00fcm\u00f6lcs\u00f6s-\u00e9des jegyekkel. A n\u00f6v\u00e9nyek ak\u00e1r 150 cm magasra is megn\u0151hetnek, \u00e9s faszer\u0171 koron\u00e1t fejlesztenek sz\u00e1mtalan rendk\u00edv\u00fcl hossz\u00fa piros chilipaprik\u00e1val. Alkalmasak friss fogyaszt\u00e1sra, f\u0151z\u00e9shez, pl. omletthez, vagy forr\u00f3 ny\u00e1ron hagyjuk a bokoron megsz\u00e1radni \u00e9s porr\u00e1 dolgozzuk.<\/p>\n<p>Gondoz\u00e1sa: A cs\u00edr\u00e1z\u00e1si h\u0151m\u00e9rs\u00e9klet 22\u00b0C \u00e9s 28\u00b0C k\u00f6z\u00f6tt van (cs\u00edr\u00e1z\u00e1si id\u0151: 6-20 nap); ez\u00e9rt \u00fcvegh\u00e1z \u00e9s f\u0171t\u0151sz\u0151nyeg haszn\u00e1lata javasolt. A n\u00f6v\u00e9nyeknek friss, j\u00f3l tr\u00e1gy\u00e1zott v\u00edz\u00e1tereszt\u0151 talajra van sz\u00fcks\u00e9g\u00fck, \u00e9s nem szabad \u00e1ll\u00f3v\u00edzben hagyni. Napos, v\u00e9dett helyre kell helyezni, ahol legal\u00e1bb napi 6 \u00f3ra napf\u00e9ny \u00e9ri, ha nem t\u00f6bb. K\u00f6r\u00fclbel\u00fcl 2-3 h\u00e9ttel az utols\u00f3 fagy ut\u00e1n helyezze ki a n\u00f6v\u00e9nyeket a szabadba. Amikor a pal\u00e1nt\u00e1kat a szabadba \u00fclteti, \u00fcgyeljen arra, hogy az egyes n\u00f6v\u00e9nyek k\u00f6z\u00f6tt legal\u00e1bb 45 cm t\u00e1vols\u00e1g legyen.<\/p>\n<\/div>\n<div>Capsicum annuum t\u00edpus<br \/>\nF\u0171szerszint 4-5<br \/>\nScoville 1500 &#8211; 5000 SHU<br \/>\nOptim\u00e1lis cs\u00edr\u00e1z\u00e1si h\u0151m\u00e9rs\u00e9klet 22 &#8211; 28 \u00b0C<br \/>\nVet\u00e9s febr.-\u00e1pr<br \/>\nVir\u00e1gok feh\u00e9r (m\u00e1jus-augusztus)<br \/>\nN\u00f6veked\u00e9si szok\u00e1sa bokros, koron\u00e1s, tp 150 cm magas<br \/>\n\u00c9rlel\u00e9s Z\u00f6ldt\u0151l v\u00f6r\u00f6sig<br \/>\nA gy\u00fcm\u00f6lcs megjelen\u00e9se hossz\u00fa, v\u00e9kony fal\u00fa, kb. 1 x 25 cm<br \/>\n\u00c9rlel\u00e9si id\u0151 70-80 nap<br \/>\nSz\u00e1rmaz\u00e1sa K\u00edna<\/div>\n<div><\/div>\n<div>A csomag 10 szem magot tartalmaz<\/div>\n","protected":false},"featured_media":3274,"comment_status":"closed","ping_status":"closed","template":"","meta":[],"product_brand":[],"product_cat":[8],"product_tag":[],"class_list":{"0":"post-3282","1":"product","2":"type-product","3":"status-publish","4":"has-post-thumbnail","6":"product_cat-paprika","8":"first","9":"instock","10":"taxable","11":"shipping-taxable","12":"purchasable","13":"product-type-simple"},"_links":{"self":[{"href":"https:\/\/chilimag.hu\/webshop\/wp-json\/wp\/v2\/product\/3282","targetHints":{"allow":["GET"]}}],"collection":[{"href":"https:\/\/chilimag.hu\/webshop\/wp-json\/wp\/v2\/product"}],"about":[{"href":"https:\/\/chilimag.hu\/webshop\/wp-json\/wp\/v2\/types\/product"}],"replies":[{"embeddable":true,"href":"https:\/\/chilimag.hu\/webshop\/wp-json\/wp\/v2\/comments?post=3282"}],"wp:featuredmedia":[{"embeddable":true,"href":"https:\/\/chilimag.hu\/webshop\/wp-json\/wp\/v2\/media\/3274"}],"wp:attachment":[{"href":"https:\/\/chilimag.hu\/webshop\/wp-json\/wp\/v2\/media?parent=3282"}],"wp:term":[{"taxonomy":"product_brand","embeddable":true,"href":"https:\/\/chilimag.hu\/webshop\/wp-json\/wp\/v2\/product_brand?post=3282"},{"taxonomy":"product_cat","embeddable":true,"href":"https:\/\/chilimag.hu\/webshop\/wp-json\/wp\/v2\/product_cat?post=3282"},{"taxonomy":"product_tag","embeddable":true,"href":"https:\/\/chilimag.hu\/webshop\/wp-json\/wp\/v2\/product_tag?post=3282"}],"curies":[{"name":"wp","href":"https:\/\/api.w.org\/{rel}","templated":true}]}}