{"id":32813,"date":"2024-07-24T17:44:24","date_gmt":"2024-07-24T17:44:24","guid":{"rendered":"https:\/\/chilimag.hu\/webshop\/?post_type=product&#038;p=32813"},"modified":"2026-04-24T09:16:26","modified_gmt":"2026-04-24T09:16:26","slug":"disztok-mix-opal-bg","status":"publish","type":"product","link":"https:\/\/chilimag.hu\/webshop\/termek\/disztok-mix-opal-bg\/","title":{"rendered":"D\u00edszt\u00f6k mix Opal Bg"},"content":{"rendered":"","protected":false},"excerpt":{"rendered":"<p>N\u00e9pszer\u0171 n\u00e9v: dekorat\u00edv s\u00fct\u0151t\u00f6k<\/p>\n<p>Mennyis\u00e9g: 1 g<\/p>\n<p>A dekorat\u00edv t\u00f6k egyny\u00e1ri k\u00fasz\u00f3n\u00f6v\u00e9ny. Gy\u00fcm\u00f6lcsei k\u00f6zepesek \u00e9s kicsik, k\u00fcl\u00f6nb\u00f6z\u0151 form\u00e1j\u00faak \u00e9s sz\u00edn\u0171ek, fel\u00fclet\u00fck sima vagy g\u00f6r\u00f6ngy\u00f6s.<\/p>\n<p>Er\u0151teljes n\u00f6veked\u00e9s\u0171, \u00e9s ide\u00e1lis falak \u00e9s ker\u00edt\u00e9sek takar\u00e1s\u00e1ra.<\/p>\n<p>Napon \u00e9s f\u00e9l\u00e1rny\u00e9kban n\u0151.<\/p>\n<p>A magokat \u00e1prilis-m\u00e1jusban vetik el, egy centim\u00e9ter talajjal bor\u00edtj\u00e1k \u00e9s \u00f6nt\u00f6zik.<\/p>\n<p>A n\u00f6v\u00e9nyeknek t\u00e1mogat\u00e1sra van sz\u00fcks\u00e9g\u00fck.<\/p>\n<p>J\u00f3 \u00e9rett \u00e9s sz\u00e1raz \u00e1llapotban a gy\u00fcm\u00f6lcs\u00f6k t\u00f6bb h\u00f3napig meg\u0151rzik k\u00fcls\u0151 megjelen\u00e9s\u00fcket, ha h\u0171v\u00f6s \u00e9s sz\u00e1raz helyen tartj\u00e1k.<\/p>\n<p>Ker\u00edt\u00e9sek, erk\u00e9lyek stb. d\u00edsz\u00edt\u00e9s\u00e9re haszn\u00e1lj\u00e1k.<\/p>\n<p>A magokat 120\/80 cm-es t\u00e1vols\u00e1gra vetj\u00fck el. N\u00f6v\u00e9nymagass\u00e1g 300 cm.<\/p>\n","protected":false},"featured_media":32814,"comment_status":"closed","ping_status":"closed","template":"","meta":[],"product_brand":[],"product_cat":[451,462],"product_tag":[],"class_list":{"0":"post-32813","1":"product","2":"type-product","3":"status-publish","4":"has-post-thumbnail","6":"product_cat-dinnye-es-tok-vetomagok-bolgar-opal-vetomagok","7":"product_cat-virag-vetomagok-bolgar-opal-vetomagok","9":"first","10":"instock","11":"taxable","12":"shipping-taxable","13":"purchasable","14":"product-type-simple"},"_links":{"self":[{"href":"https:\/\/chilimag.hu\/webshop\/wp-json\/wp\/v2\/product\/32813","targetHints":{"allow":["GET"]}}],"collection":[{"href":"https:\/\/chilimag.hu\/webshop\/wp-json\/wp\/v2\/product"}],"about":[{"href":"https:\/\/chilimag.hu\/webshop\/wp-json\/wp\/v2\/types\/product"}],"replies":[{"embeddable":true,"href":"https:\/\/chilimag.hu\/webshop\/wp-json\/wp\/v2\/comments?post=32813"}],"wp:featuredmedia":[{"embeddable":true,"href":"https:\/\/chilimag.hu\/webshop\/wp-json\/wp\/v2\/media\/32814"}],"wp:attachment":[{"href":"https:\/\/chilimag.hu\/webshop\/wp-json\/wp\/v2\/media?parent=32813"}],"wp:term":[{"taxonomy":"product_brand","embeddable":true,"href":"https:\/\/chilimag.hu\/webshop\/wp-json\/wp\/v2\/product_brand?post=32813"},{"taxonomy":"product_cat","embeddable":true,"href":"https:\/\/chilimag.hu\/webshop\/wp-json\/wp\/v2\/product_cat?post=32813"},{"taxonomy":"product_tag","embeddable":true,"href":"https:\/\/chilimag.hu\/webshop\/wp-json\/wp\/v2\/product_tag?post=32813"}],"curies":[{"name":"wp","href":"https:\/\/api.w.org\/{rel}","templated":true}]}}