{"id":32798,"date":"2024-07-22T16:34:24","date_gmt":"2024-07-22T16:34:24","guid":{"rendered":"https:\/\/chilimag.hu\/webshop\/?post_type=product&#038;p=32798"},"modified":"2026-03-03T07:02:18","modified_gmt":"2026-03-03T07:02:18","slug":"bazsalikom-dark-opal-bg","status":"publish","type":"product","link":"https:\/\/chilimag.hu\/webshop\/termek\/bazsalikom-dark-opal-bg\/","title":{"rendered":"Bazsalikom Dark Opal Bg"},"content":{"rendered":"","protected":false},"excerpt":{"rendered":"<p><img decoding=\"async\" src=\"https:\/\/opal-bg.com\/_next\/image?url=%2F_next%2Fstatic%2Fimage%2Fpublic%2Fimages%2Fhome%2Fnobg1.40d357a89f8aca58449177aa96e69e77.png&amp;w=256&amp;q=75\" srcset=\"https:\/\/opal-bg.com\/_next\/image?url=%2F_next%2Fstatic%2Fimage%2Fpublic%2Fimages%2Fhome%2Fnobg1.40d357a89f8aca58449177aa96e69e77.png&amp;w=96&amp;q=75 1x, https:\/\/opal-bg.com\/_next\/image?url=%2F_next%2Fstatic%2Fimage%2Fpublic%2Fimages%2Fhome%2Fnobg1.40d357a89f8aca58449177aa96e69e77.png&amp;w=256&amp;q=75 2x\" data-nimg=\"intrinsic\" \/><\/p>\n<p>Le\u00edr\u00e1s<\/p>\n<p>Egyny\u00e1ri n\u00f6v\u00e9ny, legfeljebb 70 cm magas. A napos helyeket \u00e9s a m\u00e9ly, gazdag \u00e9s leveg\u0151s talajokat kedveli. Febru\u00e1r-m\u00e1rciusban 1 cm m\u00e9lys\u00e9gben elvetett magvakkal szapor\u00edtj\u00e1k. \u00c1prilis v\u00e9g\u00e9n &#8211; m\u00e1jus elej\u00e9n \u00fcltetik \u00e1lland\u00f3 helyre.<\/p>\n<p>Sz\u00fcret: j\u00fanius-okt\u00f3ber.<\/p>\n<p>Kiszerel\u00e9s: 650 mag (1 g)<\/p>\n<p>M\u0171szaki adatok<br \/>\nM\u00e9lys\u00e9ge 1 cm<br \/>\nFebru\u00e1r-m\u00e1rciust\u00f3l kezd\u0151d\u0151en vetik<br \/>\nA magvakb\u00f3l, pal\u00e1nt\u00e1kb\u00f3l t\u00f6rt\u00e9n\u0151 el\u0151\u00e1ll\u00edt\u00e1s fajt\u00e1i<br \/>\n\u00c1ttekint\u00e9s<br \/>\nS\u00falya 1 gramm<br \/>\n\u00dcltet\u00e9s \u00e1prilis-m\u00e1jus<br \/>\nSz\u00fcret j\u00fanius-okt\u00f3ber<br \/>\nVeget\u00e1ci\u00f3 120 nap<\/p>\n","protected":false},"featured_media":32811,"comment_status":"closed","ping_status":"closed","template":"","meta":[],"product_brand":[],"product_cat":[452],"product_tag":[],"class_list":{"0":"post-32798","1":"product","2":"type-product","3":"status-publish","4":"has-post-thumbnail","6":"product_cat-fuszer-es-gyogynoveny-vetomagok-bolgar-opal-vetomagok","8":"first","9":"outofstock","10":"taxable","11":"shipping-taxable","12":"purchasable","13":"product-type-simple"},"_links":{"self":[{"href":"https:\/\/chilimag.hu\/webshop\/wp-json\/wp\/v2\/product\/32798","targetHints":{"allow":["GET"]}}],"collection":[{"href":"https:\/\/chilimag.hu\/webshop\/wp-json\/wp\/v2\/product"}],"about":[{"href":"https:\/\/chilimag.hu\/webshop\/wp-json\/wp\/v2\/types\/product"}],"replies":[{"embeddable":true,"href":"https:\/\/chilimag.hu\/webshop\/wp-json\/wp\/v2\/comments?post=32798"}],"wp:featuredmedia":[{"embeddable":true,"href":"https:\/\/chilimag.hu\/webshop\/wp-json\/wp\/v2\/media\/32811"}],"wp:attachment":[{"href":"https:\/\/chilimag.hu\/webshop\/wp-json\/wp\/v2\/media?parent=32798"}],"wp:term":[{"taxonomy":"product_brand","embeddable":true,"href":"https:\/\/chilimag.hu\/webshop\/wp-json\/wp\/v2\/product_brand?post=32798"},{"taxonomy":"product_cat","embeddable":true,"href":"https:\/\/chilimag.hu\/webshop\/wp-json\/wp\/v2\/product_cat?post=32798"},{"taxonomy":"product_tag","embeddable":true,"href":"https:\/\/chilimag.hu\/webshop\/wp-json\/wp\/v2\/product_tag?post=32798"}],"curies":[{"name":"wp","href":"https:\/\/api.w.org\/{rel}","templated":true}]}}