{"id":32774,"date":"2024-07-17T15:59:59","date_gmt":"2024-07-17T15:59:59","guid":{"rendered":"https:\/\/chilimag.hu\/webshop\/?post_type=product&#038;p=32774"},"modified":"2026-03-08T14:11:14","modified_gmt":"2026-03-08T14:11:14","slug":"paprika-chorbadjiiski-hot-opal-bg","status":"publish","type":"product","link":"https:\/\/chilimag.hu\/webshop\/termek\/paprika-chorbadjiiski-hot-opal-bg\/","title":{"rendered":"Paprika Chorbadjiiski Hot Opal Bg"},"content":{"rendered":"","protected":false},"excerpt":{"rendered":"<p>Le\u00edr\u00e1s<\/p>\n<p>Enyh\u00e9n cs\u00edp\u0151s paprika, f\u00e9lkorai f\u00e9lcs\u00edp\u0151s fajta, Opal Bulg\u00e1ria<\/p>\n<p>Nagyon term\u0151 f\u00e9lkorai fajta, frissen fogyaszthat\u00f3 \u00e9s bef\u0151z\u00e9sre is alkalmas, ennek az \u00e9des fajt\u00e1nak nincs f\u0171szere. Term\u00e9sei l\u00f3g\u00f3ak, v\u00e9konyak, r\u00e1ncosak, \u00e9s k\u00fcl\u00f6n\u00f6sen a teteje fel\u00e9 nagyon hajlottak, k\u00f6r\u00fclbel\u00fcl 13-24 cm hossz\u00faak, \u00e1tlagosan 18-20 gramm s\u00faly\u00faak. Technikai \u00e9retts\u00e9gben a gy\u00fcm\u00f6lcs s\u00e1rga-borosty\u00e1n sz\u00edn\u0171, botanikai \u00e9retts\u00e9gben pedig v\u00f6r\u00f6s sz\u00edn\u0171.<\/p>\n<p>A korai termeszt\u00e9sn\u00e9l a vet\u00e9s febru\u00e1r 01-15-ig, a k\u00f6zepesn\u00e9l m\u00e1rcius 01-20-ig, a k\u00e9sei pedig \u00e1prilis 01-15-ig t\u00f6rt\u00e9nik 2-3 cm<\/p>\n<p>M\u0171szaki adatok:<\/p>\n<p>M\u00e9lys\u00e9ge 0,5-3 cm<br \/>\nFebru\u00e1r 01-15-ig, m\u00e1rcius 01-20-ig, \u00e1prilis 1-15-ig vetik<br \/>\nVet\u00e9smennyis\u00e9g 150-200 gramm\/hekt\u00e1r<br \/>\nA vet\u0151magb\u00f3l t\u00f6rt\u00e9n\u0151 termel\u00e9s t\u00edpusai<br \/>\n\u00c1ltal\u00e1noss\u00e1gok:<\/p>\n<p>\u00dcltet\u00e9s febru\u00e1r-\u00e1prilis<br \/>\nSz\u00fcret m\u00e1jus-okt\u00f3ber<br \/>\nVeget\u00e1ci\u00f3ja 95-105 nap<\/p>\n","protected":false},"featured_media":32776,"comment_status":"closed","ping_status":"closed","template":"","meta":[],"product_brand":[],"product_cat":[458],"product_tag":[],"class_list":{"0":"post-32774","1":"product","2":"type-product","3":"status-publish","4":"has-post-thumbnail","6":"product_cat-paprika-vetomagok-bolgar-opal-vetomagok","8":"first","9":"instock","10":"taxable","11":"shipping-taxable","12":"purchasable","13":"product-type-simple"},"_links":{"self":[{"href":"https:\/\/chilimag.hu\/webshop\/wp-json\/wp\/v2\/product\/32774","targetHints":{"allow":["GET"]}}],"collection":[{"href":"https:\/\/chilimag.hu\/webshop\/wp-json\/wp\/v2\/product"}],"about":[{"href":"https:\/\/chilimag.hu\/webshop\/wp-json\/wp\/v2\/types\/product"}],"replies":[{"embeddable":true,"href":"https:\/\/chilimag.hu\/webshop\/wp-json\/wp\/v2\/comments?post=32774"}],"wp:featuredmedia":[{"embeddable":true,"href":"https:\/\/chilimag.hu\/webshop\/wp-json\/wp\/v2\/media\/32776"}],"wp:attachment":[{"href":"https:\/\/chilimag.hu\/webshop\/wp-json\/wp\/v2\/media?parent=32774"}],"wp:term":[{"taxonomy":"product_brand","embeddable":true,"href":"https:\/\/chilimag.hu\/webshop\/wp-json\/wp\/v2\/product_brand?post=32774"},{"taxonomy":"product_cat","embeddable":true,"href":"https:\/\/chilimag.hu\/webshop\/wp-json\/wp\/v2\/product_cat?post=32774"},{"taxonomy":"product_tag","embeddable":true,"href":"https:\/\/chilimag.hu\/webshop\/wp-json\/wp\/v2\/product_tag?post=32774"}],"curies":[{"name":"wp","href":"https:\/\/api.w.org\/{rel}","templated":true}]}}