{"id":32771,"date":"2024-07-17T15:20:46","date_gmt":"2024-07-17T15:20:46","guid":{"rendered":"https:\/\/chilimag.hu\/webshop\/?post_type=product&#038;p=32771"},"modified":"2026-03-10T08:33:19","modified_gmt":"2026-03-10T08:33:19","slug":"takarmanyrepa-florian-bg","status":"publish","type":"product","link":"https:\/\/chilimag.hu\/webshop\/termek\/takarmanyrepa-florian-bg\/","title":{"rendered":"Takarm\u00e1nyr\u00e9pa Florian Bg"},"content":{"rendered":"","protected":false},"excerpt":{"rendered":"<p><img decoding=\"async\" class=\"img-inline\" src=\"https:\/\/brcci.eu\/cache\/thumbnails\/12ecd0e6e419f1b9b1484ef02ad361979dd8e054\/1a6c5e1406ad462ca86d17b2800862d7f837862c-829875ad0a268b741b7edd818ffce098.png\" alt=\"FLORIAN OOD\" \/><\/p>\n<p>Le\u00edr\u00e1s<\/p>\n<p>EKENDORF RED FEED r\u00e9pa &#8211; 50 gr-os kiszerel\u00e9s<\/p>\n<p>M\u00e1rcius 1-t\u0151l m\u00e1rcius 30-ig vetik.<\/p>\n<p>M\u0171szaki adatok<br \/>\nM\u00e9lys\u00e9ge 2-2,5 cm<br \/>\nM\u00e1rciust\u00f3l kezd\u0151d\u0151en vetik<br \/>\nVet\u0151mennyis\u00e9g 2-2,5 Kg\/hekt\u00e1r<br \/>\nA vet\u0151magb\u00f3l t\u00f6rt\u00e9n\u0151 termel\u00e9s t\u00edpusai<br \/>\n\u00c1ttekint\u00e9s<br \/>\nS\u00faly 100 gramm<br \/>\nM\u00e1rciusi \u00fcltet\u00e9s<br \/>\nAugusztusi betakar\u00edt\u00e1s<br \/>\nVeget\u00e1ci\u00f3ja 125-130 nap<\/p>\n<p>Inform\u00e1ci\u00f3s c\u00edmk\u00e9k:<br \/>\nekendorf paradicsom, takarm\u00e1nyr\u00e9pa magok ekendorf paradicsom, takarm\u00e1nyr\u00e9pa magok online ekendorf paradicsom, r\u00e9pa<br \/>\ntakarm\u00e1ny, extra korai takarm\u00e1nyr\u00e9pa, sz\u00e1nt\u00f3f\u00f6ldi v\u00f6r\u00f6s takarm\u00e1nyr\u00e9pa, v\u00f6r\u00f6s produkt\u00edv takarm\u00e1nyr\u00e9pa ekendorf,<br \/>\nprofesszion\u00e1lis takarm\u00e1nyr\u00e9pa vet\u0151mag, nagyfej\u0171 takarm\u00e1nyr\u00e9pa, olcs\u00f3 z\u00f6lds\u00e9gmag, r\u00e9pa hibrid<br \/>\ntakarm\u00e1ny, legjobb takarm\u00e1nyr\u00e9pa vet\u0151mag, v\u00f6r\u00f6s takarm\u00e1nyr\u00e9pa vet\u0151mag forgalmaz\u00f3 ekendorf florian,<br \/>\nflorian mag k\u00e9pvisel\u0151je, ekendorf paradicsom bolg\u00e1r z\u00f6lds\u00e9gmag k\u00e9pvisel\u0151je<\/p>\n","protected":false},"featured_media":32772,"comment_status":"closed","ping_status":"closed","template":"","meta":[],"product_brand":[],"product_cat":[370,386],"product_tag":[],"class_list":{"0":"post-32771","1":"product","2":"type-product","3":"status-publish","4":"has-post-thumbnail","6":"product_cat-kedvenceink-elesege-vetomagok","7":"product_cat-zoldseg-vetomagok-bolgar-florian-vetomagok","9":"first","10":"instock","11":"taxable","12":"shipping-taxable","13":"purchasable","14":"product-type-simple"},"_links":{"self":[{"href":"https:\/\/chilimag.hu\/webshop\/wp-json\/wp\/v2\/product\/32771","targetHints":{"allow":["GET"]}}],"collection":[{"href":"https:\/\/chilimag.hu\/webshop\/wp-json\/wp\/v2\/product"}],"about":[{"href":"https:\/\/chilimag.hu\/webshop\/wp-json\/wp\/v2\/types\/product"}],"replies":[{"embeddable":true,"href":"https:\/\/chilimag.hu\/webshop\/wp-json\/wp\/v2\/comments?post=32771"}],"wp:featuredmedia":[{"embeddable":true,"href":"https:\/\/chilimag.hu\/webshop\/wp-json\/wp\/v2\/media\/32772"}],"wp:attachment":[{"href":"https:\/\/chilimag.hu\/webshop\/wp-json\/wp\/v2\/media?parent=32771"}],"wp:term":[{"taxonomy":"product_brand","embeddable":true,"href":"https:\/\/chilimag.hu\/webshop\/wp-json\/wp\/v2\/product_brand?post=32771"},{"taxonomy":"product_cat","embeddable":true,"href":"https:\/\/chilimag.hu\/webshop\/wp-json\/wp\/v2\/product_cat?post=32771"},{"taxonomy":"product_tag","embeddable":true,"href":"https:\/\/chilimag.hu\/webshop\/wp-json\/wp\/v2\/product_tag?post=32771"}],"curies":[{"name":"wp","href":"https:\/\/api.w.org\/{rel}","templated":true}]}}