{"id":32764,"date":"2024-07-16T17:14:38","date_gmt":"2024-07-16T17:14:38","guid":{"rendered":"https:\/\/chilimag.hu\/webshop\/?post_type=product&#038;p=32764"},"modified":"2026-03-08T20:56:41","modified_gmt":"2026-03-08T20:56:41","slug":"afrikai-koromvirag-florian-bg","status":"publish","type":"product","link":"https:\/\/chilimag.hu\/webshop\/termek\/afrikai-koromvirag-florian-bg\/","title":{"rendered":"Afrikai k\u00f6r\u00f6mvir\u00e1g Florian Bg"},"content":{"rendered":"","protected":false},"excerpt":{"rendered":"<p><img decoding=\"async\" class=\"img-inline\" src=\"https:\/\/brcci.eu\/cache\/thumbnails\/12ecd0e6e419f1b9b1484ef02ad361979dd8e054\/1a6c5e1406ad462ca86d17b2800862d7f837862c-829875ad0a268b741b7edd818ffce098.png\" alt=\"FLORIAN OOD\" \/><\/p>\n<p>Le\u00edr\u00e1s<\/p>\n<p>A talajt bor\u00edt\u00f3 egyny\u00e1ri n\u00f6v\u00e9ny. Er\u0151s napf\u00e9nyben \u00e9s homokos, j\u00f3 v\u00edzelvezet\u00e9s\u0171 talajban n\u0151. A pal\u00e1nt\u00e1kon kereszt\u00fcl n\u0151. A magokat m\u00e1rciusban vetj\u00fck el, egyenletesen elter\u00edtj\u00fck, felverj\u00fck, majd \u00fcveggel letakarjuk. Az el\u0151k\u00e9sz\u00edtett n\u00f6v\u00e9nyeket m\u00e1jus v\u00e9g\u00e9n 15\/15 cm-es t\u00e1vols\u00e1gra \u00e1t\u00fcltetj\u00fck. K\u00f6zvetlen vet\u00e9shez a magvakat \u00e1prilisban vetj\u00fck el a vir\u00e1gz\u00e1sra kijel\u00f6lt helyre. J\u00faniust\u00f3l szeptemberig vir\u00e1gzik. Magass\u00e1g 30 cm.<\/p>\n<p>M\u0171szaki adatok:<\/p>\n<p>M\u00e1rciust\u00f3l kezd\u0151d\u0151en vetik<br \/>\nA magvakb\u00f3l, pal\u00e1nt\u00e1kb\u00f3l t\u00f6rt\u00e9n\u0151 el\u0151\u00e1ll\u00edt\u00e1s fajt\u00e1i<br \/>\n\u00c1ltal\u00e1noss\u00e1gok:<br \/>\n\u00dcltet\u00e9s m\u00e1rcius-m\u00e1jus<br \/>\nSz\u00fcret j\u00fanius-szeptember<br \/>\nVeget\u00e1ci\u00f3 90 nap<\/p>\n<p>A csomag 0,3 gr magot tartalmaz<\/p>\n","protected":false},"featured_media":32765,"comment_status":"closed","ping_status":"closed","template":"","meta":[],"product_brand":[],"product_cat":[384],"product_tag":[],"class_list":{"0":"post-32764","1":"product","2":"type-product","3":"status-publish","4":"has-post-thumbnail","6":"product_cat-virag-vetomagok-bolgar-florian-vetomagok","8":"first","9":"instock","10":"taxable","11":"shipping-taxable","12":"purchasable","13":"product-type-simple"},"_links":{"self":[{"href":"https:\/\/chilimag.hu\/webshop\/wp-json\/wp\/v2\/product\/32764","targetHints":{"allow":["GET"]}}],"collection":[{"href":"https:\/\/chilimag.hu\/webshop\/wp-json\/wp\/v2\/product"}],"about":[{"href":"https:\/\/chilimag.hu\/webshop\/wp-json\/wp\/v2\/types\/product"}],"replies":[{"embeddable":true,"href":"https:\/\/chilimag.hu\/webshop\/wp-json\/wp\/v2\/comments?post=32764"}],"wp:featuredmedia":[{"embeddable":true,"href":"https:\/\/chilimag.hu\/webshop\/wp-json\/wp\/v2\/media\/32765"}],"wp:attachment":[{"href":"https:\/\/chilimag.hu\/webshop\/wp-json\/wp\/v2\/media?parent=32764"}],"wp:term":[{"taxonomy":"product_brand","embeddable":true,"href":"https:\/\/chilimag.hu\/webshop\/wp-json\/wp\/v2\/product_brand?post=32764"},{"taxonomy":"product_cat","embeddable":true,"href":"https:\/\/chilimag.hu\/webshop\/wp-json\/wp\/v2\/product_cat?post=32764"},{"taxonomy":"product_tag","embeddable":true,"href":"https:\/\/chilimag.hu\/webshop\/wp-json\/wp\/v2\/product_tag?post=32764"}],"curies":[{"name":"wp","href":"https:\/\/api.w.org\/{rel}","templated":true}]}}