{"id":32762,"date":"2024-07-16T17:03:52","date_gmt":"2024-07-16T17:03:52","guid":{"rendered":"https:\/\/chilimag.hu\/webshop\/?post_type=product&#038;p=32762"},"modified":"2026-02-25T10:09:38","modified_gmt":"2026-02-25T10:09:38","slug":"rozmaring-florian-bg","status":"publish","type":"product","link":"https:\/\/chilimag.hu\/webshop\/termek\/rozmaring-florian-bg\/","title":{"rendered":"Rozmaring Florian Bg"},"content":{"rendered":"","protected":false},"excerpt":{"rendered":"<p><img decoding=\"async\" class=\"img-inline\" src=\"https:\/\/brcci.eu\/cache\/thumbnails\/12ecd0e6e419f1b9b1484ef02ad361979dd8e054\/1a6c5e1406ad462ca86d17b2800862d7f837862c-829875ad0a268b741b7edd818ffce098.png\" alt=\"FLORIAN OOD\" \/><\/p>\n<p>A rozmaring egy arom\u00e1s n\u00f6v\u00e9ny, amelyet szinte minden kult\u00far\u00e1ban gyakran haszn\u00e1lnak. Kifejezetten k\u00fcl\u00f6nleges arom\u00e1ja miatt termesztik, de a k\u00fcl\u00f6nf\u00e9le gy\u00f3gy\u00e1szati \u200b\u200bkezel\u00e9sekben is hasznos\u00edthat\u00f3 el\u0151nyei miatt.<\/p>\n<p>A rozmaringmag \u00fcltet\u00e9se t\u00f6rt\u00e9nhet tavasszal vagy \u0151sszel cser\u00e9pben, majd kertben, lehet\u0151leg nagyon j\u00f3l fellaz\u00edtott \u00e9s lecsapolt talajba. A rozmaring n\u00f6v\u00e9ny el\u0151nye, hogy nagyon k\u00f6nnyen tud alkalmazkodni a k\u00fcl\u00f6nf\u00e9le n\u00f6veked\u00e9si felt\u00e9telekhez.<\/p>\n<p>A rozmaring egy arom\u00e1s n\u00f6v\u00e9ny, amely \u00e1ltal\u00e1ban a napos ter\u00fcleteket \u00e9s a j\u00f3 v\u00edzelvezet\u00e9s\u0171 talajokat kedveli. A leghat\u00e9konyabb szapor\u00edt\u00e1s a rozmaring eset\u00e9ben dugv\u00e1nyokkal t\u00f6rt\u00e9nik.<\/p>\n<p>A rozmaring n\u00f6v\u00e9ny m\u00e9rete ak\u00e1r a 1,5 m\u00e9tert is el\u00e9rheti \u00e9s a betakar\u00edt\u00e1s eg\u00e9sz \u00e9vben v\u00e9gezhet\u0151, c\u00e9lszer\u0171 mindig az egy \u00e9vesn\u00e9l id\u0151sebb \u00e1gakat lev\u00e1gni.<\/p>\n","protected":false},"featured_media":32763,"comment_status":"closed","ping_status":"closed","template":"","meta":[],"product_brand":[],"product_cat":[374],"product_tag":[],"class_list":{"0":"post-32762","1":"product","2":"type-product","3":"status-publish","4":"has-post-thumbnail","6":"product_cat-fuszer-es-gyogynoveny-vetomagok-bolgar-florian-vetomagok","8":"first","9":"instock","10":"taxable","11":"shipping-taxable","12":"purchasable","13":"product-type-simple"},"_links":{"self":[{"href":"https:\/\/chilimag.hu\/webshop\/wp-json\/wp\/v2\/product\/32762","targetHints":{"allow":["GET"]}}],"collection":[{"href":"https:\/\/chilimag.hu\/webshop\/wp-json\/wp\/v2\/product"}],"about":[{"href":"https:\/\/chilimag.hu\/webshop\/wp-json\/wp\/v2\/types\/product"}],"replies":[{"embeddable":true,"href":"https:\/\/chilimag.hu\/webshop\/wp-json\/wp\/v2\/comments?post=32762"}],"wp:featuredmedia":[{"embeddable":true,"href":"https:\/\/chilimag.hu\/webshop\/wp-json\/wp\/v2\/media\/32763"}],"wp:attachment":[{"href":"https:\/\/chilimag.hu\/webshop\/wp-json\/wp\/v2\/media?parent=32762"}],"wp:term":[{"taxonomy":"product_brand","embeddable":true,"href":"https:\/\/chilimag.hu\/webshop\/wp-json\/wp\/v2\/product_brand?post=32762"},{"taxonomy":"product_cat","embeddable":true,"href":"https:\/\/chilimag.hu\/webshop\/wp-json\/wp\/v2\/product_cat?post=32762"},{"taxonomy":"product_tag","embeddable":true,"href":"https:\/\/chilimag.hu\/webshop\/wp-json\/wp\/v2\/product_tag?post=32762"}],"curies":[{"name":"wp","href":"https:\/\/api.w.org\/{rel}","templated":true}]}}