{"id":32759,"date":"2024-07-16T16:55:08","date_gmt":"2024-07-16T16:55:08","guid":{"rendered":"https:\/\/chilimag.hu\/webshop\/?post_type=product&#038;p=32759"},"modified":"2026-02-24T13:34:16","modified_gmt":"2026-02-24T13:34:16","slug":"oregano-florian-bg","status":"publish","type":"product","link":"https:\/\/chilimag.hu\/webshop\/termek\/oregano-florian-bg\/","title":{"rendered":"Oregano Florian Bg"},"content":{"rendered":"","protected":false},"excerpt":{"rendered":"<p><img decoding=\"async\" class=\"img-inline\" src=\"https:\/\/brcci.eu\/cache\/thumbnails\/12ecd0e6e419f1b9b1484ef02ad361979dd8e054\/1a6c5e1406ad462ca86d17b2800862d7f837862c-829875ad0a268b741b7edd818ffce098.png\" alt=\"FLORIAN OOD\" \/><\/p>\n<p>Hivatalos n\u00e9v: Origanum vulgare<\/p>\n<p>N\u00e9pszer\u0171 n\u00e9v: Oregano<\/p>\n<p>Az oreg\u00e1n\u00f3 egy \u00e9vel\u0151 n\u00f6v\u00e9ny, 50-60 cm magas.<\/p>\n<p>A vir\u00e1gok kicsik, lila sz\u00edn\u0171ek.<\/p>\n<p>A n\u00f6v\u00e9ny ellen\u00e1ll a sz\u00e1razs\u00e1gnak.<\/p>\n<p>A vir\u00e1gos hajt\u00e1sokat j\u00fanius \u00e9s szeptember k\u00f6z\u00f6tt sz\u00fcretelik.<\/p>\n<p>Az \u00e9lelmiszer- \u00e9s gy\u00f3gyszeriparban haszn\u00e1lj\u00e1k.<\/p>\n<p>Szabadf\u00f6ldi vet\u00e9s: \u00e1prilis-m\u00e1jus; szeptember<\/p>\n<p>N\u00f6v\u00e9nyek k\u00f6z\u00f6tti t\u00e1vols\u00e1g: 20&#215;20 cm.<\/p>\n<p>Sz\u00fcret: j\u00fanius-j\u00falius; szeptember okt\u00f3ber.<\/p>\n","protected":false},"featured_media":32760,"comment_status":"closed","ping_status":"closed","template":"","meta":[],"product_brand":[],"product_cat":[374],"product_tag":[],"class_list":{"0":"post-32759","1":"product","2":"type-product","3":"status-publish","4":"has-post-thumbnail","6":"product_cat-fuszer-es-gyogynoveny-vetomagok-bolgar-florian-vetomagok","8":"first","9":"instock","10":"taxable","11":"shipping-taxable","12":"purchasable","13":"product-type-simple"},"_links":{"self":[{"href":"https:\/\/chilimag.hu\/webshop\/wp-json\/wp\/v2\/product\/32759","targetHints":{"allow":["GET"]}}],"collection":[{"href":"https:\/\/chilimag.hu\/webshop\/wp-json\/wp\/v2\/product"}],"about":[{"href":"https:\/\/chilimag.hu\/webshop\/wp-json\/wp\/v2\/types\/product"}],"replies":[{"embeddable":true,"href":"https:\/\/chilimag.hu\/webshop\/wp-json\/wp\/v2\/comments?post=32759"}],"wp:featuredmedia":[{"embeddable":true,"href":"https:\/\/chilimag.hu\/webshop\/wp-json\/wp\/v2\/media\/32760"}],"wp:attachment":[{"href":"https:\/\/chilimag.hu\/webshop\/wp-json\/wp\/v2\/media?parent=32759"}],"wp:term":[{"taxonomy":"product_brand","embeddable":true,"href":"https:\/\/chilimag.hu\/webshop\/wp-json\/wp\/v2\/product_brand?post=32759"},{"taxonomy":"product_cat","embeddable":true,"href":"https:\/\/chilimag.hu\/webshop\/wp-json\/wp\/v2\/product_cat?post=32759"},{"taxonomy":"product_tag","embeddable":true,"href":"https:\/\/chilimag.hu\/webshop\/wp-json\/wp\/v2\/product_tag?post=32759"}],"curies":[{"name":"wp","href":"https:\/\/api.w.org\/{rel}","templated":true}]}}