{"id":32757,"date":"2024-07-16T16:18:17","date_gmt":"2024-07-16T16:18:17","guid":{"rendered":"https:\/\/chilimag.hu\/webshop\/?post_type=product&#038;p=32757"},"modified":"2026-03-21T20:23:37","modified_gmt":"2026-03-21T20:23:37","slug":"kakukkfu-florian-bg","status":"publish","type":"product","link":"https:\/\/chilimag.hu\/webshop\/termek\/kakukkfu-florian-bg\/","title":{"rendered":"Kakukkf\u0171 Florian Bg"},"content":{"rendered":"","protected":false},"excerpt":{"rendered":"<p><img decoding=\"async\" class=\"img-inline\" src=\"https:\/\/brcci.eu\/cache\/thumbnails\/12ecd0e6e419f1b9b1484ef02ad361979dd8e054\/1a6c5e1406ad462ca86d17b2800862d7f837862c-829875ad0a268b741b7edd818ffce098.png\" alt=\"FLORIAN OOD\" \/><\/p>\n<p>Le\u00edr\u00e1s<\/p>\n<p>A kakukkf\u0171 egy \u00e9vel\u0151 n\u00f6v\u00e9ny, 10-30 cm magas. M\u00e9ly \u00e9s gazdag talajokon \u00e9s napos helyeken n\u0151. A magokat augusztus elej\u00e9n vetj\u00fck el, \u00e9s amikor a pal\u00e1nta el\u00e9ri a 10 cm-es magass\u00e1got, \u00e1lland\u00f3 helyre \u00fcltetj\u00fck. Nagy hideg\u00e1ll\u00f3s\u00e1ggal rendelkezik.<\/p>\n<p>Vet\u00e9si id\u0151szak: m\u00e1rciusban vagy augusztus elej\u00e9n.<\/p>\n<p>Sz\u00fcret: j\u00fanius-szeptember.<\/p>\n<p>A magok mennyis\u00e9ge zs\u00e1konk\u00e9nt: 0,5 gramm<\/p>\n<p>M\u0171szaki adatok:<\/p>\n<p>M\u00e9lys\u00e9ge 2 cm<br \/>\nM\u00e1rciust\u00f3l, augusztust\u00f3l kezd\u0151d\u0151en vetik<br \/>\nA magvakb\u00f3l, pal\u00e1nt\u00e1kb\u00f3l t\u00f6rt\u00e9n\u0151 el\u0151\u00e1ll\u00edt\u00e1s fajt\u00e1i<br \/>\n\u00c1ltal\u00e1noss\u00e1gok:<\/p>\n<p>\u00dcltet\u00e9s m\u00e1jus, szeptember<br \/>\nSz\u00fcret j\u00fanius-augusztus<br \/>\nVeget\u00e1ci\u00f3 100 nap<\/p>\n","protected":false},"featured_media":32758,"comment_status":"closed","ping_status":"closed","template":"","meta":[],"product_brand":[],"product_cat":[374],"product_tag":[],"class_list":{"0":"post-32757","1":"product","2":"type-product","3":"status-publish","4":"has-post-thumbnail","6":"product_cat-fuszer-es-gyogynoveny-vetomagok-bolgar-florian-vetomagok","8":"first","9":"instock","10":"taxable","11":"shipping-taxable","12":"purchasable","13":"product-type-simple"},"_links":{"self":[{"href":"https:\/\/chilimag.hu\/webshop\/wp-json\/wp\/v2\/product\/32757","targetHints":{"allow":["GET"]}}],"collection":[{"href":"https:\/\/chilimag.hu\/webshop\/wp-json\/wp\/v2\/product"}],"about":[{"href":"https:\/\/chilimag.hu\/webshop\/wp-json\/wp\/v2\/types\/product"}],"replies":[{"embeddable":true,"href":"https:\/\/chilimag.hu\/webshop\/wp-json\/wp\/v2\/comments?post=32757"}],"wp:featuredmedia":[{"embeddable":true,"href":"https:\/\/chilimag.hu\/webshop\/wp-json\/wp\/v2\/media\/32758"}],"wp:attachment":[{"href":"https:\/\/chilimag.hu\/webshop\/wp-json\/wp\/v2\/media?parent=32757"}],"wp:term":[{"taxonomy":"product_brand","embeddable":true,"href":"https:\/\/chilimag.hu\/webshop\/wp-json\/wp\/v2\/product_brand?post=32757"},{"taxonomy":"product_cat","embeddable":true,"href":"https:\/\/chilimag.hu\/webshop\/wp-json\/wp\/v2\/product_cat?post=32757"},{"taxonomy":"product_tag","embeddable":true,"href":"https:\/\/chilimag.hu\/webshop\/wp-json\/wp\/v2\/product_tag?post=32757"}],"curies":[{"name":"wp","href":"https:\/\/api.w.org\/{rel}","templated":true}]}}