{"id":32751,"date":"2024-07-15T14:38:47","date_gmt":"2024-07-15T14:38:47","guid":{"rendered":"https:\/\/chilimag.hu\/webshop\/?post_type=product&#038;p=32751"},"modified":"2026-04-06T17:56:49","modified_gmt":"2026-04-06T17:56:49","slug":"csemegekukorica-noa-f1-florian-bg","status":"publish","type":"product","link":"https:\/\/chilimag.hu\/webshop\/termek\/csemegekukorica-noa-f1-florian-bg\/","title":{"rendered":"Csemegekukorica Noa F1 Profy Line Florian Bg"},"content":{"rendered":"","protected":false},"excerpt":{"rendered":"<p><img decoding=\"async\" class=\"img-inline\" src=\"https:\/\/brcci.eu\/cache\/thumbnails\/12ecd0e6e419f1b9b1484ef02ad361979dd8e054\/1a6c5e1406ad462ca86d17b2800862d7f837862c-829875ad0a268b741b7edd818ffce098.png\" alt=\"FLORIAN OOD\" \/><\/p>\n<p>Le\u00edr\u00e1s:<br \/>\nKorai kukorica hibrid a szuper \u00e9des csoportb\u00f3l.<br \/>\nA n\u00f6v\u00e9nyek 1,95 m magasak, a csutka beilleszt\u00e9si magass\u00e1ga 70 cm.<br \/>\nA h\u00fcvelyek \u00e1tlagosan 20 cm hossz\u00faak, 16-18 sorosak, \u00e9l\u00e9nks\u00e1rg\u00e1k.<\/p>\n<p>Friss fogyaszt\u00e1s \u00e9s feldolgoz\u00e1s.<\/p>\n<p>Kiszerel\u00e9s: 50 mag (10 gr)<br \/>\nA k\u00f3rokoz\u00f3kkal szembeni rezisztencia:<br \/>\nNCLB \u2013 Helminthosporium tucicum (Northern Corn Leaf Blight) \u2013 A kukoricalev\u00e9l foltosod\u00e1sa \u00e9s hervad\u00e1sa.<br \/>\nSCLB \u2013 Helminthosporium maydis (D\u00e9li kukoricalev\u00e9l-v\u00e9sz).<br \/>\nEs \u2013 Erwinia stewartii.<\/p>\n","protected":false},"featured_media":32752,"comment_status":"closed","ping_status":"closed","template":"","meta":[],"product_brand":[],"product_cat":[379],"product_tag":[],"class_list":{"0":"post-32751","1":"product","2":"type-product","3":"status-publish","4":"has-post-thumbnail","6":"product_cat-kukorica-vetomagok","8":"first","9":"instock","10":"taxable","11":"shipping-taxable","12":"purchasable","13":"product-type-simple"},"_links":{"self":[{"href":"https:\/\/chilimag.hu\/webshop\/wp-json\/wp\/v2\/product\/32751","targetHints":{"allow":["GET"]}}],"collection":[{"href":"https:\/\/chilimag.hu\/webshop\/wp-json\/wp\/v2\/product"}],"about":[{"href":"https:\/\/chilimag.hu\/webshop\/wp-json\/wp\/v2\/types\/product"}],"replies":[{"embeddable":true,"href":"https:\/\/chilimag.hu\/webshop\/wp-json\/wp\/v2\/comments?post=32751"}],"wp:featuredmedia":[{"embeddable":true,"href":"https:\/\/chilimag.hu\/webshop\/wp-json\/wp\/v2\/media\/32752"}],"wp:attachment":[{"href":"https:\/\/chilimag.hu\/webshop\/wp-json\/wp\/v2\/media?parent=32751"}],"wp:term":[{"taxonomy":"product_brand","embeddable":true,"href":"https:\/\/chilimag.hu\/webshop\/wp-json\/wp\/v2\/product_brand?post=32751"},{"taxonomy":"product_cat","embeddable":true,"href":"https:\/\/chilimag.hu\/webshop\/wp-json\/wp\/v2\/product_cat?post=32751"},{"taxonomy":"product_tag","embeddable":true,"href":"https:\/\/chilimag.hu\/webshop\/wp-json\/wp\/v2\/product_tag?post=32751"}],"curies":[{"name":"wp","href":"https:\/\/api.w.org\/{rel}","templated":true}]}}