{"id":32747,"date":"2024-07-15T14:03:32","date_gmt":"2024-07-15T14:03:32","guid":{"rendered":"https:\/\/chilimag.hu\/webshop\/?post_type=product&#038;p=32747"},"modified":"2026-02-27T19:15:04","modified_gmt":"2026-02-27T19:15:04","slug":"salata-valmaine-florian-bg","status":"publish","type":"product","link":"https:\/\/chilimag.hu\/webshop\/termek\/salata-valmaine-florian-bg\/","title":{"rendered":"Sal\u00e1ta Valmaine Florian Bg"},"content":{"rendered":"","protected":false},"excerpt":{"rendered":"<p><img decoding=\"async\" class=\"img-inline\" src=\"https:\/\/brcci.eu\/cache\/thumbnails\/12ecd0e6e419f1b9b1484ef02ad361979dd8e054\/1a6c5e1406ad462ca86d17b2800862d7f837862c-829875ad0a268b741b7edd818ffce098.png\" alt=\"FLORIAN OOD\" \/><\/p>\n<p>Le\u00edr\u00e1s<\/p>\n<p>F\u00e9lkorai sal\u00e1tafajta, nagy, f\u00fcgg\u0151leges fejjel, smaragd sz\u00edn\u0171 levelekkel \u00e9s kr\u00e9mfeh\u00e9r maggal. Kiv\u00e1l\u00f3 \u00edze van. Nagyon alkalmas fajta a hagyom\u00e1nyos c\u00e9z\u00e1r sal\u00e1t\u00e1hoz. Nagyon j\u00f3l t\u0171ri a magas h\u0151m\u00e9rs\u00e9kletet.<\/p>\n<p>M\u0171szaki adatok:<\/p>\n<p>M\u00e9lys\u00e9ge 1-1,5 cm<br \/>\nJanu\u00e1rt\u00f3l kezd\u0151d\u0151en vet\u00e9s<br \/>\nVet\u00e9smennyis\u00e9g 40-50 gramm\/hekt\u00e1r<br \/>\nA vet\u0151magb\u00f3l t\u00f6rt\u00e9n\u0151 termel\u00e9s t\u00edpusai<br \/>\n\u00c1ltal\u00e1noss\u00e1gok:<\/p>\n<p>700-900 magot tartalmaz grammonk\u00e9nt<br \/>\nS\u00falya 3 gramm<br \/>\n\u00dcltet\u00e9s janu\u00e1r-febru\u00e1r, szeptember<br \/>\nSz\u00fcret \u00e1prilis-december<br \/>\nVeget\u00e1ci\u00f3ja 70-80 nap<\/p>\n","protected":false},"featured_media":32748,"comment_status":"closed","ping_status":"closed","template":"","meta":[],"product_brand":[],"product_cat":[382],"product_tag":[],"class_list":{"0":"post-32747","1":"product","2":"type-product","3":"status-publish","4":"has-post-thumbnail","6":"product_cat-salata-es-retek-vetomagok","8":"first","9":"instock","10":"taxable","11":"shipping-taxable","12":"purchasable","13":"product-type-simple"},"_links":{"self":[{"href":"https:\/\/chilimag.hu\/webshop\/wp-json\/wp\/v2\/product\/32747","targetHints":{"allow":["GET"]}}],"collection":[{"href":"https:\/\/chilimag.hu\/webshop\/wp-json\/wp\/v2\/product"}],"about":[{"href":"https:\/\/chilimag.hu\/webshop\/wp-json\/wp\/v2\/types\/product"}],"replies":[{"embeddable":true,"href":"https:\/\/chilimag.hu\/webshop\/wp-json\/wp\/v2\/comments?post=32747"}],"wp:featuredmedia":[{"embeddable":true,"href":"https:\/\/chilimag.hu\/webshop\/wp-json\/wp\/v2\/media\/32748"}],"wp:attachment":[{"href":"https:\/\/chilimag.hu\/webshop\/wp-json\/wp\/v2\/media?parent=32747"}],"wp:term":[{"taxonomy":"product_brand","embeddable":true,"href":"https:\/\/chilimag.hu\/webshop\/wp-json\/wp\/v2\/product_brand?post=32747"},{"taxonomy":"product_cat","embeddable":true,"href":"https:\/\/chilimag.hu\/webshop\/wp-json\/wp\/v2\/product_cat?post=32747"},{"taxonomy":"product_tag","embeddable":true,"href":"https:\/\/chilimag.hu\/webshop\/wp-json\/wp\/v2\/product_tag?post=32747"}],"curies":[{"name":"wp","href":"https:\/\/api.w.org\/{rel}","templated":true}]}}