{"id":32743,"date":"2024-07-15T13:52:28","date_gmt":"2024-07-15T13:52:28","guid":{"rendered":"https:\/\/chilimag.hu\/webshop\/?post_type=product&#038;p=32743"},"modified":"2026-02-25T10:09:38","modified_gmt":"2026-02-25T10:09:38","slug":"salata-american-brauner-florian-bg","status":"publish","type":"product","link":"https:\/\/chilimag.hu\/webshop\/termek\/salata-american-brauner-florian-bg\/","title":{"rendered":"Sal\u00e1ta American Brauner Florian Bg"},"content":{"rendered":"","protected":false},"excerpt":{"rendered":"<p><img decoding=\"async\" class=\"img-inline\" src=\"https:\/\/brcci.eu\/cache\/thumbnails\/12ecd0e6e419f1b9b1484ef02ad361979dd8e054\/1a6c5e1406ad462ca86d17b2800862d7f837862c-829875ad0a268b741b7edd818ffce098.png\" alt=\"FLORIAN OOD\" \/><\/p>\n<p>Le\u00edr\u00e1s<\/p>\n<p>Korai sal\u00e1tafajta, nyitott levelekkel nagy rozett\u00e1t alkot.<\/p>\n<p>Levelei z\u00f6ldes-bronz sz\u00edn\u0171ek, sz\u00e9l\u00fck\u00f6n enyh\u00e9n r\u00e1ncosak, nagyon finomak \u00e9s \u00edzletesek.<\/p>\n<p>Veget\u00e1ci\u00f3s id\u0151szak: 60-70 nap.<\/p>\n<p>A magokat a sorok k\u00f6z\u00f6tt 30 cm, soronk\u00e9nt 20 cm t\u00e1vols\u00e1gra vetj\u00fck el. Az \u0151szi n\u00f6v\u00e9nyek \u00fcltet\u00e9se okt\u00f3ber 20-25-ig, a tavaszi n\u00f6v\u00e9nyek\u00e9 janu\u00e1r 25-febru\u00e1r 5-ig t\u00f6rt\u00e9nik.<\/p>\n<p>Magok mennyis\u00e9ge zs\u00e1konk\u00e9nt: 2 gramm.<\/p>\n<p>M\u0171szaki adatok:<\/p>\n<p>M\u00e9lys\u00e9ge 1-1,5 cm<br \/>\nJanu\u00e1rt\u00f3l kezd\u0151d\u0151en vet\u00e9s<br \/>\nVet\u00e9smennyis\u00e9g 40-50 gramm\/hekt\u00e1r<br \/>\nA magvakb\u00f3l, pal\u00e1nt\u00e1kb\u00f3l t\u00f6rt\u00e9n\u0151 el\u0151\u00e1ll\u00edt\u00e1s fajt\u00e1i<br \/>\n\u00c1ltal\u00e1noss\u00e1gok:<\/p>\n<p>700-900 magot tartalmaz grammonk\u00e9nt<br \/>\nS\u00falya 2 gramm<br \/>\n\u00dcltet\u00e9s janu\u00e1r-febru\u00e1r, szeptember<br \/>\nSz\u00fcret m\u00e1rcius-\u00e1prilis, november<br \/>\nVeget\u00e1ci\u00f3ja 60-70 nap<\/p>\n","protected":false},"featured_media":32744,"comment_status":"closed","ping_status":"closed","template":"","meta":[],"product_brand":[],"product_cat":[382],"product_tag":[],"class_list":{"0":"post-32743","1":"product","2":"type-product","3":"status-publish","4":"has-post-thumbnail","6":"product_cat-salata-es-retek-vetomagok","8":"first","9":"instock","10":"taxable","11":"shipping-taxable","12":"purchasable","13":"product-type-simple"},"_links":{"self":[{"href":"https:\/\/chilimag.hu\/webshop\/wp-json\/wp\/v2\/product\/32743","targetHints":{"allow":["GET"]}}],"collection":[{"href":"https:\/\/chilimag.hu\/webshop\/wp-json\/wp\/v2\/product"}],"about":[{"href":"https:\/\/chilimag.hu\/webshop\/wp-json\/wp\/v2\/types\/product"}],"replies":[{"embeddable":true,"href":"https:\/\/chilimag.hu\/webshop\/wp-json\/wp\/v2\/comments?post=32743"}],"wp:featuredmedia":[{"embeddable":true,"href":"https:\/\/chilimag.hu\/webshop\/wp-json\/wp\/v2\/media\/32744"}],"wp:attachment":[{"href":"https:\/\/chilimag.hu\/webshop\/wp-json\/wp\/v2\/media?parent=32743"}],"wp:term":[{"taxonomy":"product_brand","embeddable":true,"href":"https:\/\/chilimag.hu\/webshop\/wp-json\/wp\/v2\/product_brand?post=32743"},{"taxonomy":"product_cat","embeddable":true,"href":"https:\/\/chilimag.hu\/webshop\/wp-json\/wp\/v2\/product_cat?post=32743"},{"taxonomy":"product_tag","embeddable":true,"href":"https:\/\/chilimag.hu\/webshop\/wp-json\/wp\/v2\/product_tag?post=32743"}],"curies":[{"name":"wp","href":"https:\/\/api.w.org\/{rel}","templated":true}]}}