{"id":32739,"date":"2024-07-15T13:39:04","date_gmt":"2024-07-15T13:39:04","guid":{"rendered":"https:\/\/chilimag.hu\/webshop\/?post_type=product&#038;p=32739"},"modified":"2026-02-06T20:34:56","modified_gmt":"2026-02-06T20:34:56","slug":"salata-gentilina-florian-bg","status":"publish","type":"product","link":"https:\/\/chilimag.hu\/webshop\/termek\/salata-gentilina-florian-bg\/","title":{"rendered":"Sal\u00e1ta Gentilina Florian Bg"},"content":{"rendered":"","protected":false},"excerpt":{"rendered":"<p><img decoding=\"async\" class=\"img-inline\" src=\"https:\/\/brcci.eu\/cache\/thumbnails\/12ecd0e6e419f1b9b1484ef02ad361979dd8e054\/1a6c5e1406ad462ca86d17b2800862d7f837862c-829875ad0a268b741b7edd818ffce098.png\" alt=\"FLORIAN OOD\" \/><\/p>\n<p>Le\u00edr\u00e1s<\/p>\n<p>Korai fajta creata sal\u00e1ta, eg\u00e9sz \u00e9vben gy\u00e1rthat\u00f3. Nagy, z\u00f6ld rozett\u00e1t k\u00e9pez, sok z\u00f6ld lev\u00e9llel, l\u00e1gy \u00e9s l\u00e9d\u00fas, kiv\u00e1l\u00f3 \u00edz\u0171. A fajta el\u00e9ri a 0,500-0,600 kg-os s\u00falyt, \u00e9s 55-75 napig ellen\u00e1ll a vir\u00e1gz\u00e1snak.<\/p>\n<p>Vet\u00e9sid\u0151: tavaszi vetem\u00e9nyn\u00e9l janu\u00e1r 25-febru\u00e1r 5., \u0151szin\u00e9l szeptember 10-20<\/p>\n<p>M\u0171szaki adatok:<\/p>\n<p>M\u00e9lys\u00e9ge 1 cm -1,5 cm<br \/>\nJanu\u00e1r 25-febru\u00e1r 5., szeptember 10-20<br \/>\nVet\u00e9smennyis\u00e9g 40-50 gramm\/hekt\u00e1r<br \/>\nA vet\u0151magb\u00f3l t\u00f6rt\u00e9n\u0151 termel\u00e9s t\u00edpusai<br \/>\n\u00c1ltal\u00e1noss\u00e1gok:<\/p>\n<p>700-900 magot tartalmaz grammonk\u00e9nt<br \/>\nS\u00falya 2 g<br \/>\n\u00dcltet\u00e9s janu\u00e1r-febru\u00e1r, szeptember<br \/>\nSz\u00fcret \u00e1prilis-m\u00e1jus-okt\u00f3ber<br \/>\nVeget\u00e1ci\u00f3ja 55-75 nap<\/p>\n","protected":false},"featured_media":32740,"comment_status":"closed","ping_status":"closed","template":"","meta":[],"product_brand":[],"product_cat":[382],"product_tag":[],"class_list":{"0":"post-32739","1":"product","2":"type-product","3":"status-publish","4":"has-post-thumbnail","6":"product_cat-salata-es-retek-vetomagok","8":"first","9":"instock","10":"taxable","11":"shipping-taxable","12":"purchasable","13":"product-type-simple"},"_links":{"self":[{"href":"https:\/\/chilimag.hu\/webshop\/wp-json\/wp\/v2\/product\/32739","targetHints":{"allow":["GET"]}}],"collection":[{"href":"https:\/\/chilimag.hu\/webshop\/wp-json\/wp\/v2\/product"}],"about":[{"href":"https:\/\/chilimag.hu\/webshop\/wp-json\/wp\/v2\/types\/product"}],"replies":[{"embeddable":true,"href":"https:\/\/chilimag.hu\/webshop\/wp-json\/wp\/v2\/comments?post=32739"}],"wp:featuredmedia":[{"embeddable":true,"href":"https:\/\/chilimag.hu\/webshop\/wp-json\/wp\/v2\/media\/32740"}],"wp:attachment":[{"href":"https:\/\/chilimag.hu\/webshop\/wp-json\/wp\/v2\/media?parent=32739"}],"wp:term":[{"taxonomy":"product_brand","embeddable":true,"href":"https:\/\/chilimag.hu\/webshop\/wp-json\/wp\/v2\/product_brand?post=32739"},{"taxonomy":"product_cat","embeddable":true,"href":"https:\/\/chilimag.hu\/webshop\/wp-json\/wp\/v2\/product_cat?post=32739"},{"taxonomy":"product_tag","embeddable":true,"href":"https:\/\/chilimag.hu\/webshop\/wp-json\/wp\/v2\/product_tag?post=32739"}],"curies":[{"name":"wp","href":"https:\/\/api.w.org\/{rel}","templated":true}]}}