{"id":32731,"date":"2024-07-14T15:53:57","date_gmt":"2024-07-14T15:53:57","guid":{"rendered":"https:\/\/chilimag.hu\/webshop\/?post_type=product&#038;p=32731"},"modified":"2026-01-25T17:02:00","modified_gmt":"2026-01-25T17:02:00","slug":"hagyma-mix-florian-bg","status":"publish","type":"product","link":"https:\/\/chilimag.hu\/webshop\/termek\/hagyma-mix-florian-bg\/","title":{"rendered":"Hagyma mix Florian Bg"},"content":{"rendered":"","protected":false},"excerpt":{"rendered":"<p><img decoding=\"async\" class=\"img-inline\" src=\"https:\/\/brcci.eu\/cache\/thumbnails\/12ecd0e6e419f1b9b1484ef02ad361979dd8e054\/1a6c5e1406ad462ca86d17b2800862d7f837862c-829875ad0a268b741b7edd818ffce098.png\" alt=\"FLORIAN OOD\" \/><\/p>\n<p>Hagymakever\u00e9k h\u00e1romf\u00e9le sz\u00ednben, aranyh\u00e9jjal, feh\u00e9r hagym\u00e1val \u00e9s kev\u00e9sb\u00e9 cs\u00edp\u0151s \u00edz\u0171, mint a kett\u0151 Frissen, s\u00fctve \u00e9s f\u0171szerk\u00e9nt is haszn\u00e1lhat\u00f3 igen elterjedt z\u00f6lds\u00e9g, bakt\u00e9rium\u00f6l\u0151 tulajdons\u00e1gai, valamint magas vitamin- \u00e9s \u00e1sv\u00e1nyi s\u00f3tartalma miatt a term\u00e9szetgy\u00f3gy\u00e1szatban is \u00e9rt\u00e9kes gy\u00f3gy\u00e1szati \u200b\u200beszk\u00f6z.<\/p>\n<p>Vet\u00e9s: febru\u00e1r 25-m\u00e1rcius 5., szeptember 1-10.<\/p>\n","protected":false},"featured_media":32732,"comment_status":"closed","ping_status":"closed","template":"","meta":[],"product_brand":[],"product_cat":[376],"product_tag":[],"class_list":{"0":"post-32731","1":"product","2":"type-product","3":"status-publish","4":"has-post-thumbnail","6":"product_cat-hagyma-vetomagok","8":"first","9":"instock","10":"taxable","11":"shipping-taxable","12":"purchasable","13":"product-type-simple"},"_links":{"self":[{"href":"https:\/\/chilimag.hu\/webshop\/wp-json\/wp\/v2\/product\/32731","targetHints":{"allow":["GET"]}}],"collection":[{"href":"https:\/\/chilimag.hu\/webshop\/wp-json\/wp\/v2\/product"}],"about":[{"href":"https:\/\/chilimag.hu\/webshop\/wp-json\/wp\/v2\/types\/product"}],"replies":[{"embeddable":true,"href":"https:\/\/chilimag.hu\/webshop\/wp-json\/wp\/v2\/comments?post=32731"}],"wp:featuredmedia":[{"embeddable":true,"href":"https:\/\/chilimag.hu\/webshop\/wp-json\/wp\/v2\/media\/32732"}],"wp:attachment":[{"href":"https:\/\/chilimag.hu\/webshop\/wp-json\/wp\/v2\/media?parent=32731"}],"wp:term":[{"taxonomy":"product_brand","embeddable":true,"href":"https:\/\/chilimag.hu\/webshop\/wp-json\/wp\/v2\/product_brand?post=32731"},{"taxonomy":"product_cat","embeddable":true,"href":"https:\/\/chilimag.hu\/webshop\/wp-json\/wp\/v2\/product_cat?post=32731"},{"taxonomy":"product_tag","embeddable":true,"href":"https:\/\/chilimag.hu\/webshop\/wp-json\/wp\/v2\/product_tag?post=32731"}],"curies":[{"name":"wp","href":"https:\/\/api.w.org\/{rel}","templated":true}]}}