{"id":32726,"date":"2024-07-14T15:30:32","date_gmt":"2024-07-14T15:30:32","guid":{"rendered":"https:\/\/chilimag.hu\/webshop\/?post_type=product&#038;p=32726"},"modified":"2024-07-14T17:41:09","modified_gmt":"2024-07-14T17:41:09","slug":"petrezselyem-level-italian-gigant-100-gr-florian-bg","status":"publish","type":"product","link":"https:\/\/chilimag.hu\/webshop\/termek\/petrezselyem-level-italian-gigant-100-gr-florian-bg\/","title":{"rendered":"Petrezselyem lev\u00e9l Gigante D,italia 100 gr Florian Bg"},"content":{"rendered":"","protected":false},"excerpt":{"rendered":"<p><img decoding=\"async\" class=\"img-inline\" src=\"https:\/\/brcci.eu\/cache\/thumbnails\/12ecd0e6e419f1b9b1484ef02ad361979dd8e054\/1a6c5e1406ad462ca86d17b2800862d7f837862c-829875ad0a268b741b7edd818ffce098.png\" alt=\"FLORIAN OOD\" \/><\/p>\n<p>Le\u00edr\u00e1s<\/p>\n<p>Nagyon term\u00e9keny korai fajta, amelyet nagyon nagy level\u0171 rozett\u00e1k k\u00fcl\u00f6nb\u00f6ztetnek meg, amelyek 60-90 cm magasak. Levelei er\u0151s arom\u00e1j\u00faak, sz\u00e9lesek, f\u00e9nyesek, s\u00f6t\u00e9tz\u00f6ld sz\u00edn\u0171ek. A fajta nagyon alkalmazkod\u00f3, nem k\u00e9pz\u0151dik vastagon, frissen, valamint sz\u00e1r\u00edtott n\u00f6v\u00e9nyk\u00e9nt is fogyaszt\u00e1sra aj\u00e1nlott.<\/p>\n<p>Vet\u00e9sid\u0151: febru\u00e1r 20-m\u00e1rcius 10. \u00e9s december 1-15.<\/p>\n<p>Kiszerel\u00e9s: 100 gramm &#8211; 65000 mag<\/p>\n<p>&nbsp;<\/p>\n<p>M\u0171szaki adatok:<\/p>\n<p>M\u00e9lys\u00e9ge 2-2,5 cm<br \/>\nFebru\u00e1r-decembert\u0151l kezd\u0151d\u0151en vetik<br \/>\nVet\u0151mennyis\u00e9g 800-1000 gramm\/hekt\u00e1r<br \/>\nA vet\u0151magb\u00f3l t\u00f6rt\u00e9n\u0151 termel\u00e9s t\u00edpusai<br \/>\n\u00c1ltal\u00e1noss\u00e1gok:<\/p>\n<p>650-700 magot tartalmaz grammonk\u00e9nt<br \/>\nS\u00falya 100 gramm<br \/>\n\u00dcltet\u00e9s febru\u00e1r-december<br \/>\nSz\u00fcret j\u00fanius-m\u00e1rcius<br \/>\nVeget\u00e1ci\u00f3ja 75-85 nap<\/p>\n","protected":false},"featured_media":32727,"comment_status":"closed","ping_status":"closed","template":"","meta":[],"product_brand":[],"product_cat":[374],"product_tag":[],"class_list":{"0":"post-32726","1":"product","2":"type-product","3":"status-publish","4":"has-post-thumbnail","6":"product_cat-fuszer-es-gyogynoveny-vetomagok-bolgar-florian-vetomagok","8":"first","9":"instock","10":"taxable","11":"shipping-taxable","12":"purchasable","13":"product-type-simple"},"_links":{"self":[{"href":"https:\/\/chilimag.hu\/webshop\/wp-json\/wp\/v2\/product\/32726","targetHints":{"allow":["GET"]}}],"collection":[{"href":"https:\/\/chilimag.hu\/webshop\/wp-json\/wp\/v2\/product"}],"about":[{"href":"https:\/\/chilimag.hu\/webshop\/wp-json\/wp\/v2\/types\/product"}],"replies":[{"embeddable":true,"href":"https:\/\/chilimag.hu\/webshop\/wp-json\/wp\/v2\/comments?post=32726"}],"wp:featuredmedia":[{"embeddable":true,"href":"https:\/\/chilimag.hu\/webshop\/wp-json\/wp\/v2\/media\/32727"}],"wp:attachment":[{"href":"https:\/\/chilimag.hu\/webshop\/wp-json\/wp\/v2\/media?parent=32726"}],"wp:term":[{"taxonomy":"product_brand","embeddable":true,"href":"https:\/\/chilimag.hu\/webshop\/wp-json\/wp\/v2\/product_brand?post=32726"},{"taxonomy":"product_cat","embeddable":true,"href":"https:\/\/chilimag.hu\/webshop\/wp-json\/wp\/v2\/product_cat?post=32726"},{"taxonomy":"product_tag","embeddable":true,"href":"https:\/\/chilimag.hu\/webshop\/wp-json\/wp\/v2\/product_tag?post=32726"}],"curies":[{"name":"wp","href":"https:\/\/api.w.org\/{rel}","templated":true}]}}