{"id":32719,"date":"2024-07-14T05:17:43","date_gmt":"2024-07-14T05:17:43","guid":{"rendered":"https:\/\/chilimag.hu\/webshop\/?post_type=product&#038;p=32719"},"modified":"2026-03-10T21:08:15","modified_gmt":"2026-03-10T21:08:15","slug":"vetotalca-24-lyukas","status":"publish","type":"product","link":"https:\/\/chilimag.hu\/webshop\/termek\/vetotalca-24-lyukas\/","title":{"rendered":"Vet\u0151t\u00e1lca 24 lyukas"},"content":{"rendered":"","protected":false},"excerpt":{"rendered":"<p>Pal\u00e1ntanevel\u0151 t\u00e1lca<\/p>\n<p>&#8211; 24 lyukas.<\/p>\n<p>&#8211; T\u00e1lca m\u00e9rete: 31x49cm<\/p>\n<p>&#8211; Lyuk m\u00e9rete: 5,5<br \/>\nM\u00e9ret: 6,5 x 7<\/p>\n","protected":false},"featured_media":32720,"comment_status":"closed","ping_status":"closed","template":"","meta":[],"product_brand":[],"product_cat":[336],"product_tag":[],"class_list":{"0":"post-32719","1":"product","2":"type-product","3":"status-publish","4":"has-post-thumbnail","6":"product_cat-vetotalcak-ulteto-cserepek-es-palanta-nevelok","8":"first","9":"instock","10":"taxable","11":"shipping-taxable","12":"purchasable","13":"product-type-simple"},"_links":{"self":[{"href":"https:\/\/chilimag.hu\/webshop\/wp-json\/wp\/v2\/product\/32719","targetHints":{"allow":["GET"]}}],"collection":[{"href":"https:\/\/chilimag.hu\/webshop\/wp-json\/wp\/v2\/product"}],"about":[{"href":"https:\/\/chilimag.hu\/webshop\/wp-json\/wp\/v2\/types\/product"}],"replies":[{"embeddable":true,"href":"https:\/\/chilimag.hu\/webshop\/wp-json\/wp\/v2\/comments?post=32719"}],"wp:featuredmedia":[{"embeddable":true,"href":"https:\/\/chilimag.hu\/webshop\/wp-json\/wp\/v2\/media\/32720"}],"wp:attachment":[{"href":"https:\/\/chilimag.hu\/webshop\/wp-json\/wp\/v2\/media?parent=32719"}],"wp:term":[{"taxonomy":"product_brand","embeddable":true,"href":"https:\/\/chilimag.hu\/webshop\/wp-json\/wp\/v2\/product_brand?post=32719"},{"taxonomy":"product_cat","embeddable":true,"href":"https:\/\/chilimag.hu\/webshop\/wp-json\/wp\/v2\/product_cat?post=32719"},{"taxonomy":"product_tag","embeddable":true,"href":"https:\/\/chilimag.hu\/webshop\/wp-json\/wp\/v2\/product_tag?post=32719"}],"curies":[{"name":"wp","href":"https:\/\/api.w.org\/{rel}","templated":true}]}}