{"id":32715,"date":"2024-07-13T17:48:33","date_gmt":"2024-07-13T17:48:33","guid":{"rendered":"https:\/\/chilimag.hu\/webshop\/?post_type=product&#038;p=32715"},"modified":"2026-03-07T13:42:00","modified_gmt":"2026-03-07T13:42:00","slug":"retek-teli-jegcsap-daykon-minowase-florian-bg","status":"publish","type":"product","link":"https:\/\/chilimag.hu\/webshop\/termek\/retek-teli-jegcsap-daykon-minowase-florian-bg\/","title":{"rendered":"Retek t\u00e9li j\u00e9gcsap Daykon Minowase Florian Bg"},"content":{"rendered":"","protected":false},"excerpt":{"rendered":"<p><img decoding=\"async\" class=\"img-inline\" src=\"https:\/\/brcci.eu\/cache\/thumbnails\/12ecd0e6e419f1b9b1484ef02ad361979dd8e054\/1a6c5e1406ad462ca86d17b2800862d7f837862c-829875ad0a268b741b7edd818ffce098.png\" alt=\"FLORIAN OOD\" \/><\/p>\n<p>TERM\u00c9KLE\u00cdR\u00c1S<br \/>\nDaykon Minowase hossz\u00fa feh\u00e9r t\u00e9li retek magvak<\/p>\n<p>Hossz\u00fa feh\u00e9r t\u00e9li retek A Daykon Minowase a DAYKON t\u00edpus\u00fa retek vonz\u00f3 k\u00f6z\u00e9pkorai fajt\u00e1ja, hengeres, 30-50 cm hossz\u00fa \u00e9s 5-6 cm \u00e1tm\u00e9r\u0151j\u0171 feh\u00e9r term\u00e9ssel. A mag feh\u00e9r, finom, l\u00e9d\u00fas, kiv\u00e1l\u00f3 \u00edz\u0171. Veget\u00e1ci\u00f3s id\u0151szak 55-60 nap. A Daykont a hossz\u00fa \u00e9lettartam \u00e9rdek\u00e9ben z\u00f6lds\u00e9gk\u00e9nt jel\u00f6lt\u00e9k meg, amely cs\u00f6kkenti a koleszterinszintet.<\/p>\n<p>A Daikont vagy a jap\u00e1n retket kifejezetten cs\u00edr\u00e1k el\u0151\u00e1ll\u00edt\u00e1s\u00e1ra termesztik. A cs\u00edr\u00e1k gazdagok A-, B1-, B2-, C-vitaminban \u00e9s \u00e1sv\u00e1nyi anyagokban, k\u00fcl\u00f6n\u00f6sen kalciumban. A fiatal n\u00f6v\u00e9nyek friss \u00e9s f\u0171szeres \u00edz\u0171ek, retek illat\u00e1val. \u00cdzletes halakhoz, p\u00e9ld\u00e1ul tonhalhoz, lazachoz, makr\u00e9l\u00e1hoz vagy heringhez, valamint banza mell\u00e9 vagy sal\u00e1t\u00e1kba.<\/p>\n<p>A vet\u00e9s j\u00falius 15-augusztus 15-ig t\u00f6rt\u00e9nik, 2-2,5 cm m\u00e9lys\u00e9gben.<\/p>\n<p>M\u0171szaki adatok:<br \/>\nM\u00e9lys\u00e9ge: 2-2,5 cm<br \/>\nVet\u00e9s: j\u00falius-augusztust\u00f3l kezd\u0151d\u0151en<br \/>\nVet\u00e9smennyis\u00e9g: 500-800 gramm\/hekt\u00e1r<br \/>\nTermeszt\u00e9si m\u00f3dok: vet\u0151magb\u00f3l<\/p>\n<p>\u00c1ltal\u00e1noss\u00e1gok:<br \/>\nTartalom: 100-120 mag\/gramm<br \/>\nS\u00faly: 5 gramm<br \/>\n\u00dcltet\u00e9s: j\u00falius-augusztus<br \/>\nSz\u00fcret: szeptember-okt\u00f3ber<br \/>\nVeget\u00e1ci\u00f3: 55-60 nap<\/p>\n","protected":false},"featured_media":32716,"comment_status":"closed","ping_status":"closed","template":"","meta":[],"product_brand":[],"product_cat":[382],"product_tag":[],"class_list":{"0":"post-32715","1":"product","2":"type-product","3":"status-publish","4":"has-post-thumbnail","6":"product_cat-salata-es-retek-vetomagok","8":"first","9":"instock","10":"taxable","11":"shipping-taxable","12":"purchasable","13":"product-type-simple"},"_links":{"self":[{"href":"https:\/\/chilimag.hu\/webshop\/wp-json\/wp\/v2\/product\/32715","targetHints":{"allow":["GET"]}}],"collection":[{"href":"https:\/\/chilimag.hu\/webshop\/wp-json\/wp\/v2\/product"}],"about":[{"href":"https:\/\/chilimag.hu\/webshop\/wp-json\/wp\/v2\/types\/product"}],"replies":[{"embeddable":true,"href":"https:\/\/chilimag.hu\/webshop\/wp-json\/wp\/v2\/comments?post=32715"}],"wp:featuredmedia":[{"embeddable":true,"href":"https:\/\/chilimag.hu\/webshop\/wp-json\/wp\/v2\/media\/32716"}],"wp:attachment":[{"href":"https:\/\/chilimag.hu\/webshop\/wp-json\/wp\/v2\/media?parent=32715"}],"wp:term":[{"taxonomy":"product_brand","embeddable":true,"href":"https:\/\/chilimag.hu\/webshop\/wp-json\/wp\/v2\/product_brand?post=32715"},{"taxonomy":"product_cat","embeddable":true,"href":"https:\/\/chilimag.hu\/webshop\/wp-json\/wp\/v2\/product_cat?post=32715"},{"taxonomy":"product_tag","embeddable":true,"href":"https:\/\/chilimag.hu\/webshop\/wp-json\/wp\/v2\/product_tag?post=32715"}],"curies":[{"name":"wp","href":"https:\/\/api.w.org\/{rel}","templated":true}]}}