{"id":32711,"date":"2024-07-13T09:59:03","date_gmt":"2024-07-13T09:59:03","guid":{"rendered":"https:\/\/chilimag.hu\/webshop\/?post_type=product&#038;p=32711"},"modified":"2026-03-16T16:16:01","modified_gmt":"2026-03-16T16:16:01","slug":"retek-teli-fekete-zimna-cherna-florian-bg","status":"publish","type":"product","link":"https:\/\/chilimag.hu\/webshop\/termek\/retek-teli-fekete-zimna-cherna-florian-bg\/","title":{"rendered":"Retek t\u00e9li fekete Zimna cherna Florian Bg"},"content":{"rendered":"","protected":false},"excerpt":{"rendered":"<p><img decoding=\"async\" class=\"img-inline\" src=\"https:\/\/brcci.eu\/cache\/thumbnails\/12ecd0e6e419f1b9b1484ef02ad361979dd8e054\/1a6c5e1406ad462ca86d17b2800862d7f837862c-829875ad0a268b741b7edd818ffce098.png\" alt=\"FLORIAN OOD\" \/><\/p>\n<p>Le\u00edr\u00e1s<\/p>\n<p>Nagyon produkt\u00edv fajta retek, amely nagy lev\u00e9lr\u00f3zs\u00e1t k\u00e9pez. A gy\u00f6kerek nagyok, m\u00e9rete 10-12 cm, kerek \u00e9s sima, k\u00edv\u00fcl intenz\u00edv fekete sz\u00edn\u0171, feh\u00e9r mag. Friss fogyaszt\u00e1sra alkalmasak, t\u00e9len 80-90 napos veget\u00e1ci\u00f3s id\u0151szakkal.<\/p>\n<p>A vet\u00e9s j\u00falius 15-t\u0151l augusztus 15-ig t\u00f6rt\u00e9nik.<\/p>\n<p>Magok mennyis\u00e9ge zs\u00e1konk\u00e9nt: 11000 mag (100 gramm)<\/p>\n<p>M\u0171szaki adatok:<\/p>\n<p>M\u00e9lys\u00e9ge 2-2,5 cm<br \/>\nJ\u00falius-augusztust\u00f3l kezd\u0151d\u0151en vetik<br \/>\nVet\u00e9smennyis\u00e9g 500-800 gramm\/hekt\u00e1r<br \/>\nA vet\u0151magb\u00f3l t\u00f6rt\u00e9n\u0151 termel\u00e9s t\u00edpusai<br \/>\n\u00c1ltal\u00e1noss\u00e1gok:<\/p>\n<p>100-120 magot tartalmaz grammonk\u00e9nt<br \/>\nS\u00falya 100 gramm<br \/>\n\u00dcltet\u00e9s j\u00falius-augusztus<br \/>\nSz\u00fcret szeptember-okt\u00f3ber<br \/>\nVeget\u00e1ci\u00f3ja 80-90 nap<\/p>\n","protected":false},"featured_media":32712,"comment_status":"closed","ping_status":"closed","template":"","meta":[],"product_brand":[],"product_cat":[382],"product_tag":[],"class_list":{"0":"post-32711","1":"product","2":"type-product","3":"status-publish","4":"has-post-thumbnail","6":"product_cat-salata-es-retek-vetomagok","8":"first","9":"instock","10":"taxable","11":"shipping-taxable","12":"purchasable","13":"product-type-simple"},"_links":{"self":[{"href":"https:\/\/chilimag.hu\/webshop\/wp-json\/wp\/v2\/product\/32711","targetHints":{"allow":["GET"]}}],"collection":[{"href":"https:\/\/chilimag.hu\/webshop\/wp-json\/wp\/v2\/product"}],"about":[{"href":"https:\/\/chilimag.hu\/webshop\/wp-json\/wp\/v2\/types\/product"}],"replies":[{"embeddable":true,"href":"https:\/\/chilimag.hu\/webshop\/wp-json\/wp\/v2\/comments?post=32711"}],"wp:featuredmedia":[{"embeddable":true,"href":"https:\/\/chilimag.hu\/webshop\/wp-json\/wp\/v2\/media\/32712"}],"wp:attachment":[{"href":"https:\/\/chilimag.hu\/webshop\/wp-json\/wp\/v2\/media?parent=32711"}],"wp:term":[{"taxonomy":"product_brand","embeddable":true,"href":"https:\/\/chilimag.hu\/webshop\/wp-json\/wp\/v2\/product_brand?post=32711"},{"taxonomy":"product_cat","embeddable":true,"href":"https:\/\/chilimag.hu\/webshop\/wp-json\/wp\/v2\/product_cat?post=32711"},{"taxonomy":"product_tag","embeddable":true,"href":"https:\/\/chilimag.hu\/webshop\/wp-json\/wp\/v2\/product_tag?post=32711"}],"curies":[{"name":"wp","href":"https:\/\/api.w.org\/{rel}","templated":true}]}}