{"id":32706,"date":"2024-07-13T05:11:10","date_gmt":"2024-07-13T05:11:10","guid":{"rendered":"https:\/\/chilimag.hu\/webshop\/?post_type=product&#038;p=32706"},"modified":"2026-03-22T10:00:44","modified_gmt":"2026-03-22T10:00:44","slug":"retek-diana-florian-bg","status":"publish","type":"product","link":"https:\/\/chilimag.hu\/webshop\/termek\/retek-diana-florian-bg\/","title":{"rendered":"Retek Diana Florian Bg"},"content":{"rendered":"","protected":false},"excerpt":{"rendered":"<p><img decoding=\"async\" class=\"brand-summary__image ls-is-cached lazyloaded\" src=\"https:\/\/c.cdnmp.net\/592978066\/brands\/1000002_logo.png\" alt=\"Florian\" data-src=\"https:\/\/c.cdnmp.net\/592978066\/brands\/1000002_logo.png\" \/><\/p>\n<p>Le\u00edr\u00e1s<\/p>\n<p>Diana vonz\u00f3 lila retek magvak, nagy \u00e9s kerek enyh\u00e9n cs\u00edp\u0151s gy\u00fcm\u00f6lcs\u00f6k, Fl\u00f3ri\u00e1n<\/p>\n<p>Kiszerel\u00e9s: 3 gramm &#8211; 500 mag<\/p>\n<p>K\u00fcl\u00f6nf\u00e9le megn\u00f6velt term\u0151k\u00e9pess\u00e9g\u0171, tavaszi \u00e9s \u0151szi vet\u00e9sre alkalmas. A retek vonz\u00f3 lila sz\u00edn\u0171, nagy \u00e9s kerek, reped\u00e9s\u00e1ll\u00f3, magja feh\u00e9r, l\u00e9d\u00fas \u00e9s enyh\u00e9n f\u0171szeres \u00edz\u0171. Tavaszi \u00e9s \u0151szi betakar\u00edt\u00e1sra termesztik.<\/p>\n<p>A tavaszi term\u00e9shez febru\u00e1r-\u00e1prilist\u00f3l kezd\u0151d\u0151en, az \u0151szi term\u00e9shez pedig szeptember-okt\u00f3berben vetik.<\/p>\n<p>M\u0171szaki adatok:<\/p>\n<p>M\u00e9lys\u00e9ge 2-2,5 cm<br \/>\nFebru\u00e1r-\u00e1prilisban, szeptember-okt\u00f3berben vetik<br \/>\nVet\u00e9smennyis\u00e9g 2-3 Kg\/hekt\u00e1r<br \/>\nA vet\u0151magb\u00f3l t\u00f6rt\u00e9n\u0151 termel\u00e9s t\u00edpusai<br \/>\n\u00c1ltal\u00e1noss\u00e1gok:<\/p>\n<p>125-150 magot tartalmaz grammonk\u00e9nt<br \/>\nS\u00falya 5 gramm<br \/>\n\u00dcltet\u00e9s febru\u00e1r-\u00e1prilis, szeptember-okt\u00f3ber<br \/>\nSz\u00fcret m\u00e1rcius-m\u00e1jus, okt\u00f3ber-november<br \/>\nVeget\u00e1ci\u00f3ja 25-35 nap<\/p>\n","protected":false},"featured_media":32708,"comment_status":"closed","ping_status":"closed","template":"","meta":[],"product_brand":[],"product_cat":[382],"product_tag":[],"class_list":{"0":"post-32706","1":"product","2":"type-product","3":"status-publish","4":"has-post-thumbnail","6":"product_cat-salata-es-retek-vetomagok","8":"first","9":"instock","10":"taxable","11":"shipping-taxable","12":"purchasable","13":"product-type-simple"},"_links":{"self":[{"href":"https:\/\/chilimag.hu\/webshop\/wp-json\/wp\/v2\/product\/32706","targetHints":{"allow":["GET"]}}],"collection":[{"href":"https:\/\/chilimag.hu\/webshop\/wp-json\/wp\/v2\/product"}],"about":[{"href":"https:\/\/chilimag.hu\/webshop\/wp-json\/wp\/v2\/types\/product"}],"replies":[{"embeddable":true,"href":"https:\/\/chilimag.hu\/webshop\/wp-json\/wp\/v2\/comments?post=32706"}],"wp:featuredmedia":[{"embeddable":true,"href":"https:\/\/chilimag.hu\/webshop\/wp-json\/wp\/v2\/media\/32708"}],"wp:attachment":[{"href":"https:\/\/chilimag.hu\/webshop\/wp-json\/wp\/v2\/media?parent=32706"}],"wp:term":[{"taxonomy":"product_brand","embeddable":true,"href":"https:\/\/chilimag.hu\/webshop\/wp-json\/wp\/v2\/product_brand?post=32706"},{"taxonomy":"product_cat","embeddable":true,"href":"https:\/\/chilimag.hu\/webshop\/wp-json\/wp\/v2\/product_cat?post=32706"},{"taxonomy":"product_tag","embeddable":true,"href":"https:\/\/chilimag.hu\/webshop\/wp-json\/wp\/v2\/product_tag?post=32706"}],"curies":[{"name":"wp","href":"https:\/\/api.w.org\/{rel}","templated":true}]}}