{"id":32703,"date":"2024-07-12T13:21:24","date_gmt":"2024-07-12T13:21:24","guid":{"rendered":"https:\/\/chilimag.hu\/webshop\/?post_type=product&#038;p=32703"},"modified":"2026-03-02T10:50:17","modified_gmt":"2026-03-02T10:50:17","slug":"retek-felicia-florian-bg","status":"publish","type":"product","link":"https:\/\/chilimag.hu\/webshop\/termek\/retek-felicia-florian-bg\/","title":{"rendered":"Retek Felicia Florian Bg"},"content":{"rendered":"","protected":false},"excerpt":{"rendered":"<p>&nbsp;<\/p>\n<p>Le\u00edr\u00e1s<\/p>\n<p>Vet\u00e9s id\u0151pontja: febru\u00e1r-m\u00e1rcius; VII-VIII (pal\u00e1nt\u00e1k)<br \/>\nVet\u00e9s id\u0151pontja: m\u00e1rcius-j\u00fanius; IX-X (f\u00f6ldi)<br \/>\nT\u00e1vols\u00e1g: 10&#215;20 cm<br \/>\nVeget\u00e1ci\u00f3: 35-40 nap<br \/>\nBetakar\u00edt\u00e1s id\u0151pontja: \u00e1prilis 3. dek\u00e1dja &#8211; 9. 3. dek\u00e1dja<\/p>\n<p>A csomag 3 g magot tartalmaz<\/p>\n","protected":false},"featured_media":32704,"comment_status":"closed","ping_status":"closed","template":"","meta":[],"product_brand":[],"product_cat":[382],"product_tag":[],"class_list":{"0":"post-32703","1":"product","2":"type-product","3":"status-publish","4":"has-post-thumbnail","6":"product_cat-salata-es-retek-vetomagok","8":"first","9":"instock","10":"taxable","11":"shipping-taxable","12":"purchasable","13":"product-type-simple"},"_links":{"self":[{"href":"https:\/\/chilimag.hu\/webshop\/wp-json\/wp\/v2\/product\/32703","targetHints":{"allow":["GET"]}}],"collection":[{"href":"https:\/\/chilimag.hu\/webshop\/wp-json\/wp\/v2\/product"}],"about":[{"href":"https:\/\/chilimag.hu\/webshop\/wp-json\/wp\/v2\/types\/product"}],"replies":[{"embeddable":true,"href":"https:\/\/chilimag.hu\/webshop\/wp-json\/wp\/v2\/comments?post=32703"}],"wp:featuredmedia":[{"embeddable":true,"href":"https:\/\/chilimag.hu\/webshop\/wp-json\/wp\/v2\/media\/32704"}],"wp:attachment":[{"href":"https:\/\/chilimag.hu\/webshop\/wp-json\/wp\/v2\/media?parent=32703"}],"wp:term":[{"taxonomy":"product_brand","embeddable":true,"href":"https:\/\/chilimag.hu\/webshop\/wp-json\/wp\/v2\/product_brand?post=32703"},{"taxonomy":"product_cat","embeddable":true,"href":"https:\/\/chilimag.hu\/webshop\/wp-json\/wp\/v2\/product_cat?post=32703"},{"taxonomy":"product_tag","embeddable":true,"href":"https:\/\/chilimag.hu\/webshop\/wp-json\/wp\/v2\/product_tag?post=32703"}],"curies":[{"name":"wp","href":"https:\/\/api.w.org\/{rel}","templated":true}]}}