{"id":32699,"date":"2024-07-11T18:00:30","date_gmt":"2024-07-11T18:00:30","guid":{"rendered":"https:\/\/chilimag.hu\/webshop\/?post_type=product&#038;p=32699"},"modified":"2026-05-12T20:43:10","modified_gmt":"2026-05-12T20:43:10","slug":"sargarepa-mix-florian-bg","status":"publish","type":"product","link":"https:\/\/chilimag.hu\/webshop\/termek\/sargarepa-mix-florian-bg\/","title":{"rendered":"S\u00e1rgar\u00e9pa Mix Florian Bg"},"content":{"rendered":"","protected":false},"excerpt":{"rendered":"<p><img decoding=\"async\" src=\"https:\/\/c.cdnmp.net\/592978066\/brands\/1000002_logo.png\" alt=\"Florian\" \/><\/p>\n<p>Le\u00edr\u00e1s<\/p>\n<p>S\u00e1rgar\u00e9pa MIX<\/p>\n<p>V\u00e1ltozatos gy\u00fcm\u00f6lcsb\u0151l sz\u00e1rmaz\u00f3 s\u00e1rgar\u00e9pa kever\u00e9ke, melynek k\u00fcls\u0151 r\u00e9sze a feh\u00e9rt\u0151l az intenz\u00edv s\u00e1rg\u00e1ig \u00e9s lil\u00e1ig k\u00fcl\u00f6nb\u00f6z\u0151 sz\u00edn\u0171. A bord\u00f3 s\u00e1rgar\u00e9pa sz\u00edne a maghoz k\u00f6zeli s\u00f6t\u00e9tlila, amely a f\u0151z\u00e9s sor\u00e1n megmarad \u00e9des \u00edze \u00e9s vonz\u00f3 sz\u00edne miatt friss sal\u00e1t\u00e1k \u00e9s f\u0151tt \u00e9telek ide\u00e1lis kieg\u00e9sz\u00edt\u0151jek\u00e9nt 75-80 nap.<\/p>\n<p>A tavaszi termel\u00e9sn\u00e9l a vet\u00e9s febru\u00e1r 20-t\u00f3l m\u00e1rcius 10-ig, a t\u00e9li termel\u00e9sn\u00e9l december 1-15-ig t\u00f6rt\u00e9nik.<\/p>\n<p>M\u0171szaki adatok:<\/p>\n<p>M\u00e9lys\u00e9ge 2-3 cm<br \/>\nFebru\u00e1r 20-t\u00f3l m\u00e1rcius 10-ig vetik, december 1-15<br \/>\nVet\u0151mennyis\u00e9g 450-600 gramm\/hekt\u00e1r<br \/>\nA vet\u0151magb\u00f3l t\u00f6rt\u00e9n\u0151 termel\u00e9s t\u00edpusai<br \/>\n\u00c1ltal\u00e1noss\u00e1gok:<\/p>\n<p>800-1000 magot tartalmaz grammonk\u00e9nt<br \/>\nS\u00falya 0,6 gramm<br \/>\n\u00dcltet\u00e9s febru\u00e1r-december<br \/>\nSz\u00fcret j\u00fanius-\u00e1prilis<br \/>\nVeget\u00e1ci\u00f3ja 75-80 nap<\/p>\n","protected":false},"featured_media":32700,"comment_status":"closed","ping_status":"closed","template":"","meta":[],"product_brand":[],"product_cat":[386],"product_tag":[],"class_list":{"0":"post-32699","1":"product","2":"type-product","3":"status-publish","4":"has-post-thumbnail","6":"product_cat-zoldseg-vetomagok-bolgar-florian-vetomagok","8":"first","9":"instock","10":"taxable","11":"shipping-taxable","12":"purchasable","13":"product-type-simple"},"_links":{"self":[{"href":"https:\/\/chilimag.hu\/webshop\/wp-json\/wp\/v2\/product\/32699","targetHints":{"allow":["GET"]}}],"collection":[{"href":"https:\/\/chilimag.hu\/webshop\/wp-json\/wp\/v2\/product"}],"about":[{"href":"https:\/\/chilimag.hu\/webshop\/wp-json\/wp\/v2\/types\/product"}],"replies":[{"embeddable":true,"href":"https:\/\/chilimag.hu\/webshop\/wp-json\/wp\/v2\/comments?post=32699"}],"wp:featuredmedia":[{"embeddable":true,"href":"https:\/\/chilimag.hu\/webshop\/wp-json\/wp\/v2\/media\/32700"}],"wp:attachment":[{"href":"https:\/\/chilimag.hu\/webshop\/wp-json\/wp\/v2\/media?parent=32699"}],"wp:term":[{"taxonomy":"product_brand","embeddable":true,"href":"https:\/\/chilimag.hu\/webshop\/wp-json\/wp\/v2\/product_brand?post=32699"},{"taxonomy":"product_cat","embeddable":true,"href":"https:\/\/chilimag.hu\/webshop\/wp-json\/wp\/v2\/product_cat?post=32699"},{"taxonomy":"product_tag","embeddable":true,"href":"https:\/\/chilimag.hu\/webshop\/wp-json\/wp\/v2\/product_tag?post=32699"}],"curies":[{"name":"wp","href":"https:\/\/api.w.org\/{rel}","templated":true}]}}