{"id":32697,"date":"2024-07-11T17:54:21","date_gmt":"2024-07-11T17:54:21","guid":{"rendered":"https:\/\/chilimag.hu\/webshop\/?post_type=product&#038;p=32697"},"modified":"2025-03-05T15:16:25","modified_gmt":"2025-03-05T15:16:25","slug":"sargarepa-nantes-100-g-griffaton-florian-bg","status":"publish","type":"product","link":"https:\/\/chilimag.hu\/webshop\/termek\/sargarepa-nantes-100-g-griffaton-florian-bg\/","title":{"rendered":"S\u00e1rgar\u00e9pa Nantes 100 G griffaton Florian Bg"},"content":{"rendered":"","protected":false},"excerpt":{"rendered":"<p>A Nantes s\u00e1rgar\u00e9pa f\u00e9lkorai fajta, veget\u00e1ci\u00f3s ideje 85-100 nap, hengeres gy\u00f6kere 16-18 cm, sima, kerek hegye.<\/p>\n<p>Korai \u00e9s egym\u00e1st k\u00f6vet\u0151 kult\u00far\u00e1khoz aj\u00e1nlott.<\/p>\n<p>Friss fogyaszt\u00e1sra vagy tart\u00f3s\u00edt\u00e1sra alkalmas.<\/p>\n<p>Vet\u00e9s: m\u00e1rcius-\u00e1prilis.<\/p>\n<p>N\u00f6v\u00e9nyek k\u00f6z\u00f6tti t\u00e1vols\u00e1g: 25&#215;3 cm.<\/p>\n<p>Betakar\u00edt\u00e1s: m\u00e1jus-november<\/p>\n","protected":false},"featured_media":32698,"comment_status":"closed","ping_status":"closed","template":"","meta":[],"product_brand":[],"product_cat":[386],"product_tag":[],"class_list":{"0":"post-32697","1":"product","2":"type-product","3":"status-publish","4":"has-post-thumbnail","6":"product_cat-zoldseg-vetomagok-bolgar-florian-vetomagok","8":"first","9":"outofstock","10":"taxable","11":"shipping-taxable","12":"purchasable","13":"product-type-simple"},"_links":{"self":[{"href":"https:\/\/chilimag.hu\/webshop\/wp-json\/wp\/v2\/product\/32697","targetHints":{"allow":["GET"]}}],"collection":[{"href":"https:\/\/chilimag.hu\/webshop\/wp-json\/wp\/v2\/product"}],"about":[{"href":"https:\/\/chilimag.hu\/webshop\/wp-json\/wp\/v2\/types\/product"}],"replies":[{"embeddable":true,"href":"https:\/\/chilimag.hu\/webshop\/wp-json\/wp\/v2\/comments?post=32697"}],"wp:featuredmedia":[{"embeddable":true,"href":"https:\/\/chilimag.hu\/webshop\/wp-json\/wp\/v2\/media\/32698"}],"wp:attachment":[{"href":"https:\/\/chilimag.hu\/webshop\/wp-json\/wp\/v2\/media?parent=32697"}],"wp:term":[{"taxonomy":"product_brand","embeddable":true,"href":"https:\/\/chilimag.hu\/webshop\/wp-json\/wp\/v2\/product_brand?post=32697"},{"taxonomy":"product_cat","embeddable":true,"href":"https:\/\/chilimag.hu\/webshop\/wp-json\/wp\/v2\/product_cat?post=32697"},{"taxonomy":"product_tag","embeddable":true,"href":"https:\/\/chilimag.hu\/webshop\/wp-json\/wp\/v2\/product_tag?post=32697"}],"curies":[{"name":"wp","href":"https:\/\/api.w.org\/{rel}","templated":true}]}}