{"id":32690,"date":"2024-07-11T11:48:37","date_gmt":"2024-07-11T11:48:37","guid":{"rendered":"https:\/\/chilimag.hu\/webshop\/?post_type=product&#038;p=32690"},"modified":"2026-02-10T19:04:21","modified_gmt":"2026-02-10T19:04:21","slug":"retek-celesta-florian-bg","status":"publish","type":"product","link":"https:\/\/chilimag.hu\/webshop\/termek\/retek-celesta-florian-bg\/","title":{"rendered":"Retek Celesta F1 Profy Line Florian Bg"},"content":{"rendered":"","protected":false},"excerpt":{"rendered":"<p><img decoding=\"async\" src=\"https:\/\/c.cdnmp.net\/592978066\/brands\/1000002_logo.png\" alt=\"Florian\" \/><\/p>\n<p>Le\u00edr\u00e1s<\/p>\n<p>Termeszt\u00e9sre alkalmas retek hibrid fajta \u00fcveg- vagy alag\u00fat alatti f\u0171t\u00e9s n\u00e9lk\u00fcli termeszt\u00e9sre, valamint szabadf\u00f6ldi termeszt\u00e9sre tavasszal, ny\u00e1ron, \u0151sszel. Nagy \u00e9s lekerek\u00edtett gy\u00f6kereket k\u00e9peznek, teljesen v\u00f6r\u00f6s sz\u00edn\u0171ek, finom \u00e9s egyenletes maggal. Reped\u00e9snek \u00e9s vir\u00e1gz\u00e1snak ellen\u00e1ll\u00f3.<\/p>\n<p>Vet\u00e9si id\u0151szak &#8211; febru\u00e1r 10 &#8211; \u00e1prilis 10, augusztus 25 &#8211; szeptember 10<\/p>\n<p>Vet\u00e9smennyis\u00e9g &#8211; 2-3 Kg &#8211; 1000 m\u00e9ter<\/p>\n<p>Vet\u00e9si m\u00e9lys\u00e9g &#8211; 2 &#8211; 2,5 cm<\/p>\n<p>Vet\u0151mag mennyis\u00e9ge zs\u00e1konk\u00e9nt: 400 db<\/p>\n<p>M\u0171szaki adatok:<\/p>\n<p>Vet\u00e9s: febru\u00e1r 10 &#8211; \u00e1prilis 10, augusztus 25 &#8211; szeptember 10<br \/>\nVet\u00e9smennyis\u00e9g 2-3 Kg &#8211; 1000 m\u00e9ter<br \/>\n\u00c1ltal\u00e1noss\u00e1gok:<\/p>\n<p>400 magot tartalmaz<br \/>\nVeget\u00e1ci\u00f3 30 nap<\/p>\n","protected":false},"featured_media":32691,"comment_status":"closed","ping_status":"closed","template":"","meta":[],"product_brand":[],"product_cat":[382],"product_tag":[],"class_list":{"0":"post-32690","1":"product","2":"type-product","3":"status-publish","4":"has-post-thumbnail","6":"product_cat-salata-es-retek-vetomagok","8":"first","9":"instock","10":"taxable","11":"shipping-taxable","12":"purchasable","13":"product-type-simple"},"_links":{"self":[{"href":"https:\/\/chilimag.hu\/webshop\/wp-json\/wp\/v2\/product\/32690","targetHints":{"allow":["GET"]}}],"collection":[{"href":"https:\/\/chilimag.hu\/webshop\/wp-json\/wp\/v2\/product"}],"about":[{"href":"https:\/\/chilimag.hu\/webshop\/wp-json\/wp\/v2\/types\/product"}],"replies":[{"embeddable":true,"href":"https:\/\/chilimag.hu\/webshop\/wp-json\/wp\/v2\/comments?post=32690"}],"wp:featuredmedia":[{"embeddable":true,"href":"https:\/\/chilimag.hu\/webshop\/wp-json\/wp\/v2\/media\/32691"}],"wp:attachment":[{"href":"https:\/\/chilimag.hu\/webshop\/wp-json\/wp\/v2\/media?parent=32690"}],"wp:term":[{"taxonomy":"product_brand","embeddable":true,"href":"https:\/\/chilimag.hu\/webshop\/wp-json\/wp\/v2\/product_brand?post=32690"},{"taxonomy":"product_cat","embeddable":true,"href":"https:\/\/chilimag.hu\/webshop\/wp-json\/wp\/v2\/product_cat?post=32690"},{"taxonomy":"product_tag","embeddable":true,"href":"https:\/\/chilimag.hu\/webshop\/wp-json\/wp\/v2\/product_tag?post=32690"}],"curies":[{"name":"wp","href":"https:\/\/api.w.org\/{rel}","templated":true}]}}