{"id":32678,"date":"2024-07-07T19:58:03","date_gmt":"2024-07-07T19:58:03","guid":{"rendered":"https:\/\/chilimag.hu\/webshop\/?post_type=product&#038;p=32678"},"modified":"2026-05-11T14:06:44","modified_gmt":"2026-05-11T14:06:44","slug":"klasmann-ts-1-tozeg-sl","status":"publish","type":"product","link":"https:\/\/chilimag.hu\/webshop\/termek\/klasmann-ts-1-tozeg-sl\/","title":{"rendered":"Klasmann TS 1 T\u0151zeg 70L SL"},"content":{"rendered":"","protected":false},"excerpt":{"rendered":"<p>T\u0150ZEGMOHA A term\u00e9szetes t\u0151zeg ide\u00e1lis kertbe: alacsony humusztartalm\u00fa homokos talajok jav\u00edt\u00e1s\u00e1ra; a porozit\u00e1s n\u00f6veked\u00e9se neh\u00e9z agyagos talajokban; \u00faj gyep vet\u00e9se, komposzttal \u00e9s kerti talajjal val\u00f3 kever\u00e9s, r\u00f3zs\u00e1k, cserj\u00e9k \u00e9s egy\u00e9b d\u00edszn\u00f6v\u00e9nyek gy\u00f6kereinek fagy elleni v\u00e9delme; a talaj fizikai \u00e9s biol\u00f3giai tulajdons\u00e1gainak jav\u00edt\u00e1s\u00e1ra, pal\u00e1ntasz\u00e1ll\u00edt\u00e1sra, talajtakar\u00e1sra, \u00e1fonya, \u00e1fonya \u00e9s m\u00e1s savkedvel\u0151 n\u00f6v\u00e9nyek termeszt\u00e9s\u00e9re is haszn\u00e1lhat\u00f3. F\u00e1k \u00e9s cserj\u00e9k \u00fcltet\u00e9sekor javasolt a term\u00e9szetes talajt belekeverni.<br \/>\nKLASMANN m\u00e1rka<br \/>\nKiszerel\u00e9s 70 l<\/p>\n","protected":false},"featured_media":32679,"comment_status":"closed","ping_status":"closed","template":"","meta":[],"product_brand":[],"product_cat":[309],"product_tag":[],"class_list":{"0":"post-32678","1":"product","2":"type-product","3":"status-publish","4":"has-post-thumbnail","6":"product_cat-kudras-tozegek","8":"first","9":"instock","10":"taxable","11":"shipping-taxable","12":"purchasable","13":"product-type-simple"},"_links":{"self":[{"href":"https:\/\/chilimag.hu\/webshop\/wp-json\/wp\/v2\/product\/32678","targetHints":{"allow":["GET"]}}],"collection":[{"href":"https:\/\/chilimag.hu\/webshop\/wp-json\/wp\/v2\/product"}],"about":[{"href":"https:\/\/chilimag.hu\/webshop\/wp-json\/wp\/v2\/types\/product"}],"replies":[{"embeddable":true,"href":"https:\/\/chilimag.hu\/webshop\/wp-json\/wp\/v2\/comments?post=32678"}],"wp:featuredmedia":[{"embeddable":true,"href":"https:\/\/chilimag.hu\/webshop\/wp-json\/wp\/v2\/media\/32679"}],"wp:attachment":[{"href":"https:\/\/chilimag.hu\/webshop\/wp-json\/wp\/v2\/media?parent=32678"}],"wp:term":[{"taxonomy":"product_brand","embeddable":true,"href":"https:\/\/chilimag.hu\/webshop\/wp-json\/wp\/v2\/product_brand?post=32678"},{"taxonomy":"product_cat","embeddable":true,"href":"https:\/\/chilimag.hu\/webshop\/wp-json\/wp\/v2\/product_cat?post=32678"},{"taxonomy":"product_tag","embeddable":true,"href":"https:\/\/chilimag.hu\/webshop\/wp-json\/wp\/v2\/product_tag?post=32678"}],"curies":[{"name":"wp","href":"https:\/\/api.w.org\/{rel}","templated":true}]}}