{"id":32673,"date":"2024-07-07T19:46:45","date_gmt":"2024-07-07T19:46:45","guid":{"rendered":"https:\/\/chilimag.hu\/webshop\/?post_type=product&#038;p=32673"},"modified":"2026-05-04T12:02:35","modified_gmt":"2026-05-04T12:02:35","slug":"klasmann-ts1-univerzalis-tozeg-sl","status":"publish","type":"product","link":"https:\/\/chilimag.hu\/webshop\/termek\/klasmann-ts1-univerzalis-tozeg-sl\/","title":{"rendered":"KLASMANN TS1 Univerz\u00e1lis t\u0151zeg 70L  SL"},"content":{"rendered":"","protected":false},"excerpt":{"rendered":"<p>Univerz\u00e1lis t\u0151zeg szubsztr\u00e1t bio t\u0151zegb\u0151l, szakszer\u0171en, speci\u00e1lis \u00f6sszet\u00e9tel szerint elk\u00e9sz\u00edtve vir\u00e1gok, z\u00f6lds\u00e9gek, f\u0171szerek \u00e9s pal\u00e1nt\u00e1k cs\u00edr\u00e1ztat\u00e1s\u00e1ra, termeszt\u0151- \u00e9s \u00e1t\u00fcltet\u0151helyis\u00e9gekre, balkonvir\u00e1gok \u00e9s n\u00f6v\u00e9nyek, nyitott \u00e9s z\u00e1rt talajz\u00f6lds\u00e9gek \u00e9s \u00fcltetv\u00e9nyek kieg\u00e9sz\u00edt\u00e9s\u00e9re \u00e9s jav\u00edt\u00e1s\u00e1ra. a kerti talaj.<\/p>\n<p>KLASMANN m\u00e1rka<br \/>\nKiszerel\u00e9s 70 l<\/p>\n","protected":false},"featured_media":32674,"comment_status":"closed","ping_status":"closed","template":"","meta":[],"product_brand":[],"product_cat":[309],"product_tag":[],"class_list":{"0":"post-32673","1":"product","2":"type-product","3":"status-publish","4":"has-post-thumbnail","6":"product_cat-kudras-tozegek","8":"first","9":"instock","10":"taxable","11":"shipping-taxable","12":"purchasable","13":"product-type-simple"},"_links":{"self":[{"href":"https:\/\/chilimag.hu\/webshop\/wp-json\/wp\/v2\/product\/32673","targetHints":{"allow":["GET"]}}],"collection":[{"href":"https:\/\/chilimag.hu\/webshop\/wp-json\/wp\/v2\/product"}],"about":[{"href":"https:\/\/chilimag.hu\/webshop\/wp-json\/wp\/v2\/types\/product"}],"replies":[{"embeddable":true,"href":"https:\/\/chilimag.hu\/webshop\/wp-json\/wp\/v2\/comments?post=32673"}],"wp:featuredmedia":[{"embeddable":true,"href":"https:\/\/chilimag.hu\/webshop\/wp-json\/wp\/v2\/media\/32674"}],"wp:attachment":[{"href":"https:\/\/chilimag.hu\/webshop\/wp-json\/wp\/v2\/media?parent=32673"}],"wp:term":[{"taxonomy":"product_brand","embeddable":true,"href":"https:\/\/chilimag.hu\/webshop\/wp-json\/wp\/v2\/product_brand?post=32673"},{"taxonomy":"product_cat","embeddable":true,"href":"https:\/\/chilimag.hu\/webshop\/wp-json\/wp\/v2\/product_cat?post=32673"},{"taxonomy":"product_tag","embeddable":true,"href":"https:\/\/chilimag.hu\/webshop\/wp-json\/wp\/v2\/product_tag?post=32673"}],"curies":[{"name":"wp","href":"https:\/\/api.w.org\/{rel}","templated":true}]}}