{"id":32663,"date":"2024-07-07T19:05:54","date_gmt":"2024-07-07T19:05:54","guid":{"rendered":"https:\/\/chilimag.hu\/webshop\/?post_type=product&#038;p=32663"},"modified":"2024-07-29T16:58:26","modified_gmt":"2024-07-29T16:58:26","slug":"kekkila-szobanovenyeknek-es-cserepes-novenyeknek-fold-sl","status":"publish","type":"product","link":"https:\/\/chilimag.hu\/webshop\/termek\/kekkila-szobanovenyeknek-es-cserepes-novenyeknek-fold-sl\/","title":{"rendered":"KEKKILA szoban\u00f6v\u00e9nyeknek \u00e9s cserepes n\u00f6v\u00e9nyeknek f\u00f6ld 10L SL"},"content":{"rendered":"","protected":false},"excerpt":{"rendered":"<p>Z\u00d6LD N\u00d6V\u00c9NYEK TALAJ A Kekkil\u00e4 talaj minden leveles n\u00f6v\u00e9ny sz\u00e1m\u00e1ra alkalmas. K\u00fcl\u00f6n\u00f6sen j\u00f3l haszn\u00e1lhat\u00f3 \u00f6nt\u00f6z\u0151rendszerrel ell\u00e1tott cser\u00e9pben, valamint nagy level\u0171 \u00e9s \u00e9vel\u0151 teraszn\u00f6v\u00e9nyekhez.<\/p>\n<p style=\"font-weight: 400;\">Felhaszn\u00e1l\u00e1si c\u00e9l: K\u00fcl\u00f6nb\u00f6z\u0151 m\u00e9ret\u0171 leveles n\u00f6v\u00e9nyek, \u00f6nt\u00f6z\u00e9ses cserepes rendszer, \u00e9vel\u0151 cserepes k\u00fclt\u00e9ri n\u00f6v\u00e9nyek, nagy terasz cserepek. Haszn\u00e1lata: ed\u00e9ny kb 12 cm 1 zacsk\u00f3\/ 10 ed\u00e9ny, ed\u00e9ny kb 17 cm 1 zacsk\u00f3\/ 6 ed\u00e9ny, ed\u00e9ny kb 25 cm 1 zacsk\u00f3\/ 2 ed\u00e9ny.<\/p>\n<p style=\"font-weight: 400;\">\n<p style=\"font-weight: 400;\">Term\u00e9kle\u00edr\u00e1s: Kekkila talaj leveles n\u00f6v\u00e9nyek sz\u00e1m\u00e1ra: Nyersanyagok-k\u00fcl\u00f6nb\u00f6z\u0151 t\u00edpus\u00fa t\u0151zeg, homok, durva \u00e9s finom iszap \u00e9s agyag, adal\u00e9kanyagok 6,0 kg\/m3 Mg-d\u00fas m\u00e9szk\u0151liszt, (finom), Mg 5%, 1,2 kg\/m3 vir\u00e1gtalaj (NPK 6-12-24+nyomelemek) \u00e9s nedves\u00edt\u0151szer, k\u00f6zepes szemcsem\u00e9ret\u0171, 60x12mm-esa t\u00e1rcs\u00e1s szit\u00e1val \u00e1tszit\u00e1lt. Vezet\u0151k\u00e9pess\u00e9g 15 mS\/m, pH 6,5, Nitrog\u00e9n (N), v\u00edzben old\u00f3dik 170 mg\/kg sz\u00e1razanyag (50 mg\/l) foszfor (P), v\u00edzben old\u00f3dik 190 mg\/kg sz\u00e1razanyag (70 mg\/l), k\u00e1lium (K), v\u00edzben old\u00f3dik 600 mg\/kg sz\u00e1razanyag (200 mg\/l), nedvess\u00e9g 35%, szervesanyag tartalom 19 t\u00f6meg %.<\/p>\n<p>KEKKILA m\u00e1rka<br \/>\nC\u00e9l Szoban\u00f6v\u00e9nyekhez<br \/>\nKiszerel\u00e9s 10l<\/p>\n","protected":false},"featured_media":32664,"comment_status":"closed","ping_status":"closed","template":"","meta":[],"product_brand":[],"product_cat":[371],"product_tag":[],"class_list":{"0":"post-32663","1":"product","2":"type-product","3":"status-publish","4":"has-post-thumbnail","6":"product_cat-seklos-lt-tozegek","8":"first","9":"instock","10":"taxable","11":"shipping-taxable","12":"purchasable","13":"product-type-simple"},"_links":{"self":[{"href":"https:\/\/chilimag.hu\/webshop\/wp-json\/wp\/v2\/product\/32663","targetHints":{"allow":["GET"]}}],"collection":[{"href":"https:\/\/chilimag.hu\/webshop\/wp-json\/wp\/v2\/product"}],"about":[{"href":"https:\/\/chilimag.hu\/webshop\/wp-json\/wp\/v2\/types\/product"}],"replies":[{"embeddable":true,"href":"https:\/\/chilimag.hu\/webshop\/wp-json\/wp\/v2\/comments?post=32663"}],"wp:featuredmedia":[{"embeddable":true,"href":"https:\/\/chilimag.hu\/webshop\/wp-json\/wp\/v2\/media\/32664"}],"wp:attachment":[{"href":"https:\/\/chilimag.hu\/webshop\/wp-json\/wp\/v2\/media?parent=32663"}],"wp:term":[{"taxonomy":"product_brand","embeddable":true,"href":"https:\/\/chilimag.hu\/webshop\/wp-json\/wp\/v2\/product_brand?post=32663"},{"taxonomy":"product_cat","embeddable":true,"href":"https:\/\/chilimag.hu\/webshop\/wp-json\/wp\/v2\/product_cat?post=32663"},{"taxonomy":"product_tag","embeddable":true,"href":"https:\/\/chilimag.hu\/webshop\/wp-json\/wp\/v2\/product_tag?post=32663"}],"curies":[{"name":"wp","href":"https:\/\/api.w.org\/{rel}","templated":true}]}}