{"id":32661,"date":"2024-07-07T19:00:02","date_gmt":"2024-07-07T19:00:02","guid":{"rendered":"https:\/\/chilimag.hu\/webshop\/?post_type=product&#038;p=32661"},"modified":"2026-05-08T09:43:52","modified_gmt":"2026-05-08T09:43:52","slug":"kekkila-orchidea-es-ephifita-fold-sl","status":"publish","type":"product","link":"https:\/\/chilimag.hu\/webshop\/termek\/kekkila-orchidea-es-ephifita-fold-sl\/","title":{"rendered":"KEKKILA Orchidea \u00e9s ephifita  f\u00f6ld 6l SL"},"content":{"rendered":"","protected":false},"excerpt":{"rendered":"<p>&nbsp;<\/p>\n<p>TALAJ ORCHIDEA \u00c9S EPIFITA N\u00d6V\u00c9NYEKHEZ Speci\u00e1lisan, speci\u00e1lis recept\u00fara \u200b\u200balapj\u00e1n szerves \u00e9s \u00e1sv\u00e1nyi anyagokb\u00f3l elk\u00e9sz\u00edtett speci\u00e1lis talaj orchide\u00e1k \u00e1t\u00fcltet\u00e9s\u00e9hez \u00e9s termeszt\u00e9s\u00e9hez; a kerti talaj kieg\u00e9sz\u00edt\u00e9se, jav\u00edt\u00e1sa. A talaj kiegyens\u00falyozott t\u00e1panyagtartalm\u00fa, por\u00f3zus, v\u00edz- \u00e9s nedvess\u00e9gtart\u00f3, k\u00f3rokoz\u00f3-\u00e1tviv\u0151kt\u0151l mentes. A talaj term\u00e9szetes anyagokb\u00f3l \u2013 k\u00f6nny\u0171 t\u0151zeg, komposzt\u00e1lt feny\u0151k\u00e9reg, k\u00f3kuszrost, k\u00f3kuszreszel\u00e9k, agyagkavics \u2013 k\u00e9sz\u00fcl.<br \/>\nKEKKILA m\u00e1rka<br \/>\nFelhaszn\u00e1l\u00e1s Szoban\u00f6v\u00e9nyekhez, Orchide\u00e1khoz<\/p>\n<p style=\"font-weight: 400;\">C\u00e9l: K\u00fcl\u00f6nf\u00e9le t\u00edpus\u00fa orchide\u00e1k, mint p\u00e9ld\u00e1ul m\u00e1jusvir\u00e1g, cs\u00f3nakorhid\u00e9\u00e1k, \u00e1rv\u00e1cskaorhide\u00e1k, fodros \u00e9s m\u00e1s leveg\u0151t kedvel\u0151 n\u00f6v\u00e9nyek, mint p\u00e9ld\u00e1ul a szak\u00e1lbrom\u00e9li\u00e1k \u00e9s a flaming\u00f3vir\u00e1g.<\/p>\n<p style=\"font-weight: 400;\">Felhaszn\u00e1l\u00e1s:Kb 12 cm \u00e1tm\u00e9r\u0151j\u0171 ed\u00e9ny 1 zacsk\u00f3 \/ 8 ed\u00e9ny , 17 cm \u00e1tm\u00e9r\u0151j\u0171 ed\u00e9ny 1 zacsk\u00f3 \/ 4 ed\u00e9ny. Az \u00faj orchide\u00e1kat vir\u00e1gz\u00e1s ut\u00e1n azonnal \u00faj \u00e9s nagyobb cser\u00e9pbe kell \u00e1t\u00fcltetni.<\/p>\n<p>Kiszerel\u00e9s 6l<\/p>\n","protected":false},"featured_media":32662,"comment_status":"closed","ping_status":"closed","template":"","meta":[],"product_brand":[],"product_cat":[371],"product_tag":[],"class_list":{"0":"post-32661","1":"product","2":"type-product","3":"status-publish","4":"has-post-thumbnail","6":"product_cat-seklos-lt-tozegek","8":"first","9":"instock","10":"taxable","11":"shipping-taxable","12":"purchasable","13":"product-type-simple"},"_links":{"self":[{"href":"https:\/\/chilimag.hu\/webshop\/wp-json\/wp\/v2\/product\/32661","targetHints":{"allow":["GET"]}}],"collection":[{"href":"https:\/\/chilimag.hu\/webshop\/wp-json\/wp\/v2\/product"}],"about":[{"href":"https:\/\/chilimag.hu\/webshop\/wp-json\/wp\/v2\/types\/product"}],"replies":[{"embeddable":true,"href":"https:\/\/chilimag.hu\/webshop\/wp-json\/wp\/v2\/comments?post=32661"}],"wp:featuredmedia":[{"embeddable":true,"href":"https:\/\/chilimag.hu\/webshop\/wp-json\/wp\/v2\/media\/32662"}],"wp:attachment":[{"href":"https:\/\/chilimag.hu\/webshop\/wp-json\/wp\/v2\/media?parent=32661"}],"wp:term":[{"taxonomy":"product_brand","embeddable":true,"href":"https:\/\/chilimag.hu\/webshop\/wp-json\/wp\/v2\/product_brand?post=32661"},{"taxonomy":"product_cat","embeddable":true,"href":"https:\/\/chilimag.hu\/webshop\/wp-json\/wp\/v2\/product_cat?post=32661"},{"taxonomy":"product_tag","embeddable":true,"href":"https:\/\/chilimag.hu\/webshop\/wp-json\/wp\/v2\/product_tag?post=32661"}],"curies":[{"name":"wp","href":"https:\/\/api.w.org\/{rel}","templated":true}]}}