{"id":32656,"date":"2024-07-07T18:14:19","date_gmt":"2024-07-07T18:14:19","guid":{"rendered":"https:\/\/chilimag.hu\/webshop\/?post_type=product&#038;p=32656"},"modified":"2024-07-07T18:14:19","modified_gmt":"2024-07-07T18:14:19","slug":"sumin-laser-rovarok-kartevok-elleni-szer-sl","status":"publish","type":"product","link":"https:\/\/chilimag.hu\/webshop\/termek\/sumin-laser-rovarok-kartevok-elleni-szer-sl\/","title":{"rendered":"Sumin Laser Rovarok k\u00e1rtev\u0151k elleni szer SL"},"content":{"rendered":"","protected":false},"excerpt":{"rendered":"<p>SUMIN LASER 940 EC<br \/>\nC\u00e9l: Term\u00e9szetes, teljes n\u00f6v\u00e9ny\u00e1pol\u00f3 szer a n\u00f6v\u00e9nyeket k\u00e1ros\u00edt\u00f3 rovarok \u00e9s atk\u00e1k irt\u00e1s\u00e1ra. Mechanikusan elpuszt\u00edtja a n\u00f6v\u00e9nyekre k\u00e1ros k\u00e1rtev\u0151ket. A LASER 940 EC permetez\u00e9se v\u00e9kony ragad\u00f3s bevonatot hoz l\u00e9tre a n\u00f6v\u00e9ny fel\u00fclet\u00e9n, amely r\u00f6gz\u00edti a k\u00e1rtev\u0151ket. Egy ilyen cselekv\u00e9s k\u00f6vetkezt\u00e9ben \u00e9lettev\u00e9kenys\u00e9g\u00fck korl\u00e1tozott, k\u00fcl\u00f6n\u00f6sen mozg\u00e1suk, t\u00e1pl\u00e1lkoz\u00e1suk \u00e9s szaporod\u00e1suk akad\u00e1lyozott. Az eszk\u00f6zt alternat\u00edv vagy seg\u00e9deszk\u00f6zk\u00e9nt haszn\u00e1lj\u00e1k rovar\u00f6l\u0151 \u00e9s\/vagy atka\u00f6l\u0151 szerekhez. A term\u00e9k nem min\u0151s\u00fcl vesz\u00e9lyesnek. \u00d6sszetev\u0151i nem min\u0151s\u00fclnek vesz\u00e9lyesnek, \u00e9s a hat\u00e1lyos szab\u00e1lyoz\u00e1s szerint nem szerepelnek a vesz\u00e9lyes anyagok list\u00e1j\u00e1n. Haszn\u00e1lata: permetezzen b\u0151s\u00e9gesen \u00e9s alaposan a n\u00f6v\u00e9nyeket: 9 ml\/1 l H2O (rovarirt\u00e1shoz) 12ml\/1l H2O (kullancsirt\u00e1shoz). Haszn\u00e1lat ut\u00e1n 3 \u00f3r\u00e1n kereszt\u00fcl nem eshet az es\u0151. Nincs t\u00fcrelmi id\u0151. \u00d6sszetev\u0151k: Caamelia sativ\u00e1b\u00f3l nyert term\u00e9szetes n\u00f6v\u00e9nyi olaj. Kiszerel\u00e9s &#8211; 25 g.<\/p>\n<p>Sumin m\u00e1rka<br \/>\nKiszerel\u00e9s 25 ml<\/p>\n","protected":false},"featured_media":32657,"comment_status":"closed","ping_status":"closed","template":"","meta":[],"product_brand":[],"product_cat":[391,340],"product_tag":[],"class_list":{"0":"post-32656","1":"product","2":"type-product","3":"status-publish","4":"has-post-thumbnail","6":"product_cat-egyeb-tapoldatok","7":"product_cat-kartevo-csapdak","9":"first","10":"instock","11":"taxable","12":"shipping-taxable","13":"purchasable","14":"product-type-simple"},"_links":{"self":[{"href":"https:\/\/chilimag.hu\/webshop\/wp-json\/wp\/v2\/product\/32656","targetHints":{"allow":["GET"]}}],"collection":[{"href":"https:\/\/chilimag.hu\/webshop\/wp-json\/wp\/v2\/product"}],"about":[{"href":"https:\/\/chilimag.hu\/webshop\/wp-json\/wp\/v2\/types\/product"}],"replies":[{"embeddable":true,"href":"https:\/\/chilimag.hu\/webshop\/wp-json\/wp\/v2\/comments?post=32656"}],"wp:featuredmedia":[{"embeddable":true,"href":"https:\/\/chilimag.hu\/webshop\/wp-json\/wp\/v2\/media\/32657"}],"wp:attachment":[{"href":"https:\/\/chilimag.hu\/webshop\/wp-json\/wp\/v2\/media?parent=32656"}],"wp:term":[{"taxonomy":"product_brand","embeddable":true,"href":"https:\/\/chilimag.hu\/webshop\/wp-json\/wp\/v2\/product_brand?post=32656"},{"taxonomy":"product_cat","embeddable":true,"href":"https:\/\/chilimag.hu\/webshop\/wp-json\/wp\/v2\/product_cat?post=32656"},{"taxonomy":"product_tag","embeddable":true,"href":"https:\/\/chilimag.hu\/webshop\/wp-json\/wp\/v2\/product_tag?post=32656"}],"curies":[{"name":"wp","href":"https:\/\/api.w.org\/{rel}","templated":true}]}}