{"id":32648,"date":"2024-07-07T17:48:30","date_gmt":"2024-07-07T17:48:30","guid":{"rendered":"https:\/\/chilimag.hu\/webshop\/?post_type=product&#038;p=32648"},"modified":"2024-07-07T17:48:30","modified_gmt":"2024-07-07T17:48:30","slug":"gyapju-szalag-fakhoz-10-m-sl","status":"publish","type":"product","link":"https:\/\/chilimag.hu\/webshop\/termek\/gyapju-szalag-fakhoz-10-m-sl\/","title":{"rendered":"Gyapj\u00fa szalag f\u00e1khoz 10 m SL"},"content":{"rendered":"","protected":false},"excerpt":{"rendered":"<p><img decoding=\"async\" class=\"active-logo\" src=\"https:\/\/b2b.seklos.lt\/themes\/warehouse\/img\/logo_en.png\" alt=\"Agrofirma S\u0117klos, UAB\" width=\"280\" height=\"95\" \/><\/p>\n<p>A gyapj\u00faszalagot \u00fagy tervezt\u00e9k, hogy megv\u00e9dje a f\u00e1kat a vadon \u00e9l\u0151 \u00e1llatok negat\u00edv hat\u00e1sait\u00f3l. A term\u00e9ket erd\u0151v\u00e9delmi szak\u00e9rt\u0151kkel egyeztetve, tud\u00e1sukra \u00e9s a glob\u00e1lis legjobb gyakorlatokra t\u00e1maszkodva fejlesztett\u00fck ki. Ez a v\u00e9d\u0151szalag 100%-ban term\u00e9szetes b\u00e1r\u00e1nygyapj\u00fab\u00f3l k\u00e9sz\u00fclt. A term\u00e9k saj\u00e1tos gyapj\u00faszag\u00fa, \u00e9s a gyapj\u00faban l\u00e9v\u0151 lanolin term\u00e9szetes tasz\u00edt\u00f3szerk\u00e9nt m\u0171k\u00f6dik. A gyapj\u00fa kr\u00e9mes-feh\u00e9r sz\u00ednt k\u00f6lcs\u00f6n\u00f6z a f\u00e1knak, \u00edgy az ezzel a ragaszt\u00f3szalaggal \u00e1tcsomagolt f\u00e1k term\u00e9szetellenesen n\u00e9znek ki, \u00e9s nem vonzz\u00e1k a vadon \u00e9l\u0151 \u00e1llatokat. Term\u00e9szetes, \u00f6kol\u00f3giai \u00e9s k\u00f6rnyezetbar\u00e1t v\u00e9delem a f\u00e1k sz\u00e1m\u00e1ra. A term\u00e9ket a term\u00e9szetes term\u00e9kciklus v\u00e9g\u00e9ig lehet f\u00e1kon hagyni, amikor is a term\u00e9k teljesen lebomlik. Az anyag teljes sz\u00e9tes\u00e9si ciklusa k\u00f6r\u00fclbel\u00fcl 5 \u00e9v. Haszn\u00e1ljon spir\u00e1lis tekercset, hagyjon n\u00e9h\u00e1ny centim\u00e9teres r\u00e9st. A term\u00e9k optim\u00e1lis s\u0171r\u0171s\u00e9g\u0171 \u00e9s szil\u00e1rds\u00e1g\u00fa, term\u00e9szetesen szell\u0151zik \u00e9s gyorsan elt\u00e1vol\u00edtja a felesleges nedvess\u00e9get. A term\u00e9k sz\u00e9tt\u00e9phet\u0151, hogy a f\u00e1k leg\u00e9rz\u00e9kenyebb r\u00e9szeit \u2013 a tetej\u00e9t \u2013 lefedje. Term\u00e9k m\u00e9retei: hossza kb 10 m, sz\u00e9less\u00e9ge 5-7 cm. S\u0171r\u0171s\u00e9ge k\u00f6r\u00fclbel\u00fcl 5 g\/m. \u00d6sszet\u00e9tel: 100% gyapj\u00fa. Egy csomag k\u00f6r\u00fclbel\u00fcl 7-8 fa v\u00e9delm\u00e9t szolg\u00e1lja.<br \/>\nM\u00e1rka UAB LITWOOL&#8221;&#8221;<\/p>\n","protected":false},"featured_media":32649,"comment_status":"closed","ping_status":"closed","template":"","meta":[],"product_brand":[],"product_cat":[340],"product_tag":[],"class_list":{"0":"post-32648","1":"product","2":"type-product","3":"status-publish","4":"has-post-thumbnail","6":"product_cat-kartevo-csapdak","8":"first","9":"instock","10":"taxable","11":"shipping-taxable","12":"purchasable","13":"product-type-simple"},"_links":{"self":[{"href":"https:\/\/chilimag.hu\/webshop\/wp-json\/wp\/v2\/product\/32648","targetHints":{"allow":["GET"]}}],"collection":[{"href":"https:\/\/chilimag.hu\/webshop\/wp-json\/wp\/v2\/product"}],"about":[{"href":"https:\/\/chilimag.hu\/webshop\/wp-json\/wp\/v2\/types\/product"}],"replies":[{"embeddable":true,"href":"https:\/\/chilimag.hu\/webshop\/wp-json\/wp\/v2\/comments?post=32648"}],"wp:featuredmedia":[{"embeddable":true,"href":"https:\/\/chilimag.hu\/webshop\/wp-json\/wp\/v2\/media\/32649"}],"wp:attachment":[{"href":"https:\/\/chilimag.hu\/webshop\/wp-json\/wp\/v2\/media?parent=32648"}],"wp:term":[{"taxonomy":"product_brand","embeddable":true,"href":"https:\/\/chilimag.hu\/webshop\/wp-json\/wp\/v2\/product_brand?post=32648"},{"taxonomy":"product_cat","embeddable":true,"href":"https:\/\/chilimag.hu\/webshop\/wp-json\/wp\/v2\/product_cat?post=32648"},{"taxonomy":"product_tag","embeddable":true,"href":"https:\/\/chilimag.hu\/webshop\/wp-json\/wp\/v2\/product_tag?post=32648"}],"curies":[{"name":"wp","href":"https:\/\/api.w.org\/{rel}","templated":true}]}}