{"id":32646,"date":"2024-07-07T17:41:07","date_gmt":"2024-07-07T17:41:07","guid":{"rendered":"https:\/\/chilimag.hu\/webshop\/?post_type=product&#038;p=32646"},"modified":"2026-03-08T16:19:24","modified_gmt":"2026-03-08T16:19:24","slug":"csont-liszt-keverek-25-kg-ow-sl","status":"publish","type":"product","link":"https:\/\/chilimag.hu\/webshop\/termek\/csont-liszt-keverek-25-kg-ow-sl\/","title":{"rendered":"Csont liszt kever\u00e9k 2,5 Kg OW SL"},"content":{"rendered":"","protected":false},"excerpt":{"rendered":"<p><img decoding=\"async\" class=\"logo\" src=\"https:\/\/b2b.seklos.lt\/themes\/warehouse\/img\/logo_en.png\" alt=\"Agrofirma S\u0117klos, UAB\" \/><\/p>\n<p>CSONTLiszt KEVER\u00c9K<br \/>\nPFK 7. M\u0170TR\u00c1GYA TERM\u00c9KKEVER\u00c9K (PFK 1(A)(I) + PFK 2).<br \/>\n\u00f6mlesztett SZERVES TR\u00c1GY\u00c1K MESZ\u0150 ANYAGOT NP (Ca, Mg) 2,5-30 (+42+1).Haszn\u00e1lati utas\u00edt\u00e1sok \u00e9s szabv\u00e1nyok. M\u0171tr\u00e1gya k\u00e9sz\u00edtm\u00e9ny talajjav\u00edt\u00e1sra \u00e9s k\u00fcl\u00f6nb\u00f6z\u0151 t\u00edpus\u00fa n\u00f6v\u00e9nyek t\u00e1poz\u00e1s\u00e1ra. Ker\u00fclje a savkedvel\u0151 n\u00f6v\u00e9nyek, a foszforhi\u00e1nyos talajok \u00e9s a 7-es vagy magasabb pH-\u00e9rt\u00e9k\u0171 talajok m\u0171tr\u00e1gy\u00e1z\u00e1s\u00e1t. A m\u0171tr\u00e1gya term\u00e9k lassan felszabadul\u00f3 t\u00e1panyagok kever\u00e9ke, amely hosszan tart\u00f3 hat\u00e1st \u00e9s el\u0151ny\u00f6ket biztos\u00edt. 4-6 h\u00f3napig tart, am\u00edg az anyag teljesen felsz\u00edv\u00f3dik. Mindig pr\u00f3b\u00e1ljon helyi m\u0171tr\u00e1gy\u00e1t kijuttatni, \u00e9s a term\u00e9ket 25 cm m\u00e9lys\u00e9gig bedolgozza a talajba. A csontliszt kijuttat\u00e1sa el\u0151tt \u00e9s ut\u00e1n mindig aj\u00e1nlott a talaj \u00f6nt\u00f6z\u00e9se. A cserj\u00e9k \u00e9s f\u00e1k k\u00f6r\u00fcl az \u00e1gak koron\u00e1j\u00e1nak sz\u00e9less\u00e9g\u00e9ben tr\u00e1gy\u00e1zzunk. Alkalmazza az aj\u00e1nlott mennyis\u00e9get 1-2 alkalommal. A m\u0171tr\u00e1gya kijuttat\u00e1sok sz\u00e1ma a n\u00f6v\u00e9nyek vegetat\u00edv ig\u00e9nyeit\u0151l, a kijuttat\u00e1s id\u0151pontj\u00e1t\u00f3l \u00e9s a talaj t\u00e1panyagtartalm\u00e1t\u00f3l f\u00fcgg. A csontliszt eg\u00e9sz \u00e9vben, febru\u00e1rt\u00f3l novemberig haszn\u00e1lhat\u00f3, de legjobb kora tavasszal az \u00fcltet\u00e9s el\u0151tt \u00e9s \u0151sszel a betakar\u00edt\u00e1s ut\u00e1n. Alkalmaz\u00e1si ar\u00e1nyok. \u00d3voda &#8211; 300 g\/m2; pal\u00e1ntanevel\u00e9s &#8211; 30-50 g\/1 pal\u00e1nta (tegy\u00fcnk 1-2 ev\u0151kan\u00e1l term\u00e9ket a lyukba, \u00e9s alaposan keverj\u00fck \u00f6ssze a talajjal); kerti talaj (emelt \u00e1gy\u00e1s \u00e9s \u00fcvegh\u00e1zi talaj), fejtr\u00e1gy\u00e1z\u00e1shoz &#8211; 150-300 g\/m2; z\u00f6lds\u00e9gek \u00e9s burgonya &#8211; 70-100 g \/ m2; cser\u00e9pben, v\u00e1ly\u00faban, kont\u00e9nerben termesztett n\u00f6v\u00e9nyek (belt\u00e9ri, erk\u00e9lyes, cserepes \u00e9s teraszos vir\u00e1gok \u00e9s vir\u00e1gos n\u00f6v\u00e9nyek) &#8211; 30 g\/1 l termeszt\u0151k\u00f6zeg elk\u00e9sz\u00edt\u00e9s\u00e9vel; k\u00fclt\u00e9ri vir\u00e1gok, cserj\u00e9k \u00e9s vir\u00e1gos cserj\u00e9k, d\u00edszn\u00f6v\u00e9nyek &#8211; 150-200 g\/m2; d\u00edszn\u00f6v\u00e9nyek s\u00f6v\u00e9nyei &#8211; 200 g\/m2; gy\u00fcm\u00f6lcsf\u00e1k, t\u00e1jn\u00f6v\u00e9nyek &#8211; 150-300 g\/m2; p\u00e1zsit (felszerelt \u00e1llapotban) &#8211; 150 g\/m2, veget\u00e1l\u00f3 p\u00e1zsit &#8211; 300 g\/m2. A m\u0171tr\u00e1gya-kever\u00e9knek elegend\u0151 minim\u00e1lis ar\u00e1nyban kell tartalmaznia az \u00f6sszetev\u0151t (CAS-sz\u00e1m: 1317-65-3), hogy elker\u00fclhet\u0151 legyen a kever\u00e9k tov\u00e1bbi\/lehets\u00e9ges takarm\u00e1nyoz\u00e1si felhaszn\u00e1l\u00e1sa a helyes mez\u0151gazdas\u00e1gi gyakorlattal \u00f6sszhangban. A komponens az \u00e9ghajlati \u00e9s talajviszonyok \u00e9rt\u00e9kel\u00e9se alapj\u00e1n a kever\u00e9kben m\u0171tr\u00e1gyak\u00e9nt haszn\u00e1lhat\u00f3. Tilos a haszon\u00e1llatok f\u0171vel t\u00f6rt\u00e9n\u0151 etet\u00e9se ak\u00e1r k\u00f6zvetlen legeltet\u00e9ssel, ak\u00e1r leny\u00edrt f\u0171vel etetve csontliszttel tr\u00e1gy\u00e1zott f\u00f6ld\u00f6n, kiv\u00e9ve, ha a legeltet\u00e9sre vagy sz\u00e9n\u00e1z\u00e1sra legal\u00e1bb 21 napos v\u00e1rakoz\u00e1si id\u0151 ut\u00e1n ker\u00fcl sor. biztos\u00edtja a k\u00f6z- \u00e9s \u00e1llat-eg\u00e9szs\u00e9g\u00fcgyi kock\u00e1zat megfelel\u0151 ellen\u0151rz\u00e9s\u00e9t. T\u00f6meg: 2,5 kg.<\/p>\n<p>ORGANIC WAY m\u00e1rka<br \/>\nM\u0171tr\u00e1gya t\u00edpusa Laza<br \/>\nKiszerel\u00e9s 2,5 kg<\/p>\n","protected":false},"featured_media":32647,"comment_status":"closed","ping_status":"closed","template":"","meta":[],"product_brand":[],"product_cat":[387],"product_tag":[],"class_list":{"0":"post-32646","1":"product","2":"type-product","3":"status-publish","4":"has-post-thumbnail","6":"product_cat-organic-way-tapoldatok-es-noveny-apolok","8":"first","9":"instock","10":"taxable","11":"shipping-taxable","12":"purchasable","13":"product-type-simple"},"_links":{"self":[{"href":"https:\/\/chilimag.hu\/webshop\/wp-json\/wp\/v2\/product\/32646","targetHints":{"allow":["GET"]}}],"collection":[{"href":"https:\/\/chilimag.hu\/webshop\/wp-json\/wp\/v2\/product"}],"about":[{"href":"https:\/\/chilimag.hu\/webshop\/wp-json\/wp\/v2\/types\/product"}],"replies":[{"embeddable":true,"href":"https:\/\/chilimag.hu\/webshop\/wp-json\/wp\/v2\/comments?post=32646"}],"wp:featuredmedia":[{"embeddable":true,"href":"https:\/\/chilimag.hu\/webshop\/wp-json\/wp\/v2\/media\/32647"}],"wp:attachment":[{"href":"https:\/\/chilimag.hu\/webshop\/wp-json\/wp\/v2\/media?parent=32646"}],"wp:term":[{"taxonomy":"product_brand","embeddable":true,"href":"https:\/\/chilimag.hu\/webshop\/wp-json\/wp\/v2\/product_brand?post=32646"},{"taxonomy":"product_cat","embeddable":true,"href":"https:\/\/chilimag.hu\/webshop\/wp-json\/wp\/v2\/product_cat?post=32646"},{"taxonomy":"product_tag","embeddable":true,"href":"https:\/\/chilimag.hu\/webshop\/wp-json\/wp\/v2\/product_tag?post=32646"}],"curies":[{"name":"wp","href":"https:\/\/api.w.org\/{rel}","templated":true}]}}