{"id":32637,"date":"2024-07-06T19:23:47","date_gmt":"2024-07-06T19:23:47","guid":{"rendered":"https:\/\/chilimag.hu\/webshop\/?post_type=product&#038;p=32637"},"modified":"2026-02-04T12:27:28","modified_gmt":"2026-02-04T12:27:28","slug":"mutragya-orokzoldekhez-2-kg-agr-sl","status":"publish","type":"product","link":"https:\/\/chilimag.hu\/webshop\/termek\/mutragya-orokzoldekhez-2-kg-agr-sl\/","title":{"rendered":"M\u0171tr\u00e1gya \u00f6r\u00f6kz\u00f6ldekhez \u00e9s feny\u0151f\u00e9l\u00e9khez 2 kg AGR SL"},"content":{"rendered":"","protected":false},"excerpt":{"rendered":"<p><img decoding=\"async\" class=\"active-logo\" src=\"https:\/\/b2b.seklos.lt\/themes\/warehouse\/img\/logo_en.png\" alt=\"Agrofirma S\u0117klos, UAB\" width=\"280\" height=\"95\" \/><\/p>\n<p>\u00d6R\u00d6KZ\u00d6LD N\u00d6V\u00c9NYEK TR\u00c1GYA<br \/>\nPFC 1(C)(I)(a)(ii) \u00d6SSZETETT SZIL\u00c1RD SZERVETLEN MAKROT\u00c1PANYAG-M\u0170TR\u00c1GYA.<br \/>\nTartalomnyilatkozat NPK (Mg, S) 12-12-17 (+2+35)+TE. Haszn\u00e1lati \u00fatmutat\u00f3. A m\u0171tr\u00e1gya a talaj jav\u00edt\u00e1s\u00e1ra \u00e9s a k\u00fcl\u00f6nb\u00f6z\u0151 t\u00edpus\u00fa gy\u00fcm\u00f6lcs\u00f6s n\u00f6v\u00e9nyek t\u00e1pl\u00e1l\u00e1s\u00e1ra szolg\u00e1l. Pr\u00f3b\u00e1ljon helyben tr\u00e1gy\u00e1zni. Mindig pr\u00f3b\u00e1lja meg a m\u0171tr\u00e1gy\u00e1t a talajba juttatni. A bokrok \u00e9s f\u00e1k k\u00f6r\u00fcl az \u00e1gkorona sz\u00e9less\u00e9g\u0171 szakaszt tr\u00e1gy\u00e1zzuk meg. Tr\u00e1gy\u00e1zzunk 1-3-szor az aj\u00e1nlott mennyis\u00e9gig. A tr\u00e1gy\u00e1z\u00e1si alkalmak sz\u00e1ma a n\u00f6v\u00e9nyek vegetat\u00edv sz\u00fcks\u00e9gleteit\u0151l, a tr\u00e1gy\u00e1z\u00e1si id\u0151t\u0151l \u00e9s a talajban l\u00e9v\u0151 t\u00e1panyag mennyis\u00e9g\u00e9t\u0151l f\u00fcgg. Kijuttat\u00e1si mennyis\u00e9g: \u00fcltet\u00e9si anyag, facsemet\u00e9k \u2013 20-30 g\/m2 f\u00f6ld (talaj) 50-100 g\/m2 fiatal d\u00edszn\u00f6v\u00e9nyek &#8211; 30-50 g\/m2 \u00e9rett (f\u00e1s sz\u00e1r\u00fa) d\u00edszn\u00f6v\u00e9nyek &#8211; 50-80 g\/m2 z\u00f6lds\u00f6v\u00e9ny kialak\u00edt\u00e1sa d\u00edszn\u00f6v\u00e9nyekb\u0151l \u2013 100 g\/m2 t\u00e1jcserj\u00e9k \u00e9s f\u00e1k \u2013 100-200 g\/m2. Csak akkor haszn\u00e1lja, ha felismerte a m\u0171tr\u00e1gya sz\u00fcks\u00e9gess\u00e9g\u00e9t! Ne l\u00e9pje t\u00fal az alkalmaz\u00e1si ar\u00e1nyokat! S\u00faly \u2013 2 kg (nett\u00f3).<\/p>\n<p>AGRONOM m\u00e1rka<br \/>\nM\u0171tr\u00e1gya t\u00edpusa Laza<br \/>\nM\u0171tr\u00e1gya szezonalit\u00e1s Tavaszi tr\u00e1gy\u00e1z\u00e1s, Ny\u00e1ri tr\u00e1gy\u00e1z\u00e1s<br \/>\nKiszerel\u00e9s 2 kg<\/p>\n","protected":false},"featured_media":32638,"comment_status":"closed","ping_status":"closed","template":"","meta":[],"product_brand":[],"product_cat":[388],"product_tag":[],"class_list":{"0":"post-32637","1":"product","2":"type-product","3":"status-publish","4":"has-post-thumbnail","6":"product_cat-agronom-tapoldatok-es-noveny-apolok","8":"first","9":"instock","10":"taxable","11":"shipping-taxable","12":"purchasable","13":"product-type-simple"},"_links":{"self":[{"href":"https:\/\/chilimag.hu\/webshop\/wp-json\/wp\/v2\/product\/32637","targetHints":{"allow":["GET"]}}],"collection":[{"href":"https:\/\/chilimag.hu\/webshop\/wp-json\/wp\/v2\/product"}],"about":[{"href":"https:\/\/chilimag.hu\/webshop\/wp-json\/wp\/v2\/types\/product"}],"replies":[{"embeddable":true,"href":"https:\/\/chilimag.hu\/webshop\/wp-json\/wp\/v2\/comments?post=32637"}],"wp:featuredmedia":[{"embeddable":true,"href":"https:\/\/chilimag.hu\/webshop\/wp-json\/wp\/v2\/media\/32638"}],"wp:attachment":[{"href":"https:\/\/chilimag.hu\/webshop\/wp-json\/wp\/v2\/media?parent=32637"}],"wp:term":[{"taxonomy":"product_brand","embeddable":true,"href":"https:\/\/chilimag.hu\/webshop\/wp-json\/wp\/v2\/product_brand?post=32637"},{"taxonomy":"product_cat","embeddable":true,"href":"https:\/\/chilimag.hu\/webshop\/wp-json\/wp\/v2\/product_cat?post=32637"},{"taxonomy":"product_tag","embeddable":true,"href":"https:\/\/chilimag.hu\/webshop\/wp-json\/wp\/v2\/product_tag?post=32637"}],"curies":[{"name":"wp","href":"https:\/\/api.w.org\/{rel}","templated":true}]}}