{"id":32626,"date":"2024-07-06T18:30:00","date_gmt":"2024-07-06T18:30:00","guid":{"rendered":"https:\/\/chilimag.hu\/webshop\/?post_type=product&#038;p=32626"},"modified":"2026-04-04T14:52:40","modified_gmt":"2026-04-04T14:52:40","slug":"microgreen-koriander-100-gr-agr-sl","status":"publish","type":"product","link":"https:\/\/chilimag.hu\/webshop\/termek\/microgreen-koriander-100-gr-agr-sl\/","title":{"rendered":"Microgreen Koriander 100 gr AGR SL"},"content":{"rendered":"","protected":false},"excerpt":{"rendered":"<p><img decoding=\"async\" class=\"active-logo\" src=\"https:\/\/b2b.seklos.lt\/themes\/warehouse\/img\/logo_en.png\" alt=\"Agrofirma S\u0117klos, UAB\" width=\"280\" height=\"95\" \/><\/p>\n<p>Magok fiatal levelek el\u0151\u00e1ll\u00edt\u00e1s\u00e1hoz \u2013 mikroz\u00f6ldek. A mikroz\u00f6ldeket \u00e9telek \u00edzes\u00edt\u00e9s\u00e9re vagy d\u00edsz\u00edt\u00e9s\u00e9re haszn\u00e1lj\u00e1k. A magokat eg\u00e9sz \u00e9vben vetik faiskol\u00e1kban vagy sek\u00e9ly l\u00e1d\u00e1kban \u2013 t\u0151zegtablett\u00e1ban vagy steril roston nevelve, \u00e9s gy\u00f6k\u00e9r n\u00e9lk\u00fcl fogyasztj\u00e1k. A koriander mikroz\u00f6ldek eg\u00e9szs\u00e9ges \u00e9s \u00edzletes \u00f6sszetev\u0151k, amelyeket be\u00e9p\u00edthet \u00e9trendj\u00e9be, hogy \u00e9lvezze egyedi \u00edz\u00e9t \u00e9s t\u00e1pl\u00e1lkoz\u00e1si el\u0151nyeit. S\u0151t, gazdag\u00edthatj\u00e1k \u00e9teleit, \u00e9s eszt\u00e9tikai sz\u00e9ps\u00e9get adhatnak nekik.<\/p>\n<p>Mennyis\u00e9g egy csomagban 100 g<br \/>\nMagok sz\u00e1ma grammonk\u00e9nt ~100<br \/>\nA pal\u00e1nt\u00e1k vet\u00e9si ideje I-XII, 1 cm<br \/>\nT\u00e1vols\u00e1gok, cm 10 x3 cm<br \/>\nSz\u00fcret I-XII<br \/>\nAGRONOM m\u00e1rka<br \/>\nNapos hely Igen<\/p>\n","protected":false},"featured_media":32627,"comment_status":"closed","ping_status":"closed","template":"","meta":[],"product_brand":[],"product_cat":[396,352],"product_tag":[],"class_list":{"0":"post-32626","1":"product","2":"type-product","3":"status-publish","4":"has-post-thumbnail","6":"product_cat-fuszer-es-gyogynovenyek","7":"product_cat-microgreens-vetomagok","9":"first","10":"instock","11":"taxable","12":"shipping-taxable","13":"purchasable","14":"product-type-simple"},"_links":{"self":[{"href":"https:\/\/chilimag.hu\/webshop\/wp-json\/wp\/v2\/product\/32626","targetHints":{"allow":["GET"]}}],"collection":[{"href":"https:\/\/chilimag.hu\/webshop\/wp-json\/wp\/v2\/product"}],"about":[{"href":"https:\/\/chilimag.hu\/webshop\/wp-json\/wp\/v2\/types\/product"}],"replies":[{"embeddable":true,"href":"https:\/\/chilimag.hu\/webshop\/wp-json\/wp\/v2\/comments?post=32626"}],"wp:featuredmedia":[{"embeddable":true,"href":"https:\/\/chilimag.hu\/webshop\/wp-json\/wp\/v2\/media\/32627"}],"wp:attachment":[{"href":"https:\/\/chilimag.hu\/webshop\/wp-json\/wp\/v2\/media?parent=32626"}],"wp:term":[{"taxonomy":"product_brand","embeddable":true,"href":"https:\/\/chilimag.hu\/webshop\/wp-json\/wp\/v2\/product_brand?post=32626"},{"taxonomy":"product_cat","embeddable":true,"href":"https:\/\/chilimag.hu\/webshop\/wp-json\/wp\/v2\/product_cat?post=32626"},{"taxonomy":"product_tag","embeddable":true,"href":"https:\/\/chilimag.hu\/webshop\/wp-json\/wp\/v2\/product_tag?post=32626"}],"curies":[{"name":"wp","href":"https:\/\/api.w.org\/{rel}","templated":true}]}}