{"id":32624,"date":"2024-07-06T18:19:40","date_gmt":"2024-07-06T18:19:40","guid":{"rendered":"https:\/\/chilimag.hu\/webshop\/?post_type=product&#038;p=32624"},"modified":"2026-01-24T19:30:46","modified_gmt":"2026-01-24T19:30:46","slug":"haranglab-koralle-z-s-sl","status":"publish","type":"product","link":"https:\/\/chilimag.hu\/webshop\/termek\/haranglab-koralle-z-s-sl\/","title":{"rendered":"Harangl\u00e1b KORALLE Z.S SL"},"content":{"rendered":"","protected":false},"excerpt":{"rendered":"<p><img decoding=\"async\" class=\"active-logo\" src=\"https:\/\/b2b.seklos.lt\/themes\/warehouse\/img\/logo_en.png\" alt=\"Agrofirma S\u0117klos, UAB\" width=\"280\" height=\"95\" \/><\/p>\n<p>\u00c9vel\u0151, az egyik legszebb \u00e9s legkedveltebb csokor vir\u00e1g. N\u00f6vekszik 80 cm magasra. A vir\u00e1gok legfeljebb 5 cm \u00e1tm\u00e9r\u0151j\u0171ek, k\u00e9tsz\u00edn\u0171ek, a sz\u00e1r el\u00e1gaz\u00f3. A magok 12-16 napon bel\u00fcl cs\u00edr\u00e1znak. A vet\u00e9s ut\u00e1ni m\u00e1sodik \u00e9vben vir\u00e1gzik. Nedves, term\u00e9keny talajban j\u00f3l fejl\u0151dik. M\u00e1s \u00e9vel\u0151 n\u00f6v\u00e9nyekkel \u00e1gy\u00e1sba \u00fcltetve vir\u00e1gokat szednek csokorba. Sok \u00e9vig n\u0151het ugyanazon a helyen, t\u00e9len nem ig\u00e9nyel fed\u00e9st.<\/p>\n<p>Hermetikus csomagol\u00e1s Igen<br \/>\nMennyis\u00e9g egy csomagban 0,2g<br \/>\nA magok sz\u00e1ma grammonk\u00e9nt ~750-800<br \/>\nVet\u00e9sid\u0151 a talajban V\u2013VII, X, 1 cm<br \/>\nT\u00e1vols\u00e1gok, VII\u2013VIII cm, 30\u201330 cm<br \/>\nVir\u00e1gz\u00e1si id\u0151szak V-VII<br \/>\nN\u00f6v\u00e9ny magass\u00e1ga 80 cm<br \/>\nTerm\u0151f\u00f6ld<br \/>\nM\u00e1rka \u017dalia stotel\u0117<br \/>\nNapos hely Igen<br \/>\nF\u00e9l\u00e1rny\u00e9k Igen<br \/>\n\u00c9vel\u0151 Igen<br \/>\nVir\u00e1g\u00e1gy\u00e1sok termeszt\u00e9s\u00e9re alkalmas<\/p>\n","protected":false},"featured_media":32625,"comment_status":"closed","ping_status":"closed","template":"","meta":[],"product_brand":[],"product_cat":[363],"product_tag":[],"class_list":{"0":"post-32624","1":"product","2":"type-product","3":"status-publish","4":"has-post-thumbnail","6":"product_cat-virag-vetomagok-zalia-stotele","8":"first","9":"instock","10":"taxable","11":"shipping-taxable","12":"purchasable","13":"product-type-simple"},"_links":{"self":[{"href":"https:\/\/chilimag.hu\/webshop\/wp-json\/wp\/v2\/product\/32624","targetHints":{"allow":["GET"]}}],"collection":[{"href":"https:\/\/chilimag.hu\/webshop\/wp-json\/wp\/v2\/product"}],"about":[{"href":"https:\/\/chilimag.hu\/webshop\/wp-json\/wp\/v2\/types\/product"}],"replies":[{"embeddable":true,"href":"https:\/\/chilimag.hu\/webshop\/wp-json\/wp\/v2\/comments?post=32624"}],"wp:featuredmedia":[{"embeddable":true,"href":"https:\/\/chilimag.hu\/webshop\/wp-json\/wp\/v2\/media\/32625"}],"wp:attachment":[{"href":"https:\/\/chilimag.hu\/webshop\/wp-json\/wp\/v2\/media?parent=32624"}],"wp:term":[{"taxonomy":"product_brand","embeddable":true,"href":"https:\/\/chilimag.hu\/webshop\/wp-json\/wp\/v2\/product_brand?post=32624"},{"taxonomy":"product_cat","embeddable":true,"href":"https:\/\/chilimag.hu\/webshop\/wp-json\/wp\/v2\/product_cat?post=32624"},{"taxonomy":"product_tag","embeddable":true,"href":"https:\/\/chilimag.hu\/webshop\/wp-json\/wp\/v2\/product_tag?post=32624"}],"curies":[{"name":"wp","href":"https:\/\/api.w.org\/{rel}","templated":true}]}}