{"id":32619,"date":"2024-07-06T08:07:02","date_gmt":"2024-07-06T08:07:02","guid":{"rendered":"https:\/\/chilimag.hu\/webshop\/?post_type=product&#038;p=32619"},"modified":"2026-01-31T20:01:36","modified_gmt":"2026-01-31T20:01:36","slug":"arvacska-spring-stars-eln-sl","status":"publish","type":"product","link":"https:\/\/chilimag.hu\/webshop\/termek\/arvacska-spring-stars-eln-sl\/","title":{"rendered":"\u00c1rv\u00e1cska Spring Stars ELN SL"},"content":{"rendered":"","protected":false},"excerpt":{"rendered":"<p><img decoding=\"async\" class=\"active-logo\" src=\"https:\/\/b2b.seklos.lt\/themes\/warehouse\/img\/logo_en.png\" alt=\"Agrofirma S\u0117klos, UAB\" width=\"280\" height=\"95\" \/><\/p>\n<p>Ezek a k\u00e9t\u00e9ves vir\u00e1gok alkalmasak vir\u00e1g\u00e1gy\u00e1sokba, erk\u00e9lyekre, cserepekbe \u00e9s s\u00edrokra \u00fcltet\u00e9sre. Az \u00e1rv\u00e1csk\u00e1kat elh\u00faz\u00f3d\u00f3 \u0151szi vir\u00e1gz\u00e1suk \u00e9s kora tavaszi vir\u00e1gz\u00e1suk miatt kedvelik. Kedvez\u0151 k\u00f6r\u00fclm\u00e9nyek k\u00f6z\u00f6tt november v\u00e9g\u00e9ig tov\u00e1bb vir\u00e1goznak. Cser\u00e9pben, ablakl\u00e1d\u00e1ban \u00e9s vir\u00e1g\u00e1gy\u00e1sban termeszthet\u0151. A megn\u00f6vekedett vir\u00e1gz\u00e1s el\u0151seg\u00edt\u00e9se \u00e9rdek\u00e9ben az elpuszt\u00edt\u00e1s javasolt. Az \u00e1rv\u00e1csk\u00e1k er\u0151s \u00e9s b\u0151s\u00e9ges gy\u00f6kerekkel rendelkeznek, \u00edgy k\u00f6nnyen \u00e1t\u00fcltethet\u0151k. Az \u00e1rv\u00e1cska a term\u00e9keny, nedves agyagos talajt \u00e9s a napos vagy f\u00e9l\u00e1rny\u00e9kos helyet kedveli. A veget\u00e1ci\u00f3s id\u0151szakban az \u00e1rv\u00e1csk\u00e1kat h\u00e1romszor kell megterm\u00e9keny\u00edteni komplex \u00e1sv\u00e1nyi m\u0171tr\u00e1gy\u00e1val, 20 g\/m\u00b2 aj\u00e1nlott mennyis\u00e9ggel. Az els\u0151 m\u0171tr\u00e1gy\u00e1z\u00e1st az \u00fcltet\u00e9s ut\u00e1n k\u00e9t h\u00e9ttel kell elv\u00e9gezni.<br \/>\n28 mag mennyis\u00e9ge elegend\u0151 egy 1-1,5 m\u00b2-es vir\u00e1g\u00e1gy\u00e1s bebor\u00edt\u00e1s\u00e1hoz vagy n\u00e9gy cser\u00e9p el\u00fcltet\u00e9s\u00e9hez.<\/p>\n<p>Hermetikus csomagol\u00e1s Igen<br \/>\nMennyis\u00e9g egy csomagban 0,1g<br \/>\nMagok sz\u00e1ma grammonk\u00e9nt ~800<br \/>\nVet\u00e9sid\u0151 a talajban VI-VIII<br \/>\nVet\u00e9sid\u0151 \u00fcvegh\u00e1zban II-III<br \/>\nT\u00e1vols\u00e1gok, cm 20&#215;20 cm<br \/>\nVir\u00e1gz\u00e1si id\u0151szak IX-X<br \/>\nTerm\u0151f\u00f6ld<br \/>\nLucia Elite m\u00e1rka<br \/>\nErk\u00e9lyek, vir\u00e1g\u00e1gy\u00e1sok termeszt\u00e9s\u00e9re alkalmas<\/p>\n","protected":false},"featured_media":32620,"comment_status":"closed","ping_status":"closed","template":"","meta":[],"product_brand":[],"product_cat":[369],"product_tag":[],"class_list":{"0":"post-32619","1":"product","2":"type-product","3":"status-publish","4":"has-post-thumbnail","6":"product_cat-virag-vetomagok-lucia-elite","8":"first","9":"instock","10":"taxable","11":"shipping-taxable","12":"purchasable","13":"product-type-simple"},"_links":{"self":[{"href":"https:\/\/chilimag.hu\/webshop\/wp-json\/wp\/v2\/product\/32619","targetHints":{"allow":["GET"]}}],"collection":[{"href":"https:\/\/chilimag.hu\/webshop\/wp-json\/wp\/v2\/product"}],"about":[{"href":"https:\/\/chilimag.hu\/webshop\/wp-json\/wp\/v2\/types\/product"}],"replies":[{"embeddable":true,"href":"https:\/\/chilimag.hu\/webshop\/wp-json\/wp\/v2\/comments?post=32619"}],"wp:featuredmedia":[{"embeddable":true,"href":"https:\/\/chilimag.hu\/webshop\/wp-json\/wp\/v2\/media\/32620"}],"wp:attachment":[{"href":"https:\/\/chilimag.hu\/webshop\/wp-json\/wp\/v2\/media?parent=32619"}],"wp:term":[{"taxonomy":"product_brand","embeddable":true,"href":"https:\/\/chilimag.hu\/webshop\/wp-json\/wp\/v2\/product_brand?post=32619"},{"taxonomy":"product_cat","embeddable":true,"href":"https:\/\/chilimag.hu\/webshop\/wp-json\/wp\/v2\/product_cat?post=32619"},{"taxonomy":"product_tag","embeddable":true,"href":"https:\/\/chilimag.hu\/webshop\/wp-json\/wp\/v2\/product_tag?post=32619"}],"curies":[{"name":"wp","href":"https:\/\/api.w.org\/{rel}","templated":true}]}}