{"id":32616,"date":"2024-07-06T07:55:35","date_gmt":"2024-07-06T07:55:35","guid":{"rendered":"https:\/\/chilimag.hu\/webshop\/?post_type=product&#038;p=32616"},"modified":"2026-03-25T06:05:27","modified_gmt":"2026-03-25T06:05:27","slug":"petunia-diamond-hibrid-purple-eln-sl","status":"publish","type":"product","link":"https:\/\/chilimag.hu\/webshop\/termek\/petunia-diamond-hibrid-purple-eln-sl\/","title":{"rendered":"Petunia DIAMOND Hibrid  PURPLE ELN SL"},"content":{"rendered":"","protected":false},"excerpt":{"rendered":"<p><img decoding=\"async\" class=\"active-logo\" src=\"https:\/\/b2b.seklos.lt\/themes\/warehouse\/img\/logo_en.png\" alt=\"Agrofirma S\u0117klos, UAB\" width=\"280\" height=\"95\" \/><\/p>\n<p>PETUNIA (SURFINIA) GY\u00c9M\u00c1NT H LILA<br \/>\nEgyny\u00e1ri, lefut\u00f3 \u00e9s gazdagon ny\u00edl\u00f3 vir\u00e1gok. Ezt a hibrid fajt\u00e1t kifejezetten f\u00fcgg\u0151kosarakban t\u00f6rt\u00e9n\u0151 termeszt\u00e9sre teny\u00e9sztett\u00e9k ki, \u00e9s nagy \u00e9s nagyon tetszet\u0151s vir\u00e1gai k\u00fcl\u00f6nb\u00f6ztethet\u0151k meg. A vir\u00e1gok \u00e1tm\u00e9r\u0151je 7,5-10 cm, a sz\u00e1r hossza 80-100 cm. A vir\u00e1g\u00e1gy\u00e1sokban egyetlen n\u00f6v\u00e9ny 1,2 m\u00b2 ter\u00fcletet is lefedhet, gy\u00f6ny\u00f6r\u0171 vir\u00e1gsz\u0151nyeget alkotva.<br \/>\nA magokat homog\u00e9n filc \u00e9s szerves m\u0171tr\u00e1gya kever\u00e9kkel vonj\u00e1k be (ami megk\u00f6nny\u00edti az elvet\u00e9s\u00fcket). Cs\u00edr\u00e1z\u00e1skor a magokat ne takarjuk be szubsztr\u00e1tummal, hanem enyh\u00e9n nyomjuk bele a talaj felsz\u00edn\u00e9be. Cs\u00edr\u00e1z\u00e1s k\u00f6zben tartsa nedvesen a talaj felsz\u00edn\u00e9t. A magok +22-24 \u00baC-os h\u0151m\u00e9rs\u00e9kleten tartva \u00e9s id\u0151nk\u00e9nt v\u00edzzel meglocsolva 14-16 napon bel\u00fcl kics\u00edr\u00e1znak. A magvak kihajt\u00e1sa ut\u00e1n emelj\u00fck ki az egyes n\u00f6v\u00e9nyeket, \u00e9s el\u0151sz\u00f6r egym\u00e1st\u00f3l 2 cm t\u00e1vols\u00e1gra, m\u00e1sodszor 5 cm t\u00e1vols\u00e1gra \u00fcltess\u00fck \u00fajra.<br \/>\n7 bevonatos mag 4 m\u00b2 vir\u00e1g\u00e1gy\u00e1st vagy 4-5 f\u00fcgg\u0151cserepet takar el.<\/p>\n<p>Hermetikus csomagol\u00e1s Igen<br \/>\nMagok sz\u00e1ma a csomagban, db. 7<br \/>\nVet\u00e9sid\u0151 \u00fcvegh\u00e1zban III-IV<br \/>\nT\u00e1vols\u00e1gok, cm 60&#215;60 cm<br \/>\nVir\u00e1gz\u00e1s VI-IX<br \/>\nTerm\u0151f\u00f6ld<br \/>\nLucia Elite m\u00e1rka<br \/>\nErk\u00e9lyek, vir\u00e1g\u00e1gy\u00e1sok termeszt\u00e9s\u00e9re alkalmas<\/p>\n","protected":false},"featured_media":32617,"comment_status":"closed","ping_status":"closed","template":"","meta":[],"product_brand":[],"product_cat":[369],"product_tag":[],"class_list":{"0":"post-32616","1":"product","2":"type-product","3":"status-publish","4":"has-post-thumbnail","6":"product_cat-virag-vetomagok-lucia-elite","8":"first","9":"instock","10":"taxable","11":"shipping-taxable","12":"purchasable","13":"product-type-simple"},"_links":{"self":[{"href":"https:\/\/chilimag.hu\/webshop\/wp-json\/wp\/v2\/product\/32616","targetHints":{"allow":["GET"]}}],"collection":[{"href":"https:\/\/chilimag.hu\/webshop\/wp-json\/wp\/v2\/product"}],"about":[{"href":"https:\/\/chilimag.hu\/webshop\/wp-json\/wp\/v2\/types\/product"}],"replies":[{"embeddable":true,"href":"https:\/\/chilimag.hu\/webshop\/wp-json\/wp\/v2\/comments?post=32616"}],"wp:featuredmedia":[{"embeddable":true,"href":"https:\/\/chilimag.hu\/webshop\/wp-json\/wp\/v2\/media\/32617"}],"wp:attachment":[{"href":"https:\/\/chilimag.hu\/webshop\/wp-json\/wp\/v2\/media?parent=32616"}],"wp:term":[{"taxonomy":"product_brand","embeddable":true,"href":"https:\/\/chilimag.hu\/webshop\/wp-json\/wp\/v2\/product_brand?post=32616"},{"taxonomy":"product_cat","embeddable":true,"href":"https:\/\/chilimag.hu\/webshop\/wp-json\/wp\/v2\/product_cat?post=32616"},{"taxonomy":"product_tag","embeddable":true,"href":"https:\/\/chilimag.hu\/webshop\/wp-json\/wp\/v2\/product_tag?post=32616"}],"curies":[{"name":"wp","href":"https:\/\/api.w.org\/{rel}","templated":true}]}}