{"id":32614,"date":"2024-07-06T05:16:19","date_gmt":"2024-07-06T05:16:19","guid":{"rendered":"https:\/\/chilimag.hu\/webshop\/?post_type=product&#038;p=32614"},"modified":"2025-08-31T10:18:29","modified_gmt":"2025-08-31T10:18:29","slug":"begonia-hula-red-z-s-sl","status":"publish","type":"product","link":"https:\/\/chilimag.hu\/webshop\/termek\/begonia-hula-red-z-s-sl\/","title":{"rendered":"Begonia Hula Red Z.S SL"},"content":{"rendered":"","protected":false},"excerpt":{"rendered":"<p><img decoding=\"async\" class=\"active-logo\" src=\"https:\/\/b2b.seklos.lt\/themes\/warehouse\/img\/logo_en.png\" alt=\"Agrofirma S\u0117klos, UAB\" width=\"280\" height=\"95\" \/><\/p>\n<p>Ezek 50\u201370 cm hossz\u00fa, egyny\u00e1ri f\u00fcgg\u0151 n\u00f6v\u00e9nyek, vil\u00e1gos vir\u00e1gokkal, amelyek kontrasztot alkotnak a s\u00f6t\u00e9t levelekkel. Leny\u0171g\u00f6z\u0151 vir\u00e1g, amely ide\u00e1lis cserepes termeszt\u00e9sre, \u00e9s a fagyokig b\u0151s\u00e9gesen vir\u00e1gzik. Sz\u00e1raz talajban j\u00f3l fejl\u0151dik, a napos helyeket kedveli. A magok +22-24\u00b0C h\u0151m\u00e9rs\u00e9kleten 18-22 nap alatt cs\u00edr\u00e1znak. A beg\u00f3nia vir\u00e1g\u00e1gy\u00e1sban vagy cser\u00e9pben termeszthet\u0151. Magjaikat pelletiz\u00e1lj\u00e1k, ami azt jelenti, hogy szerves \u00e9s \u00e1sv\u00e1nyi m\u0171tr\u00e1gy\u00e1k megk\u00f6t\u0151 kever\u00e9k\u00e9vel vonj\u00e1k be. Cs\u00edr\u00e1z\u00e1skor a talajfel\u00fcletnek mindig nedvesnek kell lennie, \u00e9s a magokat enyh\u00e9n bele kell pr\u00e9selni a talaj felsz\u00edn\u00e9be, nem pedig szubsztr\u00e1tummal bor\u00edtani.<\/p>\n<p>Hermetikus csomagol\u00e1s Igen<br \/>\nMagok sz\u00e1ma a csomagban, db. 10<br \/>\nVet\u00e9sid\u0151 \u00fcvegh\u00e1zban XII\u2013III, 0 cm<br \/>\nT\u00e1vols\u00e1gok, cm VI, 30 x 30 cm<br \/>\nVir\u00e1gz\u00e1s VI-IX<br \/>\nM\u00e1rka \u017dalia stotel\u0117<br \/>\nVir\u00e1g\u00e1gy\u00e1sok, erk\u00e9lyek termeszt\u00e9s\u00e9re alkalmas<\/p>\n","protected":false},"featured_media":32615,"comment_status":"closed","ping_status":"closed","template":"","meta":[],"product_brand":[],"product_cat":[363],"product_tag":[],"class_list":{"0":"post-32614","1":"product","2":"type-product","3":"status-publish","4":"has-post-thumbnail","6":"product_cat-virag-vetomagok-zalia-stotele","8":"first","9":"instock","10":"taxable","11":"shipping-taxable","12":"purchasable","13":"product-type-simple"},"_links":{"self":[{"href":"https:\/\/chilimag.hu\/webshop\/wp-json\/wp\/v2\/product\/32614","targetHints":{"allow":["GET"]}}],"collection":[{"href":"https:\/\/chilimag.hu\/webshop\/wp-json\/wp\/v2\/product"}],"about":[{"href":"https:\/\/chilimag.hu\/webshop\/wp-json\/wp\/v2\/types\/product"}],"replies":[{"embeddable":true,"href":"https:\/\/chilimag.hu\/webshop\/wp-json\/wp\/v2\/comments?post=32614"}],"wp:featuredmedia":[{"embeddable":true,"href":"https:\/\/chilimag.hu\/webshop\/wp-json\/wp\/v2\/media\/32615"}],"wp:attachment":[{"href":"https:\/\/chilimag.hu\/webshop\/wp-json\/wp\/v2\/media?parent=32614"}],"wp:term":[{"taxonomy":"product_brand","embeddable":true,"href":"https:\/\/chilimag.hu\/webshop\/wp-json\/wp\/v2\/product_brand?post=32614"},{"taxonomy":"product_cat","embeddable":true,"href":"https:\/\/chilimag.hu\/webshop\/wp-json\/wp\/v2\/product_cat?post=32614"},{"taxonomy":"product_tag","embeddable":true,"href":"https:\/\/chilimag.hu\/webshop\/wp-json\/wp\/v2\/product_tag?post=32614"}],"curies":[{"name":"wp","href":"https:\/\/api.w.org\/{rel}","templated":true}]}}