{"id":32608,"date":"2024-07-05T18:18:51","date_gmt":"2024-07-05T18:18:51","guid":{"rendered":"https:\/\/chilimag.hu\/webshop\/?post_type=product&#038;p=32608"},"modified":"2024-11-27T19:05:37","modified_gmt":"2024-11-27T19:05:37","slug":"univerzalis-komplex-tragya-10-kg-agr-sl","status":"publish","type":"product","link":"https:\/\/chilimag.hu\/webshop\/termek\/univerzalis-komplex-tragya-10-kg-agr-sl\/","title":{"rendered":"Univerz\u00e1lis komplex tr\u00e1gya 10 kg AGR SL"},"content":{"rendered":"","protected":false},"excerpt":{"rendered":"<p>UNIVERZ\u00c1LIS KOMPLEX M\u0170TR\u00c1GYA<br \/>\nGranul\u00e1lt kl\u00f3rmentes komplex m\u0171tr\u00e1gya kerti (\u00fcvegh\u00e1zi) talajhoz, vir\u00e1gokhoz, kerti \u00e9s d\u00edszn\u00f6v\u00e9nyekhez.<br \/>\nTr\u00e1gy\u00e1z\u00e1si javaslatok: helyben, vagy minden ir\u00e1nyban (gyep) sz\u00f3rva kell kijuttatni. Adjon m\u0171tr\u00e1gy\u00e1t a talajhoz. Bokrok \u00e9s f\u00e1k eset\u00e9ben az \u00e1gak sz\u00e9tter\u00fcl\u00e9se alatt (koronater\u00edt\u00e9s) alkalmazzuk. Tr\u00e1gy\u00e1z\u00e1si ar\u00e1ny: pal\u00e1nt\u00e1k, csemet\u00e9k \u2013 20 g\/m2 (\u00fcltet\u00e9s el\u0151tt 1-2 alkalommal) kerti (\u00fcvegh\u00e1zi) talaj 50-100 g\/m2 (1 alkalommal vegetat\u00edv szakasz elej\u00e9n) z\u00f6lds\u00e9g \u00e9s burgonya \u2013 40-80 g\/m2 (2-3 alkalommal a vegetat\u00edv szakaszban) vir\u00e1gok &#8211; 30 g\/m2 (3-4 alkalommal a vegetat\u00edv szakaszban) eper, bogy\u00f3s bokrok, d\u00edszn\u00f6v\u00e9nyek &#8211; 30-50 g\/m2 (3-4 alkalommal a vegetat\u00edv szakaszban) gy\u00fcm\u00f6lcsf\u00e1k \u2013 60\u2013100 g\/m2 (3\u20134 alkalommal a vegetat\u00edv szakaszban) p\u00e1zsit \u2013 20\u201340 g\/m2 (2\u20133 alkalommal a vegetat\u00edv szakaszban).<br \/>\nEK TR\u00c1GYA. M\u0171tr\u00e1gya t\u00edpusa: B.1.1. NPK \u00e1sv\u00e1nyi m\u0171tr\u00e1gya magn\u00e9ziummal, k\u00e9nnel \u00e9s nyomelemekkel (b\u00f3r, vas, mang\u00e1n, cink) NPK (Mg, S) 12-11-18 (+2,7+20)+(B, Fe, Mn, Zn).<br \/>\n\u00d6sszet\u00e9tel: nitrog\u00e9n (N) \u2013 12% (amm\u00f3ni\u00e1s nitrog\u00e9n N-NH4 \u2013 7%, nitr\u00e1t nitrog\u00e9n N-NO3 \u2013 5%) foszfor-pentoxid (P2O5) \u2013 11% (bele\u00e9rtve a v\u00edzben old\u00f3d\u00f3 \u2013 7,7%) v\u00edzoldhat\u00f3 k\u00e1lium-oxid (K2O) \u2013 18 % magn\u00e9zium-oxid (MgO) \u2013 2,7 % k\u00e9n-trioxid (SO3) \u2013 20 % b\u00f3r (B) \u2013 0,015 % vas (Fe) \u2013 0,2 % mang\u00e1n (Mn) \u2013 0,02 % cink (Zn) \u2013 0,02%.<br \/>\nFizikai v\u00e1ltoz\u00e1sok eset\u00e9n a m\u0171tr\u00e1gya t\u00e1panyag tulajdons\u00e1gai nem v\u00e1ltoznak. Ha a m\u0171tr\u00e1gy\u00e1t sz\u00e1raz helyen, k\u00f6zvetlen napf\u00e9nyt\u0151l v\u00e9dett helyen t\u00e1rolj\u00e1k, az eltarthat\u00f3s\u00e1gi id\u0151 korl\u00e1tlan. \u00d3vint\u00e9zked\u00e9sre vonatkoz\u00f3 mondatok: Gyermekek el\u0151l elz\u00e1rva tartand\u00f3 (P102). Ruh\u00e1zatt\u00f3l, vegyszerekt\u0151l \u00e9s \u00e9ghet\u0151 anyagokt\u00f3l t\u00e1vol tartand\u00f3\/t\u00e1rolhat\u00f3 (P220). Nedvess\u00e9gt\u0151l \u00e9s napf\u00e9nyt\u0151l v\u00e9dve (P232+P410). A szappannal val\u00f3 kezel\u00e9s ut\u00e1n alaposan mosson kezet (P264). Viseljen v\u00e9d\u0151keszty\u0171t\/v\u00e9d\u0151ruh\u00e1zatot\/szemv\u00e9d\u0151t\/arcv\u00e9d\u0151t. (P280). SZEMBE KER\u00dcL\u00c9S ESET\u00c9N: \u00d3vatosan \u00f6bl\u00edtse le v\u00edzzel n\u00e9h\u00e1ny percig, t\u00e1vol\u00edtsa el a kontaktlencs\u00e9ket, ha van \u00e9s k\u00f6nnyen elv\u00e9gezhet\u0151, folytassa az \u00f6bl\u00edt\u00e9st, ha a szemirrit\u00e1ci\u00f3 tov\u00e1bbra is fenn\u00e1ll: k\u00e9rjen orvosi tan\u00e1csot\/figyelmet (P305+P351+P338+P337+P313). HA B\u0150RRE KER\u00dcL: mossa le b\u0151 szappannal \u00e9s v\u00edzzel, ha b\u0151rirrit\u00e1ci\u00f3 l\u00e9p fel: forduljon orvoshoz (P302+P352+P332+P313). LENYEL\u00c9S ESET\u00c9N: rosszull\u00e9t eset\u00e9n forduljon TOXIKOL\u00d3GIAI K\u00d6ZPONTHOZ vagy orvoshoz, \u00f6bl\u00edtse ki a sz\u00e1jat, NE v\u00e9gezzen h\u00e1nytat\u00e1st (P301+P312+P330+P331). +5 \u00e9s +25\u00b0C k\u00f6z\u00f6tti h\u0151m\u00e9rs\u00e9kleten t\u00e1roland\u00f3. \u00c9lelmiszert\u0151l, italt\u00f3l \u00e9s takarm\u00e1nyt\u00f3l t\u00e1vol t\u00e1roland\u00f3 (P401). A tartalom\/ed\u00e9ny \u00e1rtalmatlan\u00edt\u00e1sa a helyi el\u0151\u00edr\u00e1soknak megfelel\u0151en (P501).<br \/>\nAGRONOM m\u00e1rka<br \/>\nM\u0171tr\u00e1gya t\u00edpusa Laza<br \/>\nM\u0171tr\u00e1gya szezonalit\u00e1s Tavaszi tr\u00e1gy\u00e1z\u00e1s, Ny\u00e1ri tr\u00e1gy\u00e1z\u00e1s<br \/>\nKiszerel\u00e9s 10 kg<\/p>\n","protected":false},"featured_media":32609,"comment_status":"closed","ping_status":"closed","template":"","meta":[],"product_brand":[],"product_cat":[388],"product_tag":[],"class_list":{"0":"post-32608","1":"product","2":"type-product","3":"status-publish","4":"has-post-thumbnail","6":"product_cat-agronom-tapoldatok-es-noveny-apolok","8":"first","9":"instock","10":"taxable","11":"shipping-taxable","12":"purchasable","13":"product-type-simple"},"_links":{"self":[{"href":"https:\/\/chilimag.hu\/webshop\/wp-json\/wp\/v2\/product\/32608","targetHints":{"allow":["GET"]}}],"collection":[{"href":"https:\/\/chilimag.hu\/webshop\/wp-json\/wp\/v2\/product"}],"about":[{"href":"https:\/\/chilimag.hu\/webshop\/wp-json\/wp\/v2\/types\/product"}],"replies":[{"embeddable":true,"href":"https:\/\/chilimag.hu\/webshop\/wp-json\/wp\/v2\/comments?post=32608"}],"wp:featuredmedia":[{"embeddable":true,"href":"https:\/\/chilimag.hu\/webshop\/wp-json\/wp\/v2\/media\/32609"}],"wp:attachment":[{"href":"https:\/\/chilimag.hu\/webshop\/wp-json\/wp\/v2\/media?parent=32608"}],"wp:term":[{"taxonomy":"product_brand","embeddable":true,"href":"https:\/\/chilimag.hu\/webshop\/wp-json\/wp\/v2\/product_brand?post=32608"},{"taxonomy":"product_cat","embeddable":true,"href":"https:\/\/chilimag.hu\/webshop\/wp-json\/wp\/v2\/product_cat?post=32608"},{"taxonomy":"product_tag","embeddable":true,"href":"https:\/\/chilimag.hu\/webshop\/wp-json\/wp\/v2\/product_tag?post=32608"}],"curies":[{"name":"wp","href":"https:\/\/api.w.org\/{rel}","templated":true}]}}