{"id":32573,"date":"2024-07-05T07:57:38","date_gmt":"2024-07-05T07:57:38","guid":{"rendered":"https:\/\/chilimag.hu\/webshop\/?post_type=product&#038;p=32573"},"modified":"2026-05-02T17:32:11","modified_gmt":"2026-05-02T17:32:11","slug":"vervoros-rozsalepel-z-s-sl","status":"publish","type":"product","link":"https:\/\/chilimag.hu\/webshop\/termek\/vervoros-rozsalepel-z-s-sl\/","title":{"rendered":"V\u00e9rv\u00f6r\u00f6s r\u00f3zsalepel-purple Bell Vine Z.S SL"},"content":{"rendered":"","protected":false},"excerpt":{"rendered":"<p><img decoding=\"async\" class=\"\" src=\"https:\/\/b2b.seklos.lt\/img\/m\/75-medium_default.jpg\" alt=\"\" width=\"152\" height=\"152\" \/><\/p>\n<h3>Term\u00e9kle\u00edr\u00e1s<\/h3>\n<p>Lila harangsz\u0151l\u0151<br \/>\nEgyny\u00e1ri sz\u0151l\u0151vir\u00e1gk\u00e9nt termesztik. A gyorsan n\u00f6vekv\u0151 vir\u00e1gokat f\u00fcgg\u0151leges \u00fcltetv\u00e9nyekhez haszn\u00e1lj\u00e1k. Ny\u00e1r k\u00f6zep\u00e9t\u0151l a fagyokig vir\u00e1gzik dekorat\u00edv cs\u0151szer\u0171en, kellemesen illatos vir\u00e1gokkal. Napos, sz\u00e9lt\u0151l v\u00e9dett helyen, d\u00fas, k\u00f6nny\u0171, term\u00e9keny talajban j\u00f3l fejl\u0151dik. Tov\u00e1bbi tr\u00e1gy\u00e1z\u00e1st ig\u00e9nyel. A magvak 14-18 nap alatt cs\u00edr\u00e1znak, +15-20 \u00b0C h\u0151m\u00e9rs\u00e9kleten. A n\u00f6v\u00e9nyeket temper\u00e1lni kell, miel\u0151tt a szabadba viszik \u0151ket.<\/p>\n<p>Hermetikus csomagol\u00e1s Igen<br \/>\nMagok sz\u00e1ma a csomagban, db. 10<br \/>\nT\u00e1vols\u00e1gok, cm 30 x 40 cm<br \/>\n\u00dcltet\u00e9si t\u00e1vols\u00e1gok 30 x 40 cm<br \/>\nVir\u00e1gz\u00e1si id\u0151szak III-IV<br \/>\nN\u00f6v\u00e9nymagass\u00e1g, cm 200 cm<br \/>\nTermeszt\u00e9si hely Erk\u00e9ly<br \/>\nM\u00e1rka \u017dalia stotel\u0117<br \/>\nTranszplant\u00e1ci\u00f3 V-VI<br \/>\nNapos hely Igen<br \/>\nF\u00e9l\u00e1rny\u00e9k Igen<br \/>\n\u00c9vel\u0151 Igen<br \/>\nSz\u00edn Rausva<br \/>\nVeget\u00e1ci\u00f3 Egyny\u00e1ri<br \/>\nErk\u00e9lyek, vir\u00e1g\u00e1gy\u00e1sok termeszt\u00e9s\u00e9re alkalmas<br \/>\n\u00c9ghajlat R\u00e9szleges \u00e1rny\u00e9k, napos<\/p>\n","protected":false},"featured_media":32574,"comment_status":"closed","ping_status":"closed","template":"","meta":[],"product_brand":[],"product_cat":[363],"product_tag":[],"class_list":{"0":"post-32573","1":"product","2":"type-product","3":"status-publish","4":"has-post-thumbnail","6":"product_cat-virag-vetomagok-zalia-stotele","8":"first","9":"instock","10":"taxable","11":"shipping-taxable","12":"purchasable","13":"product-type-simple"},"_links":{"self":[{"href":"https:\/\/chilimag.hu\/webshop\/wp-json\/wp\/v2\/product\/32573","targetHints":{"allow":["GET"]}}],"collection":[{"href":"https:\/\/chilimag.hu\/webshop\/wp-json\/wp\/v2\/product"}],"about":[{"href":"https:\/\/chilimag.hu\/webshop\/wp-json\/wp\/v2\/types\/product"}],"replies":[{"embeddable":true,"href":"https:\/\/chilimag.hu\/webshop\/wp-json\/wp\/v2\/comments?post=32573"}],"wp:featuredmedia":[{"embeddable":true,"href":"https:\/\/chilimag.hu\/webshop\/wp-json\/wp\/v2\/media\/32574"}],"wp:attachment":[{"href":"https:\/\/chilimag.hu\/webshop\/wp-json\/wp\/v2\/media?parent=32573"}],"wp:term":[{"taxonomy":"product_brand","embeddable":true,"href":"https:\/\/chilimag.hu\/webshop\/wp-json\/wp\/v2\/product_brand?post=32573"},{"taxonomy":"product_cat","embeddable":true,"href":"https:\/\/chilimag.hu\/webshop\/wp-json\/wp\/v2\/product_cat?post=32573"},{"taxonomy":"product_tag","embeddable":true,"href":"https:\/\/chilimag.hu\/webshop\/wp-json\/wp\/v2\/product_tag?post=32573"}],"curies":[{"name":"wp","href":"https:\/\/api.w.org\/{rel}","templated":true}]}}