{"id":32570,"date":"2024-07-05T07:41:48","date_gmt":"2024-07-05T07:41:48","guid":{"rendered":"https:\/\/chilimag.hu\/webshop\/?post_type=product&#038;p=32570"},"modified":"2026-02-20T11:18:13","modified_gmt":"2026-02-20T11:18:13","slug":"kereklevelu-szalmagyopar-z-s-sl","status":"publish","type":"product","link":"https:\/\/chilimag.hu\/webshop\/termek\/kereklevelu-szalmagyopar-z-s-sl\/","title":{"rendered":"Kereklevel\u0171 szalmagyop\u00e1r Silver Mist Z.S SL"},"content":{"rendered":"","protected":false},"excerpt":{"rendered":"<p><img decoding=\"async\" class=\"active-logo\" src=\"https:\/\/b2b.seklos.lt\/themes\/warehouse\/img\/logo_en.png\" alt=\"Agrofirma S\u0117klos, UAB\" width=\"280\" height=\"95\" \/><\/p>\n<p>\u00c9vel\u0151, egyny\u00e1ri n\u00f6v\u00e9nyk\u00e9nt termesztik. D\u00edszsz\u00fcrke, ez\u00fcst\u00f6s-z\u00f6ld levelek. Vir\u00e1goskertekben termesztik, sz\u0151nyegn\u00f6v\u00e9nyk\u00e9nt. N\u00e9lk\u00fcl\u00f6zhetetlen vir\u00e1gcserepekhez, f\u00fcgg\u0151 cserepekhez, erk\u00e9lyes vir\u00e1gtart\u00f3khoz. Legjobban a napon, sz\u00e1raz talajon fejl\u0151dik. F\u00e9nyes vir\u00e1gokkal kombin\u00e1lva &#8211; pet\u00fania, beg\u00f3nia, musk\u00e1tli \u00e9s m\u00e1sok. A vir\u00e1g\u00e1gy\u00e1s ter\u00fclet\u00e9nek 1 m\u00b2-\u00e9t 2-3 n\u00f6v\u00e9ny bor\u00edtja. R\u00f6vid fagyokat toler\u00e1l.<\/p>\n<p>Hermetikus csomagol\u00e1s Igen<br \/>\nMagok sz\u00e1ma a csomagban, db. 6<br \/>\nMagok sz\u00e1ma a csomagban, db. 6<br \/>\nT\u00e1vols\u00e1gok, cm 30 x 30 cm<br \/>\n\u00dcltet\u00e9si t\u00e1vols\u00e1gok 30 x 30 cm<br \/>\nVir\u00e1gz\u00e1si id\u0151szak VII-X<br \/>\nM\u00e1rka \u017dalia stotel\u0117<br \/>\nTranszplant\u00e1ci\u00f3 VI<br \/>\n\u00c9vel\u0151 Igen<br \/>\nSz\u00edn Sz\u00fcrke<br \/>\nVeget\u00e1ci\u00f3 Egyny\u00e1ri<br \/>\nVir\u00e1g\u00e1gy\u00e1sok termeszt\u00e9s\u00e9re alkalmas<br \/>\n\u00c9ghajlat R\u00e9szleges \u00e1rny\u00e9k, napos<\/p>\n","protected":false},"featured_media":32571,"comment_status":"closed","ping_status":"closed","template":"","meta":[],"product_brand":[],"product_cat":[363],"product_tag":[],"class_list":{"0":"post-32570","1":"product","2":"type-product","3":"status-publish","4":"has-post-thumbnail","6":"product_cat-virag-vetomagok-zalia-stotele","8":"first","9":"instock","10":"taxable","11":"shipping-taxable","12":"purchasable","13":"product-type-simple"},"_links":{"self":[{"href":"https:\/\/chilimag.hu\/webshop\/wp-json\/wp\/v2\/product\/32570","targetHints":{"allow":["GET"]}}],"collection":[{"href":"https:\/\/chilimag.hu\/webshop\/wp-json\/wp\/v2\/product"}],"about":[{"href":"https:\/\/chilimag.hu\/webshop\/wp-json\/wp\/v2\/types\/product"}],"replies":[{"embeddable":true,"href":"https:\/\/chilimag.hu\/webshop\/wp-json\/wp\/v2\/comments?post=32570"}],"wp:featuredmedia":[{"embeddable":true,"href":"https:\/\/chilimag.hu\/webshop\/wp-json\/wp\/v2\/media\/32571"}],"wp:attachment":[{"href":"https:\/\/chilimag.hu\/webshop\/wp-json\/wp\/v2\/media?parent=32570"}],"wp:term":[{"taxonomy":"product_brand","embeddable":true,"href":"https:\/\/chilimag.hu\/webshop\/wp-json\/wp\/v2\/product_brand?post=32570"},{"taxonomy":"product_cat","embeddable":true,"href":"https:\/\/chilimag.hu\/webshop\/wp-json\/wp\/v2\/product_cat?post=32570"},{"taxonomy":"product_tag","embeddable":true,"href":"https:\/\/chilimag.hu\/webshop\/wp-json\/wp\/v2\/product_tag?post=32570"}],"curies":[{"name":"wp","href":"https:\/\/api.w.org\/{rel}","templated":true}]}}